{"id":5356,"date":"2024-10-17T09:56:09","date_gmt":"2024-10-17T07:56:09","guid":{"rendered":"https:\/\/staffglobalgroup.com\/canal-de-denuncias\/"},"modified":"2024-12-17T11:32:52","modified_gmt":"2024-12-17T10:32:52","slug":"canal-de-denuncias","status":"publish","type":"page","link":"https:\/\/staffglobalgroup.com\/pt-pt\/canal-de-denuncias\/","title":{"rendered":"Canal de den\u00fancias"},"content":{"rendered":"<p>Em cumprimento da Lei 2\/2023, de 20 de fevereiro, que estabelece a prote\u00e7\u00e3o de quem denuncia infra\u00e7\u00f5es regulamentares ou atos de corrup\u00e7\u00e3o, no Staff Global Group disponibilizamos o nosso Canal de Den\u00fancias. Esta plataforma garante a confidencialidade e permite que colaboradores, fornecedores e parceiros de neg\u00f3cios denunciem qualquer atividade contr\u00e1ria \u00e0 legisla\u00e7\u00e3o vigente ou aos princ\u00edpios estabelecidos no nosso C\u00f3digo de \u00c9tica.<\/p>\n<p>Atrav\u00e9s deste canal, tamb\u00e9m \u00e9 poss\u00edvel denunciar poss\u00edveis situa\u00e7\u00f5es de ass\u00e9dio laboral ou sexual, ou esclarecer d\u00favidas relativas \u00e0s nossas pol\u00edticas internas. A nossa empresa rege-se por um forte compromisso com a \u00e9tica, transpar\u00eancia e conformidade regulamentar, o que refor\u00e7a a nossa cultura de integridade. O Canal de Den\u00fancias est\u00e1 aberto n\u00e3o s\u00f3 a colaboradores internos, mas tamb\u00e9m a terceiros com quem mantemos rela\u00e7\u00f5es comerciais, e destina-se a facilitar a comunica\u00e7\u00e3o de qualquer conduta irregular, garantindo sempre a confidencialidade e permitindo o anonimato sempre que necess\u00e1rio.<\/p>\n<p>A gest\u00e3o deste canal \u00e9 realizada atrav\u00e9s da plataforma Sesame, propriedade da Sesame Labs S.L., que assegura a prote\u00e7\u00e3o e o tratamento adequado da informa\u00e7\u00e3o, garantindo um processo seguro e fi\u00e1vel.<\/p>\n<p><strong>\u00c1REAS DE APLICA\u00c7\u00c3O DO CANAL DE DEN\u00daNCIAS<\/strong><\/p>\n<p><strong>\u00a0O Staff Global Group <\/strong>Whistleblowing Channel <strong>est\u00e1 dispon\u00edvel para reportar:<\/strong><\/p>\n<ul>\n<li>Rela\u00e7\u00f5es com terceiros (conflitos de interesse, presentes, fraude, corrup\u00e7\u00e3o, suborno ou informa\u00e7\u00f5es confidenciais).<\/li>\n<li>Fraude interna.<\/li>\n<li>Sa\u00fade e seguran\u00e7a no trabalho.<\/li>\n<li>Controlo de qualidade.<\/li>\n<li>Pr\u00e1ticas anticoncorrenciais.<\/li>\n<li>Propriedade intelectual ou industrial.<\/li>\n<li>Prote\u00e7\u00e3o de dados pessoais.<\/li>\n<li>Sustentabilidade e meio ambiente.<\/li>\n<li>Assuntos financeiros, contabil\u00edsticos ou fiscais.<\/li>\n<li>Retalia\u00e7\u00e3o de qualquer tipo, incluindo amea\u00e7as ou tentativas de retalia\u00e7\u00e3o<\/li>\n<li>Podem tamb\u00e9m ser denunciados casos de ass\u00e9dio no local de trabalho, ass\u00e9dio sexual e discrimina\u00e7\u00e3o com base no g\u00e9nero.<\/li>\n<\/ul>\n<p><strong>Este canal n\u00e3o deve ser utilizado para:<\/strong><\/p>\n<ul>\n<li>Reclama\u00e7\u00f5es trabalhistas (pagamento de sal\u00e1rios, avalia\u00e7\u00f5es de desempenho, cronogramas, quest\u00f5es relacionadas a projetos ou desenvolvimentos, etc.).<\/li>\n<li>Disputas pessoais entre o reclamante e outra pessoa (a menos que relacionadas a assuntos regidos por esta Pol\u00edtica).<\/li>\n<li>Queixas relacionadas com rumores ou infundadas.<\/li>\n<li>Emerg\u00eancias que exigem uma a\u00e7\u00e3o imediata.<\/li>\n<\/ul>\n<p>Tenha em aten\u00e7\u00e3o que este canal n\u00e3o foi concebido para o tratamento de reclama\u00e7\u00f5es laborais gerais ou lit\u00edgios pessoais n\u00e3o relacionados com os regulamentos aplic\u00e1veis.<\/p>\n<p><strong>CONFIDENCIALIDADE E PROTE\u00c7\u00c3O DOS DENUNCIANTES<\/strong><\/p>\n<p>O Staff Global Group garante a total confidencialidade do denunciante, que pode optar por permanecer an\u00f4nimo, a menos que a den\u00fancia exija um processo judicial. Estamos empenhados em n\u00e3o investigar proativamente a identidade dos denunciantes, embora sugiramos que se identifique para facilitar a resolu\u00e7\u00e3o.<\/p>\n<p><strong>PROCEDIMENTO DE RECLAMA\u00c7\u00c3O<\/strong><\/p>\n<p>Para registar uma reclama\u00e7\u00e3o, acesse o canal atrav\u00e9s do seguinte link:<\/p>\n<p><a href=\"https:\/\/app.sesametime.com\/complaint\/staffglobalgroup?sesameRegion=EU1\">Apresentar uma queixa<\/a><\/p>\n<p>Voc\u00ea tamb\u00e9m pode encontrar o acesso no rodap\u00e9 do nosso site. O processo de den\u00fancia segue prazos claros:<\/p>\n<ul>\n<li>Confirma\u00e7\u00e3o da reclama\u00e7\u00e3o: 7 dias<\/li>\n<li>Investiga\u00e7\u00e3o e resolu\u00e7\u00e3o: at\u00e9 3 meses, com possibilidade de prorroga\u00e7\u00e3o em casos excecionais.<\/li>\n<\/ul>\n<p>Este canal \u00e9 uma ferramenta fundamental para garantir a transpar\u00eancia e conformidade regulat\u00f3ria dentro da nossa empresa.<\/p>\n<p><strong>ADVERT\u00caNCIA JUR\u00cdDICA<\/strong><\/p>\n<p>As informa\u00e7\u00f5es comunicadas atrav\u00e9s do Canal de Den\u00fancias s\u00e3o confidenciais, e ser\u00e3o tratadas com a finalidade exclusiva de apurar os fatos denunciados, sendo estritamente proibida qualquer utiliza\u00e7\u00e3o, divulga\u00e7\u00e3o, distribui\u00e7\u00e3o e\/ou reprodu\u00e7\u00e3o desta comunica\u00e7\u00e3o, no todo ou em parte, para outros fins.<\/p>\n<p>Por for\u00e7a do disposto no Regulamento 2016\/679 de 27 de abril (RGPD) e LOPD 3\/2018, informamos que os seus dados pessoais s\u00e3o tratados pela StaffPremium, S.L., para atender a solicita\u00e7\u00f5es, incidentes ou comunica\u00e7\u00f5es relacionadas com o Canal de Reclama\u00e7\u00f5es, respeitando as obriga\u00e7\u00f5es e considera\u00e7\u00f5es impostas pela LOPD e RPD, para o tratamento de dados pessoais.\u00a0 e prestando especial aten\u00e7\u00e3o \u00e0 Lei 2\/2023 relativa \u00e0 prote\u00e7\u00e3o dos denunciantes e \u00e0 Diretiva Den\u00fancia de Irregularidades no que respeita \u00e0 identidade dos denunciantes.<\/p>\n<p>Informamos que pode exercer os seus direitos na Calle Llu\u00e7\u00e0 28, Entresuelo, 08028 Barcelona ou enviando um e-mail para rgpd@staffglobalgroup.com, anexando o seu documento de identifica\u00e7\u00e3o. Se considerar que o tratamento n\u00e3o est\u00e1 em conformidade com os regulamentos em vigor, pode apresentar uma reclama\u00e7\u00e3o junto da autoridade de supervis\u00e3o em www.agpd.es.<\/p>\n<p>Da mesma forma, \u00e9 informado de que pode retirar o seu consentimento a qualquer momento que considere adequado e que os seus dados n\u00e3o s\u00e3o transmitidos para fora da Uni\u00e3o Europeia.<\/p>\n","protected":false},"excerpt":{"rendered":"<p>Em cumprimento da Lei 2\/2023, de 20 de fevereiro, que estabelece a prote\u00e7\u00e3o de quem denuncia infra\u00e7\u00f5es regulamentares ou atos de corrup\u00e7\u00e3o, no Staff Global Group disponibilizamos o nosso Canal de Den\u00fancias. Esta plataforma garante a confidencialidade e permite que colaboradores, fornecedores e parceiros de neg\u00f3cios denunciem qualquer atividade contr\u00e1ria [&hellip;]<\/p>\n","protected":false},"author":1,"featured_media":0,"parent":0,"menu_order":0,"comment_status":"closed","ping_status":"closed","template":"page-legal.php","meta":{"_acf_changed":false,"footnotes":""},"nivel-de-servicio":[],"class_list":["post-5356","page","type-page","status-publish","hentry"],"acf":[],"yoast_head":"<!-- This site is optimized with the Yoast SEO plugin v27.4 - https:\/\/yoast.com\/product\/yoast-seo-wordpress\/ -->\n<title>Canal de den\u00fancias | Staff Global Group<\/title>\n<meta name=\"robots\" content=\"noindex, nofollow\" \/>\n<meta property=\"og:locale\" content=\"pt_PT\" \/>\n<meta property=\"og:type\" content=\"article\" \/>\n<meta property=\"og:title\" content=\"Canal de den\u00fancias | Staff Global Group\" \/>\n<meta property=\"og:description\" content=\"Em cumprimento da Lei 2\/2023, de 20 de fevereiro, que estabelece a prote\u00e7\u00e3o de quem denuncia infra\u00e7\u00f5es regulamentares ou atos de corrup\u00e7\u00e3o, no Staff Global Group disponibilizamos o nosso Canal de Den\u00fancias. Esta plataforma garante a confidencialidade e permite que colaboradores, fornecedores e parceiros de neg\u00f3cios denunciem qualquer atividade contr\u00e1ria [&hellip;]\" \/>\n<meta property=\"og:url\" content=\"https:\/\/staffglobalgroup.com\/pt-pt\/canal-de-denuncias\/\" \/>\n<meta property=\"og:site_name\" content=\"Staff Global Group\" \/>\n<meta property=\"article:publisher\" content=\"https:\/\/www.facebook.com\/StaffGlobalGroup\/\" \/>\n<meta property=\"article:modified_time\" content=\"2024-12-17T10:32:52+00:00\" \/>\n<meta name=\"twitter:card\" content=\"summary_large_image\" \/>\n<meta name=\"twitter:label1\" content=\"Tempo estimado de leitura\" \/>\n\t<meta name=\"twitter:data1\" content=\"4 minutos\" \/>\n<script type=\"application\/ld+json\" class=\"yoast-schema-graph\">{\"@context\":\"https:\\\/\\\/schema.org\",\"@graph\":[{\"@type\":\"WebPage\",\"@id\":\"https:\\\/\\\/staffglobalgroup.com\\\/pt-pt\\\/canal-de-denuncias\\\/\",\"url\":\"https:\\\/\\\/staffglobalgroup.com\\\/pt-pt\\\/canal-de-denuncias\\\/\",\"name\":\"Canal de den\u00fancias | Staff Global Group\",\"isPartOf\":{\"@id\":\"https:\\\/\\\/staffglobalgroup.com\\\/pt-pt\\\/#website\"},\"datePublished\":\"2024-10-17T07:56:09+00:00\",\"dateModified\":\"2024-12-17T10:32:52+00:00\",\"breadcrumb\":{\"@id\":\"https:\\\/\\\/staffglobalgroup.com\\\/pt-pt\\\/canal-de-denuncias\\\/#breadcrumb\"},\"inLanguage\":\"pt-PT\",\"potentialAction\":[{\"@type\":\"ReadAction\",\"target\":[\"https:\\\/\\\/staffglobalgroup.com\\\/pt-pt\\\/canal-de-denuncias\\\/\"]}]},{\"@type\":\"BreadcrumbList\",\"@id\":\"https:\\\/\\\/staffglobalgroup.com\\\/pt-pt\\\/canal-de-denuncias\\\/#breadcrumb\",\"itemListElement\":[{\"@type\":\"ListItem\",\"position\":1,\"name\":\"Home\",\"item\":\"https:\\\/\\\/staffglobalgroup.com\\\/pt-pt\\\/\"},{\"@type\":\"ListItem\",\"position\":2,\"name\":\"Canal de den\u00fancias\"}]},{\"@type\":\"WebSite\",\"@id\":\"https:\\\/\\\/staffglobalgroup.com\\\/pt-pt\\\/#website\",\"url\":\"https:\\\/\\\/staffglobalgroup.com\\\/pt-pt\\\/\",\"name\":\"Staff Global Group\",\"description\":\"Integral Outsourcing Services\",\"potentialAction\":[{\"@type\":\"SearchAction\",\"target\":{\"@type\":\"EntryPoint\",\"urlTemplate\":\"https:\\\/\\\/staffglobalgroup.com\\\/pt-pt\\\/?s={search_term_string}\"},\"query-input\":{\"@type\":\"PropertyValueSpecification\",\"valueRequired\":true,\"valueName\":\"search_term_string\"}}],\"inLanguage\":\"pt-PT\"}]}<\/script>\n<!-- \/ Yoast SEO plugin. -->","yoast_head_json":{"title":"Canal de den\u00fancias | Staff Global Group","robots":{"index":"noindex","follow":"nofollow"},"og_locale":"pt_PT","og_type":"article","og_title":"Canal de den\u00fancias | Staff Global Group","og_description":"Em cumprimento da Lei 2\/2023, de 20 de fevereiro, que estabelece a prote\u00e7\u00e3o de quem denuncia infra\u00e7\u00f5es regulamentares ou atos de corrup\u00e7\u00e3o, no Staff Global Group disponibilizamos o nosso Canal de Den\u00fancias. Esta plataforma garante a confidencialidade e permite que colaboradores, fornecedores e parceiros de neg\u00f3cios denunciem qualquer atividade contr\u00e1ria [&hellip;]","og_url":"https:\/\/staffglobalgroup.com\/pt-pt\/canal-de-denuncias\/","og_site_name":"Staff Global Group","article_publisher":"https:\/\/www.facebook.com\/StaffGlobalGroup\/","article_modified_time":"2024-12-17T10:32:52+00:00","twitter_card":"summary_large_image","twitter_misc":{"Tempo estimado de leitura":"4 minutos"},"schema":{"@context":"https:\/\/schema.org","@graph":[{"@type":"WebPage","@id":"https:\/\/staffglobalgroup.com\/pt-pt\/canal-de-denuncias\/","url":"https:\/\/staffglobalgroup.com\/pt-pt\/canal-de-denuncias\/","name":"Canal de den\u00fancias | Staff Global Group","isPartOf":{"@id":"https:\/\/staffglobalgroup.com\/pt-pt\/#website"},"datePublished":"2024-10-17T07:56:09+00:00","dateModified":"2024-12-17T10:32:52+00:00","breadcrumb":{"@id":"https:\/\/staffglobalgroup.com\/pt-pt\/canal-de-denuncias\/#breadcrumb"},"inLanguage":"pt-PT","potentialAction":[{"@type":"ReadAction","target":["https:\/\/staffglobalgroup.com\/pt-pt\/canal-de-denuncias\/"]}]},{"@type":"BreadcrumbList","@id":"https:\/\/staffglobalgroup.com\/pt-pt\/canal-de-denuncias\/#breadcrumb","itemListElement":[{"@type":"ListItem","position":1,"name":"Home","item":"https:\/\/staffglobalgroup.com\/pt-pt\/"},{"@type":"ListItem","position":2,"name":"Canal de den\u00fancias"}]},{"@type":"WebSite","@id":"https:\/\/staffglobalgroup.com\/pt-pt\/#website","url":"https:\/\/staffglobalgroup.com\/pt-pt\/","name":"Staff Global Group","description":"Integral Outsourcing Services","potentialAction":[{"@type":"SearchAction","target":{"@type":"EntryPoint","urlTemplate":"https:\/\/staffglobalgroup.com\/pt-pt\/?s={search_term_string}"},"query-input":{"@type":"PropertyValueSpecification","valueRequired":true,"valueName":"search_term_string"}}],"inLanguage":"pt-PT"}]}},"_links":{"self":[{"href":"https:\/\/staffglobalgroup.com\/pt-pt\/wp-json\/wp\/v2\/pages\/5356","targetHints":{"allow":["GET"]}}],"collection":[{"href":"https:\/\/staffglobalgroup.com\/pt-pt\/wp-json\/wp\/v2\/pages"}],"about":[{"href":"https:\/\/staffglobalgroup.com\/pt-pt\/wp-json\/wp\/v2\/types\/page"}],"author":[{"embeddable":true,"href":"https:\/\/staffglobalgroup.com\/pt-pt\/wp-json\/wp\/v2\/users\/1"}],"replies":[{"embeddable":true,"href":"https:\/\/staffglobalgroup.com\/pt-pt\/wp-json\/wp\/v2\/comments?post=5356"}],"version-history":[{"count":2,"href":"https:\/\/staffglobalgroup.com\/pt-pt\/wp-json\/wp\/v2\/pages\/5356\/revisions"}],"predecessor-version":[{"id":5428,"href":"https:\/\/staffglobalgroup.com\/pt-pt\/wp-json\/wp\/v2\/pages\/5356\/revisions\/5428"}],"wp:attachment":[{"href":"https:\/\/staffglobalgroup.com\/pt-pt\/wp-json\/wp\/v2\/media?parent=5356"}],"wp:term":[{"taxonomy":"nivel-de-servicio","embeddable":true,"href":"https:\/\/staffglobalgroup.com\/pt-pt\/wp-json\/wp\/v2\/nivel-de-servicio?post=5356"}],"curies":[{"name":"wp","href":"https:\/\/api.w.org\/{rel}","templated":true}]}}