{"id":4378,"date":"2024-01-23T11:13:21","date_gmt":"2024-01-23T10:13:21","guid":{"rendered":"https:\/\/staffglobalgroup.com\/hospitality\/eventos-corporativos\/"},"modified":"2025-09-29T11:43:20","modified_gmt":"2025-09-29T09:43:20","slug":"corporativos","status":"publish","type":"page","link":"https:\/\/staffglobalgroup.com\/pt-pt\/hospitalidade-em-eventos-staff-e-equipes-especializadas-staff-global-group\/corporativos\/","title":{"rendered":"Eventos corporativos"},"content":{"rendered":"","protected":false},"excerpt":{"rendered":"","protected":false},"author":1,"featured_media":1173,"parent":4291,"menu_order":0,"comment_status":"closed","ping_status":"closed","template":"page-servicio.php","meta":{"_acf_changed":false,"footnotes":""},"nivel-de-servicio":[16],"class_list":["post-4378","page","type-page","status-publish","has-post-thumbnail","hentry","nivel-de-servicio-nivel-2"],"acf":[],"yoast_head":"<!-- This site is optimized with the Yoast SEO plugin v27.4 - https:\/\/yoast.com\/product\/yoast-seo-wordpress\/ -->\n<title>Organiza\u00e7\u00e3o de Eventos Corporativos | Ag\u00eancia Especializada - Staff Global Group<\/title>\n<meta name=\"description\" content=\"A Staff Global Group \u00e9 especialista em organiza\u00e7\u00e3o de eventos corporativos. Planejamos e gerimos eventos empresariais completos: feiras, congressos, exposi\u00e7\u00f5es e muito mais.\" \/>\n<meta name=\"robots\" content=\"index, follow, max-snippet:-1, max-image-preview:large, max-video-preview:-1\" \/>\n<link rel=\"canonical\" href=\"https:\/\/staffglobalgroup.com\/pt-pt\/hospitalidade-em-eventos-staff-e-equipes-especializadas-staff-global-group\/corporativos\/\" \/>\n<meta property=\"og:locale\" content=\"pt_PT\" \/>\n<meta property=\"og:type\" content=\"article\" \/>\n<meta property=\"og:title\" content=\"Organiza\u00e7\u00e3o de Eventos Corporativos | Ag\u00eancia Especializada - Staff Global Group\" \/>\n<meta property=\"og:description\" content=\"A Staff Global Group \u00e9 especialista em organiza\u00e7\u00e3o de eventos corporativos. Planejamos e gerimos eventos empresariais completos: feiras, congressos, exposi\u00e7\u00f5es e muito mais.\" \/>\n<meta property=\"og:url\" content=\"https:\/\/staffglobalgroup.com\/pt-pt\/hospitalidade-em-eventos-staff-e-equipes-especializadas-staff-global-group\/corporativos\/\" \/>\n<meta property=\"og:site_name\" content=\"Staff Global Group\" \/>\n<meta property=\"article:publisher\" content=\"https:\/\/www.facebook.com\/StaffGlobalGroup\/\" \/>\n<meta property=\"article:modified_time\" content=\"2025-09-29T09:43:20+00:00\" \/>\n<meta property=\"og:image\" content=\"https:\/\/staffglobalgroup.com\/wp-content\/uploads\/Eventos-corporativos_cabecera-recortada.jpg\" \/>\n\t<meta property=\"og:image:width\" content=\"2000\" \/>\n\t<meta property=\"og:image:height\" content=\"580\" \/>\n\t<meta property=\"og:image:type\" content=\"image\/jpeg\" \/>\n<meta name=\"twitter:card\" content=\"summary_large_image\" \/>\n<meta name=\"twitter:label1\" content=\"Tempo estimado de leitura\" \/>\n\t<meta name=\"twitter:data1\" content=\"3 minutos\" \/>\n<script type=\"application\/ld+json\" class=\"yoast-schema-graph\">{\"@context\":\"https:\\\/\\\/schema.org\",\"@graph\":[{\"@type\":\"WebPage\",\"@id\":\"https:\\\/\\\/staffglobalgroup.com\\\/pt-pt\\\/hospitalidade-em-eventos-staff-e-equipes-especializadas-staff-global-group\\\/corporativos\\\/\",\"url\":\"https:\\\/\\\/staffglobalgroup.com\\\/pt-pt\\\/hospitalidade-em-eventos-staff-e-equipes-especializadas-staff-global-group\\\/corporativos\\\/\",\"name\":\"Organiza\u00e7\u00e3o de Eventos Corporativos | Ag\u00eancia Especializada - Staff Global Group\",\"isPartOf\":{\"@id\":\"https:\\\/\\\/staffglobalgroup.com\\\/pt-pt\\\/#website\"},\"primaryImageOfPage\":{\"@id\":\"https:\\\/\\\/staffglobalgroup.com\\\/pt-pt\\\/hospitalidade-em-eventos-staff-e-equipes-especializadas-staff-global-group\\\/corporativos\\\/#primaryimage\"},\"image\":{\"@id\":\"https:\\\/\\\/staffglobalgroup.com\\\/pt-pt\\\/hospitalidade-em-eventos-staff-e-equipes-especializadas-staff-global-group\\\/corporativos\\\/#primaryimage\"},\"thumbnailUrl\":\"https:\\\/\\\/staffglobalgroup.com\\\/wp-content\\\/uploads\\\/Eventos-corporativos_cabecera-recortada.jpg\",\"datePublished\":\"2024-01-23T10:13:21+00:00\",\"dateModified\":\"2025-09-29T09:43:20+00:00\",\"description\":\"A Staff Global Group \u00e9 especialista em organiza\u00e7\u00e3o de eventos corporativos. Planejamos e gerimos eventos empresariais completos: feiras, congressos, exposi\u00e7\u00f5es e muito mais.\",\"breadcrumb\":{\"@id\":\"https:\\\/\\\/staffglobalgroup.com\\\/pt-pt\\\/hospitalidade-em-eventos-staff-e-equipes-especializadas-staff-global-group\\\/corporativos\\\/#breadcrumb\"},\"inLanguage\":\"pt-PT\",\"potentialAction\":[{\"@type\":\"ReadAction\",\"target\":[\"https:\\\/\\\/staffglobalgroup.com\\\/pt-pt\\\/hospitalidade-em-eventos-staff-e-equipes-especializadas-staff-global-group\\\/corporativos\\\/\"]}]},{\"@type\":\"ImageObject\",\"inLanguage\":\"pt-PT\",\"@id\":\"https:\\\/\\\/staffglobalgroup.com\\\/pt-pt\\\/hospitalidade-em-eventos-staff-e-equipes-especializadas-staff-global-group\\\/corporativos\\\/#primaryimage\",\"url\":\"https:\\\/\\\/staffglobalgroup.com\\\/wp-content\\\/uploads\\\/Eventos-corporativos_cabecera-recortada.jpg\",\"contentUrl\":\"https:\\\/\\\/staffglobalgroup.com\\\/wp-content\\\/uploads\\\/Eventos-corporativos_cabecera-recortada.jpg\",\"width\":2000,\"height\":580},{\"@type\":\"BreadcrumbList\",\"@id\":\"https:\\\/\\\/staffglobalgroup.com\\\/pt-pt\\\/hospitalidade-em-eventos-staff-e-equipes-especializadas-staff-global-group\\\/corporativos\\\/#breadcrumb\",\"itemListElement\":[{\"@type\":\"ListItem\",\"position\":1,\"name\":\"Home\",\"item\":\"https:\\\/\\\/staffglobalgroup.com\\\/pt-pt\\\/\"},{\"@type\":\"ListItem\",\"position\":2,\"name\":\"Hospitality\",\"item\":\"https:\\\/\\\/staffglobalgroup.com\\\/pt-pt\\\/hospitalidade-em-eventos-staff-e-equipes-especializadas-staff-global-group\\\/\"},{\"@type\":\"ListItem\",\"position\":3,\"name\":\"Eventos corporativos\"}]},{\"@type\":\"WebSite\",\"@id\":\"https:\\\/\\\/staffglobalgroup.com\\\/pt-pt\\\/#website\",\"url\":\"https:\\\/\\\/staffglobalgroup.com\\\/pt-pt\\\/\",\"name\":\"Staff Global Group\",\"description\":\"Integral Outsourcing Services\",\"potentialAction\":[{\"@type\":\"SearchAction\",\"target\":{\"@type\":\"EntryPoint\",\"urlTemplate\":\"https:\\\/\\\/staffglobalgroup.com\\\/pt-pt\\\/?s={search_term_string}\"},\"query-input\":{\"@type\":\"PropertyValueSpecification\",\"valueRequired\":true,\"valueName\":\"search_term_string\"}}],\"inLanguage\":\"pt-PT\"}]}<\/script>\n<!-- \/ Yoast SEO plugin. -->","yoast_head_json":{"title":"Organiza\u00e7\u00e3o de Eventos Corporativos | Ag\u00eancia Especializada - Staff Global Group","description":"A Staff Global Group \u00e9 especialista em organiza\u00e7\u00e3o de eventos corporativos. Planejamos e gerimos eventos empresariais completos: feiras, congressos, exposi\u00e7\u00f5es e muito mais.","robots":{"index":"index","follow":"follow","max-snippet":"max-snippet:-1","max-image-preview":"max-image-preview:large","max-video-preview":"max-video-preview:-1"},"canonical":"https:\/\/staffglobalgroup.com\/pt-pt\/hospitalidade-em-eventos-staff-e-equipes-especializadas-staff-global-group\/corporativos\/","og_locale":"pt_PT","og_type":"article","og_title":"Organiza\u00e7\u00e3o de Eventos Corporativos | Ag\u00eancia Especializada - Staff Global Group","og_description":"A Staff Global Group \u00e9 especialista em organiza\u00e7\u00e3o de eventos corporativos. Planejamos e gerimos eventos empresariais completos: feiras, congressos, exposi\u00e7\u00f5es e muito mais.","og_url":"https:\/\/staffglobalgroup.com\/pt-pt\/hospitalidade-em-eventos-staff-e-equipes-especializadas-staff-global-group\/corporativos\/","og_site_name":"Staff Global Group","article_publisher":"https:\/\/www.facebook.com\/StaffGlobalGroup\/","article_modified_time":"2025-09-29T09:43:20+00:00","og_image":[{"width":2000,"height":580,"url":"https:\/\/staffglobalgroup.com\/wp-content\/uploads\/Eventos-corporativos_cabecera-recortada.jpg","type":"image\/jpeg"}],"twitter_card":"summary_large_image","twitter_misc":{"Tempo estimado de leitura":"3 minutos"},"schema":{"@context":"https:\/\/schema.org","@graph":[{"@type":"WebPage","@id":"https:\/\/staffglobalgroup.com\/pt-pt\/hospitalidade-em-eventos-staff-e-equipes-especializadas-staff-global-group\/corporativos\/","url":"https:\/\/staffglobalgroup.com\/pt-pt\/hospitalidade-em-eventos-staff-e-equipes-especializadas-staff-global-group\/corporativos\/","name":"Organiza\u00e7\u00e3o de Eventos Corporativos | Ag\u00eancia Especializada - Staff Global Group","isPartOf":{"@id":"https:\/\/staffglobalgroup.com\/pt-pt\/#website"},"primaryImageOfPage":{"@id":"https:\/\/staffglobalgroup.com\/pt-pt\/hospitalidade-em-eventos-staff-e-equipes-especializadas-staff-global-group\/corporativos\/#primaryimage"},"image":{"@id":"https:\/\/staffglobalgroup.com\/pt-pt\/hospitalidade-em-eventos-staff-e-equipes-especializadas-staff-global-group\/corporativos\/#primaryimage"},"thumbnailUrl":"https:\/\/staffglobalgroup.com\/wp-content\/uploads\/Eventos-corporativos_cabecera-recortada.jpg","datePublished":"2024-01-23T10:13:21+00:00","dateModified":"2025-09-29T09:43:20+00:00","description":"A Staff Global Group \u00e9 especialista em organiza\u00e7\u00e3o de eventos corporativos. Planejamos e gerimos eventos empresariais completos: feiras, congressos, exposi\u00e7\u00f5es e muito mais.","breadcrumb":{"@id":"https:\/\/staffglobalgroup.com\/pt-pt\/hospitalidade-em-eventos-staff-e-equipes-especializadas-staff-global-group\/corporativos\/#breadcrumb"},"inLanguage":"pt-PT","potentialAction":[{"@type":"ReadAction","target":["https:\/\/staffglobalgroup.com\/pt-pt\/hospitalidade-em-eventos-staff-e-equipes-especializadas-staff-global-group\/corporativos\/"]}]},{"@type":"ImageObject","inLanguage":"pt-PT","@id":"https:\/\/staffglobalgroup.com\/pt-pt\/hospitalidade-em-eventos-staff-e-equipes-especializadas-staff-global-group\/corporativos\/#primaryimage","url":"https:\/\/staffglobalgroup.com\/wp-content\/uploads\/Eventos-corporativos_cabecera-recortada.jpg","contentUrl":"https:\/\/staffglobalgroup.com\/wp-content\/uploads\/Eventos-corporativos_cabecera-recortada.jpg","width":2000,"height":580},{"@type":"BreadcrumbList","@id":"https:\/\/staffglobalgroup.com\/pt-pt\/hospitalidade-em-eventos-staff-e-equipes-especializadas-staff-global-group\/corporativos\/#breadcrumb","itemListElement":[{"@type":"ListItem","position":1,"name":"Home","item":"https:\/\/staffglobalgroup.com\/pt-pt\/"},{"@type":"ListItem","position":2,"name":"Hospitality","item":"https:\/\/staffglobalgroup.com\/pt-pt\/hospitalidade-em-eventos-staff-e-equipes-especializadas-staff-global-group\/"},{"@type":"ListItem","position":3,"name":"Eventos corporativos"}]},{"@type":"WebSite","@id":"https:\/\/staffglobalgroup.com\/pt-pt\/#website","url":"https:\/\/staffglobalgroup.com\/pt-pt\/","name":"Staff Global Group","description":"Integral Outsourcing Services","potentialAction":[{"@type":"SearchAction","target":{"@type":"EntryPoint","urlTemplate":"https:\/\/staffglobalgroup.com\/pt-pt\/?s={search_term_string}"},"query-input":{"@type":"PropertyValueSpecification","valueRequired":true,"valueName":"search_term_string"}}],"inLanguage":"pt-PT"}]}},"_links":{"self":[{"href":"https:\/\/staffglobalgroup.com\/pt-pt\/wp-json\/wp\/v2\/pages\/4378","targetHints":{"allow":["GET"]}}],"collection":[{"href":"https:\/\/staffglobalgroup.com\/pt-pt\/wp-json\/wp\/v2\/pages"}],"about":[{"href":"https:\/\/staffglobalgroup.com\/pt-pt\/wp-json\/wp\/v2\/types\/page"}],"author":[{"embeddable":true,"href":"https:\/\/staffglobalgroup.com\/pt-pt\/wp-json\/wp\/v2\/users\/1"}],"replies":[{"embeddable":true,"href":"https:\/\/staffglobalgroup.com\/pt-pt\/wp-json\/wp\/v2\/comments?post=4378"}],"version-history":[{"count":4,"href":"https:\/\/staffglobalgroup.com\/pt-pt\/wp-json\/wp\/v2\/pages\/4378\/revisions"}],"predecessor-version":[{"id":13470,"href":"https:\/\/staffglobalgroup.com\/pt-pt\/wp-json\/wp\/v2\/pages\/4378\/revisions\/13470"}],"up":[{"embeddable":true,"href":"https:\/\/staffglobalgroup.com\/pt-pt\/wp-json\/wp\/v2\/pages\/4291"}],"wp:featuredmedia":[{"embeddable":true,"href":"https:\/\/staffglobalgroup.com\/pt-pt\/wp-json\/wp\/v2\/media\/1173"}],"wp:attachment":[{"href":"https:\/\/staffglobalgroup.com\/pt-pt\/wp-json\/wp\/v2\/media?parent=4378"}],"wp:term":[{"taxonomy":"nivel-de-servicio","embeddable":true,"href":"https:\/\/staffglobalgroup.com\/pt-pt\/wp-json\/wp\/v2\/nivel-de-servicio?post=4378"}],"curies":[{"name":"wp","href":"https:\/\/api.w.org\/{rel}","templated":true}]}}