{"id":4315,"date":"2024-01-23T10:54:44","date_gmt":"2024-01-23T09:54:44","guid":{"rendered":"https:\/\/staffglobalgroup.com\/sampling-y-degustaciones\/"},"modified":"2025-07-15T14:45:07","modified_gmt":"2025-07-15T12:45:07","slug":"agencia-sampling","status":"publish","type":"page","link":"https:\/\/staffglobalgroup.com\/pt-pt\/experiencia-marca\/agencia-sampling\/","title":{"rendered":"Sampling e degusta\u00e7\u00e3o"},"content":{"rendered":"","protected":false},"excerpt":{"rendered":"","protected":false},"author":1,"featured_media":1006,"parent":4321,"menu_order":0,"comment_status":"closed","ping_status":"closed","template":"page-servicio.php","meta":{"_acf_changed":false,"footnotes":""},"nivel-de-servicio":[16],"class_list":["post-4315","page","type-page","status-publish","has-post-thumbnail","hentry","nivel-de-servicio-nivel-2"],"acf":[],"yoast_head":"<!-- This site is optimized with the Yoast SEO plugin v27.3 - https:\/\/yoast.com\/product\/yoast-seo-wordpress\/ -->\n<title>\u25b7 Ag\u00eancia de Sampling e Degusta\u00e7\u00e3o | Staff Global Group<\/title>\n<meta name=\"description\" content=\"Conecte-se com o seu p\u00fablico-alvo com a nossa empresa de sampling e degusta\u00e7\u00e3o. Solu\u00e7\u00f5es flex\u00edveis e personalizadas. Solicite mais informa\u00e7\u00f5es!\" \/>\n<meta name=\"robots\" content=\"index, follow, max-snippet:-1, max-image-preview:large, max-video-preview:-1\" \/>\n<link rel=\"canonical\" href=\"https:\/\/staffglobalgroup.com\/pt-pt\/experiencia-marca\/agencia-sampling\/\" \/>\n<meta property=\"og:locale\" content=\"pt_PT\" \/>\n<meta property=\"og:type\" content=\"article\" \/>\n<meta property=\"og:title\" content=\"\u25b7 Ag\u00eancia de Sampling e Degusta\u00e7\u00e3o | Staff Global Group\" \/>\n<meta property=\"og:description\" content=\"Conecte-se com o seu p\u00fablico-alvo com a nossa empresa de sampling e degusta\u00e7\u00e3o. Solu\u00e7\u00f5es flex\u00edveis e personalizadas. Solicite mais informa\u00e7\u00f5es!\" \/>\n<meta property=\"og:url\" content=\"https:\/\/staffglobalgroup.com\/pt-pt\/experiencia-marca\/agencia-sampling\/\" \/>\n<meta property=\"og:site_name\" content=\"Staff Global Group\" \/>\n<meta property=\"article:publisher\" content=\"https:\/\/www.facebook.com\/StaffGlobalGroup\/\" \/>\n<meta property=\"article:modified_time\" content=\"2025-07-15T12:45:07+00:00\" \/>\n<meta property=\"og:image\" content=\"https:\/\/staffglobalgroup.com\/wp-content\/uploads\/Sampling-y-degustaciones_boton-cuadrado.jpg\" \/>\n\t<meta property=\"og:image:width\" content=\"730\" \/>\n\t<meta property=\"og:image:height\" content=\"730\" \/>\n\t<meta property=\"og:image:type\" content=\"image\/jpeg\" \/>\n<meta name=\"twitter:card\" content=\"summary_large_image\" \/>\n<meta name=\"twitter:label1\" content=\"Tempo estimado de leitura\" \/>\n\t<meta name=\"twitter:data1\" content=\"3 minutos\" \/>\n<script type=\"application\/ld+json\" class=\"yoast-schema-graph\">{\"@context\":\"https:\\\/\\\/schema.org\",\"@graph\":[{\"@type\":\"WebPage\",\"@id\":\"https:\\\/\\\/staffglobalgroup.com\\\/pt-pt\\\/experiencia-marca\\\/agencia-sampling\\\/\",\"url\":\"https:\\\/\\\/staffglobalgroup.com\\\/pt-pt\\\/experiencia-marca\\\/agencia-sampling\\\/\",\"name\":\"\u25b7 Ag\u00eancia de Sampling e Degusta\u00e7\u00e3o | Staff Global Group\",\"isPartOf\":{\"@id\":\"https:\\\/\\\/staffglobalgroup.com\\\/pt-pt\\\/#website\"},\"primaryImageOfPage\":{\"@id\":\"https:\\\/\\\/staffglobalgroup.com\\\/pt-pt\\\/experiencia-marca\\\/agencia-sampling\\\/#primaryimage\"},\"image\":{\"@id\":\"https:\\\/\\\/staffglobalgroup.com\\\/pt-pt\\\/experiencia-marca\\\/agencia-sampling\\\/#primaryimage\"},\"thumbnailUrl\":\"https:\\\/\\\/staffglobalgroup.com\\\/wp-content\\\/uploads\\\/Sampling-y-degustaciones_boton-cuadrado.jpg\",\"datePublished\":\"2024-01-23T09:54:44+00:00\",\"dateModified\":\"2025-07-15T12:45:07+00:00\",\"description\":\"Conecte-se com o seu p\u00fablico-alvo com a nossa empresa de sampling e degusta\u00e7\u00e3o. Solu\u00e7\u00f5es flex\u00edveis e personalizadas. Solicite mais informa\u00e7\u00f5es!\",\"breadcrumb\":{\"@id\":\"https:\\\/\\\/staffglobalgroup.com\\\/pt-pt\\\/experiencia-marca\\\/agencia-sampling\\\/#breadcrumb\"},\"inLanguage\":\"pt-PT\",\"potentialAction\":[{\"@type\":\"ReadAction\",\"target\":[\"https:\\\/\\\/staffglobalgroup.com\\\/pt-pt\\\/experiencia-marca\\\/agencia-sampling\\\/\"]}]},{\"@type\":\"ImageObject\",\"inLanguage\":\"pt-PT\",\"@id\":\"https:\\\/\\\/staffglobalgroup.com\\\/pt-pt\\\/experiencia-marca\\\/agencia-sampling\\\/#primaryimage\",\"url\":\"https:\\\/\\\/staffglobalgroup.com\\\/wp-content\\\/uploads\\\/Sampling-y-degustaciones_boton-cuadrado.jpg\",\"contentUrl\":\"https:\\\/\\\/staffglobalgroup.com\\\/wp-content\\\/uploads\\\/Sampling-y-degustaciones_boton-cuadrado.jpg\",\"width\":730,\"height\":730},{\"@type\":\"BreadcrumbList\",\"@id\":\"https:\\\/\\\/staffglobalgroup.com\\\/pt-pt\\\/experiencia-marca\\\/agencia-sampling\\\/#breadcrumb\",\"itemListElement\":[{\"@type\":\"ListItem\",\"position\":1,\"name\":\"Home\",\"item\":\"https:\\\/\\\/staffglobalgroup.com\\\/pt-pt\\\/\"},{\"@type\":\"ListItem\",\"position\":2,\"name\":\"Experiencial\",\"item\":\"https:\\\/\\\/staffglobalgroup.com\\\/pt-pt\\\/experiencia-marca\\\/\"},{\"@type\":\"ListItem\",\"position\":3,\"name\":\"Sampling e degusta\u00e7\u00e3o\"}]},{\"@type\":\"WebSite\",\"@id\":\"https:\\\/\\\/staffglobalgroup.com\\\/pt-pt\\\/#website\",\"url\":\"https:\\\/\\\/staffglobalgroup.com\\\/pt-pt\\\/\",\"name\":\"Staff Global Group\",\"description\":\"Integral Outsourcing Services\",\"potentialAction\":[{\"@type\":\"SearchAction\",\"target\":{\"@type\":\"EntryPoint\",\"urlTemplate\":\"https:\\\/\\\/staffglobalgroup.com\\\/pt-pt\\\/?s={search_term_string}\"},\"query-input\":{\"@type\":\"PropertyValueSpecification\",\"valueRequired\":true,\"valueName\":\"search_term_string\"}}],\"inLanguage\":\"pt-PT\"}]}<\/script>\n<!-- \/ Yoast SEO plugin. -->","yoast_head_json":{"title":"\u25b7 Ag\u00eancia de Sampling e Degusta\u00e7\u00e3o | Staff Global Group","description":"Conecte-se com o seu p\u00fablico-alvo com a nossa empresa de sampling e degusta\u00e7\u00e3o. Solu\u00e7\u00f5es flex\u00edveis e personalizadas. Solicite mais informa\u00e7\u00f5es!","robots":{"index":"index","follow":"follow","max-snippet":"max-snippet:-1","max-image-preview":"max-image-preview:large","max-video-preview":"max-video-preview:-1"},"canonical":"https:\/\/staffglobalgroup.com\/pt-pt\/experiencia-marca\/agencia-sampling\/","og_locale":"pt_PT","og_type":"article","og_title":"\u25b7 Ag\u00eancia de Sampling e Degusta\u00e7\u00e3o | Staff Global Group","og_description":"Conecte-se com o seu p\u00fablico-alvo com a nossa empresa de sampling e degusta\u00e7\u00e3o. Solu\u00e7\u00f5es flex\u00edveis e personalizadas. Solicite mais informa\u00e7\u00f5es!","og_url":"https:\/\/staffglobalgroup.com\/pt-pt\/experiencia-marca\/agencia-sampling\/","og_site_name":"Staff Global Group","article_publisher":"https:\/\/www.facebook.com\/StaffGlobalGroup\/","article_modified_time":"2025-07-15T12:45:07+00:00","og_image":[{"width":730,"height":730,"url":"https:\/\/staffglobalgroup.com\/wp-content\/uploads\/Sampling-y-degustaciones_boton-cuadrado.jpg","type":"image\/jpeg"}],"twitter_card":"summary_large_image","twitter_misc":{"Tempo estimado de leitura":"3 minutos"},"schema":{"@context":"https:\/\/schema.org","@graph":[{"@type":"WebPage","@id":"https:\/\/staffglobalgroup.com\/pt-pt\/experiencia-marca\/agencia-sampling\/","url":"https:\/\/staffglobalgroup.com\/pt-pt\/experiencia-marca\/agencia-sampling\/","name":"\u25b7 Ag\u00eancia de Sampling e Degusta\u00e7\u00e3o | Staff Global Group","isPartOf":{"@id":"https:\/\/staffglobalgroup.com\/pt-pt\/#website"},"primaryImageOfPage":{"@id":"https:\/\/staffglobalgroup.com\/pt-pt\/experiencia-marca\/agencia-sampling\/#primaryimage"},"image":{"@id":"https:\/\/staffglobalgroup.com\/pt-pt\/experiencia-marca\/agencia-sampling\/#primaryimage"},"thumbnailUrl":"https:\/\/staffglobalgroup.com\/wp-content\/uploads\/Sampling-y-degustaciones_boton-cuadrado.jpg","datePublished":"2024-01-23T09:54:44+00:00","dateModified":"2025-07-15T12:45:07+00:00","description":"Conecte-se com o seu p\u00fablico-alvo com a nossa empresa de sampling e degusta\u00e7\u00e3o. Solu\u00e7\u00f5es flex\u00edveis e personalizadas. Solicite mais informa\u00e7\u00f5es!","breadcrumb":{"@id":"https:\/\/staffglobalgroup.com\/pt-pt\/experiencia-marca\/agencia-sampling\/#breadcrumb"},"inLanguage":"pt-PT","potentialAction":[{"@type":"ReadAction","target":["https:\/\/staffglobalgroup.com\/pt-pt\/experiencia-marca\/agencia-sampling\/"]}]},{"@type":"ImageObject","inLanguage":"pt-PT","@id":"https:\/\/staffglobalgroup.com\/pt-pt\/experiencia-marca\/agencia-sampling\/#primaryimage","url":"https:\/\/staffglobalgroup.com\/wp-content\/uploads\/Sampling-y-degustaciones_boton-cuadrado.jpg","contentUrl":"https:\/\/staffglobalgroup.com\/wp-content\/uploads\/Sampling-y-degustaciones_boton-cuadrado.jpg","width":730,"height":730},{"@type":"BreadcrumbList","@id":"https:\/\/staffglobalgroup.com\/pt-pt\/experiencia-marca\/agencia-sampling\/#breadcrumb","itemListElement":[{"@type":"ListItem","position":1,"name":"Home","item":"https:\/\/staffglobalgroup.com\/pt-pt\/"},{"@type":"ListItem","position":2,"name":"Experiencial","item":"https:\/\/staffglobalgroup.com\/pt-pt\/experiencia-marca\/"},{"@type":"ListItem","position":3,"name":"Sampling e degusta\u00e7\u00e3o"}]},{"@type":"WebSite","@id":"https:\/\/staffglobalgroup.com\/pt-pt\/#website","url":"https:\/\/staffglobalgroup.com\/pt-pt\/","name":"Staff Global Group","description":"Integral Outsourcing Services","potentialAction":[{"@type":"SearchAction","target":{"@type":"EntryPoint","urlTemplate":"https:\/\/staffglobalgroup.com\/pt-pt\/?s={search_term_string}"},"query-input":{"@type":"PropertyValueSpecification","valueRequired":true,"valueName":"search_term_string"}}],"inLanguage":"pt-PT"}]}},"_links":{"self":[{"href":"https:\/\/staffglobalgroup.com\/pt-pt\/wp-json\/wp\/v2\/pages\/4315","targetHints":{"allow":["GET"]}}],"collection":[{"href":"https:\/\/staffglobalgroup.com\/pt-pt\/wp-json\/wp\/v2\/pages"}],"about":[{"href":"https:\/\/staffglobalgroup.com\/pt-pt\/wp-json\/wp\/v2\/types\/page"}],"author":[{"embeddable":true,"href":"https:\/\/staffglobalgroup.com\/pt-pt\/wp-json\/wp\/v2\/users\/1"}],"replies":[{"embeddable":true,"href":"https:\/\/staffglobalgroup.com\/pt-pt\/wp-json\/wp\/v2\/comments?post=4315"}],"version-history":[{"count":5,"href":"https:\/\/staffglobalgroup.com\/pt-pt\/wp-json\/wp\/v2\/pages\/4315\/revisions"}],"predecessor-version":[{"id":5255,"href":"https:\/\/staffglobalgroup.com\/pt-pt\/wp-json\/wp\/v2\/pages\/4315\/revisions\/5255"}],"up":[{"embeddable":true,"href":"https:\/\/staffglobalgroup.com\/pt-pt\/wp-json\/wp\/v2\/pages\/4321"}],"wp:featuredmedia":[{"embeddable":true,"href":"https:\/\/staffglobalgroup.com\/pt-pt\/wp-json\/wp\/v2\/media\/1006"}],"wp:attachment":[{"href":"https:\/\/staffglobalgroup.com\/pt-pt\/wp-json\/wp\/v2\/media?parent=4315"}],"wp:term":[{"taxonomy":"nivel-de-servicio","embeddable":true,"href":"https:\/\/staffglobalgroup.com\/pt-pt\/wp-json\/wp\/v2\/nivel-de-servicio?post=4315"}],"curies":[{"name":"wp","href":"https:\/\/api.w.org\/{rel}","templated":true}]}}