{"id":4303,"date":"2024-01-23T10:55:43","date_gmt":"2024-01-23T09:55:43","guid":{"rendered":"https:\/\/staffglobalgroup.com\/eventos\/"},"modified":"2025-11-06T13:25:40","modified_gmt":"2025-11-06T12:25:40","slug":"organizacao-eventos","status":"publish","type":"page","link":"https:\/\/staffglobalgroup.com\/pt-pt\/experiencia-marca\/organizacao-eventos\/","title":{"rendered":"Organiza\u00e7\u00e3o de Eventos \u2013 experi\u00eancias que conectam pessoas e marcas"},"content":{"rendered":"","protected":false},"excerpt":{"rendered":"","protected":false},"author":1,"featured_media":977,"parent":4321,"menu_order":0,"comment_status":"closed","ping_status":"closed","template":"page-servicio.php","meta":{"_acf_changed":false,"footnotes":""},"nivel-de-servicio":[16],"class_list":["post-4303","page","type-page","status-publish","has-post-thumbnail","hentry","nivel-de-servicio-nivel-2"],"acf":[],"yoast_head":"<!-- This site is optimized with the Yoast SEO plugin v27.3 - https:\/\/yoast.com\/product\/yoast-seo-wordpress\/ -->\n<title>Organiza\u00e7\u00e3o de Eventos Corporativos &amp; Culturais | Staff Global Group<\/title>\n<meta name=\"description\" content=\"Transforme suas ideias em experi\u00eancias \u00fanicas com nossa ag\u00eancia de eventos. A Staff Global Group \u00e9 especialista em organiza\u00e7\u00e3o de eventos.\" \/>\n<meta name=\"robots\" content=\"index, follow, max-snippet:-1, max-image-preview:large, max-video-preview:-1\" \/>\n<link rel=\"canonical\" href=\"https:\/\/staffglobalgroup.com\/pt-pt\/experiencia-marca\/organizacao-eventos\/\" \/>\n<meta property=\"og:locale\" content=\"pt_PT\" \/>\n<meta property=\"og:type\" content=\"article\" \/>\n<meta property=\"og:title\" content=\"Organiza\u00e7\u00e3o de Eventos Corporativos &amp; Culturais | Staff Global Group\" \/>\n<meta property=\"og:description\" content=\"Transforme suas ideias em experi\u00eancias \u00fanicas com nossa ag\u00eancia de eventos. A Staff Global Group \u00e9 especialista em organiza\u00e7\u00e3o de eventos.\" \/>\n<meta property=\"og:url\" content=\"https:\/\/staffglobalgroup.com\/pt-pt\/experiencia-marca\/organizacao-eventos\/\" \/>\n<meta property=\"og:site_name\" content=\"Staff Global Group\" \/>\n<meta property=\"article:publisher\" content=\"https:\/\/www.facebook.com\/StaffGlobalGroup\/\" \/>\n<meta property=\"article:modified_time\" content=\"2025-11-06T12:25:40+00:00\" \/>\n<meta property=\"og:image\" content=\"https:\/\/staffglobalgroup.com\/wp-content\/uploads\/Eventos_Boton-cuadrado.jpg\" \/>\n\t<meta property=\"og:image:width\" content=\"730\" \/>\n\t<meta property=\"og:image:height\" content=\"730\" \/>\n\t<meta property=\"og:image:type\" content=\"image\/jpeg\" \/>\n<meta name=\"twitter:card\" content=\"summary_large_image\" \/>\n<meta name=\"twitter:label1\" content=\"Tempo estimado de leitura\" \/>\n\t<meta name=\"twitter:data1\" content=\"2 minutos\" \/>\n<script type=\"application\/ld+json\" class=\"yoast-schema-graph\">{\"@context\":\"https:\\\/\\\/schema.org\",\"@graph\":[{\"@type\":\"WebPage\",\"@id\":\"https:\\\/\\\/staffglobalgroup.com\\\/pt-pt\\\/experiencia-marca\\\/organizacao-eventos\\\/\",\"url\":\"https:\\\/\\\/staffglobalgroup.com\\\/pt-pt\\\/experiencia-marca\\\/organizacao-eventos\\\/\",\"name\":\"Organiza\u00e7\u00e3o de Eventos Corporativos & Culturais | Staff Global Group\",\"isPartOf\":{\"@id\":\"https:\\\/\\\/staffglobalgroup.com\\\/pt-pt\\\/#website\"},\"primaryImageOfPage\":{\"@id\":\"https:\\\/\\\/staffglobalgroup.com\\\/pt-pt\\\/experiencia-marca\\\/organizacao-eventos\\\/#primaryimage\"},\"image\":{\"@id\":\"https:\\\/\\\/staffglobalgroup.com\\\/pt-pt\\\/experiencia-marca\\\/organizacao-eventos\\\/#primaryimage\"},\"thumbnailUrl\":\"https:\\\/\\\/staffglobalgroup.com\\\/wp-content\\\/uploads\\\/Eventos_Boton-cuadrado.jpg\",\"datePublished\":\"2024-01-23T09:55:43+00:00\",\"dateModified\":\"2025-11-06T12:25:40+00:00\",\"description\":\"Transforme suas ideias em experi\u00eancias \u00fanicas com nossa ag\u00eancia de eventos. A Staff Global Group \u00e9 especialista em organiza\u00e7\u00e3o de eventos.\",\"breadcrumb\":{\"@id\":\"https:\\\/\\\/staffglobalgroup.com\\\/pt-pt\\\/experiencia-marca\\\/organizacao-eventos\\\/#breadcrumb\"},\"inLanguage\":\"pt-PT\",\"potentialAction\":[{\"@type\":\"ReadAction\",\"target\":[\"https:\\\/\\\/staffglobalgroup.com\\\/pt-pt\\\/experiencia-marca\\\/organizacao-eventos\\\/\"]}]},{\"@type\":\"ImageObject\",\"inLanguage\":\"pt-PT\",\"@id\":\"https:\\\/\\\/staffglobalgroup.com\\\/pt-pt\\\/experiencia-marca\\\/organizacao-eventos\\\/#primaryimage\",\"url\":\"https:\\\/\\\/staffglobalgroup.com\\\/wp-content\\\/uploads\\\/Eventos_Boton-cuadrado.jpg\",\"contentUrl\":\"https:\\\/\\\/staffglobalgroup.com\\\/wp-content\\\/uploads\\\/Eventos_Boton-cuadrado.jpg\",\"width\":730,\"height\":730},{\"@type\":\"BreadcrumbList\",\"@id\":\"https:\\\/\\\/staffglobalgroup.com\\\/pt-pt\\\/experiencia-marca\\\/organizacao-eventos\\\/#breadcrumb\",\"itemListElement\":[{\"@type\":\"ListItem\",\"position\":1,\"name\":\"Home\",\"item\":\"https:\\\/\\\/staffglobalgroup.com\\\/pt-pt\\\/\"},{\"@type\":\"ListItem\",\"position\":2,\"name\":\"Experiencial\",\"item\":\"https:\\\/\\\/staffglobalgroup.com\\\/pt-pt\\\/experiencia-marca\\\/\"},{\"@type\":\"ListItem\",\"position\":3,\"name\":\"Organiza\u00e7\u00e3o de Eventos \u2013 experi\u00eancias que conectam pessoas e marcas\"}]},{\"@type\":\"WebSite\",\"@id\":\"https:\\\/\\\/staffglobalgroup.com\\\/pt-pt\\\/#website\",\"url\":\"https:\\\/\\\/staffglobalgroup.com\\\/pt-pt\\\/\",\"name\":\"Staff Global Group\",\"description\":\"Integral Outsourcing Services\",\"potentialAction\":[{\"@type\":\"SearchAction\",\"target\":{\"@type\":\"EntryPoint\",\"urlTemplate\":\"https:\\\/\\\/staffglobalgroup.com\\\/pt-pt\\\/?s={search_term_string}\"},\"query-input\":{\"@type\":\"PropertyValueSpecification\",\"valueRequired\":true,\"valueName\":\"search_term_string\"}}],\"inLanguage\":\"pt-PT\"}]}<\/script>\n<!-- \/ Yoast SEO plugin. -->","yoast_head_json":{"title":"Organiza\u00e7\u00e3o de Eventos Corporativos & Culturais | Staff Global Group","description":"Transforme suas ideias em experi\u00eancias \u00fanicas com nossa ag\u00eancia de eventos. A Staff Global Group \u00e9 especialista em organiza\u00e7\u00e3o de eventos.","robots":{"index":"index","follow":"follow","max-snippet":"max-snippet:-1","max-image-preview":"max-image-preview:large","max-video-preview":"max-video-preview:-1"},"canonical":"https:\/\/staffglobalgroup.com\/pt-pt\/experiencia-marca\/organizacao-eventos\/","og_locale":"pt_PT","og_type":"article","og_title":"Organiza\u00e7\u00e3o de Eventos Corporativos & Culturais | Staff Global Group","og_description":"Transforme suas ideias em experi\u00eancias \u00fanicas com nossa ag\u00eancia de eventos. A Staff Global Group \u00e9 especialista em organiza\u00e7\u00e3o de eventos.","og_url":"https:\/\/staffglobalgroup.com\/pt-pt\/experiencia-marca\/organizacao-eventos\/","og_site_name":"Staff Global Group","article_publisher":"https:\/\/www.facebook.com\/StaffGlobalGroup\/","article_modified_time":"2025-11-06T12:25:40+00:00","og_image":[{"width":730,"height":730,"url":"https:\/\/staffglobalgroup.com\/wp-content\/uploads\/Eventos_Boton-cuadrado.jpg","type":"image\/jpeg"}],"twitter_card":"summary_large_image","twitter_misc":{"Tempo estimado de leitura":"2 minutos"},"schema":{"@context":"https:\/\/schema.org","@graph":[{"@type":"WebPage","@id":"https:\/\/staffglobalgroup.com\/pt-pt\/experiencia-marca\/organizacao-eventos\/","url":"https:\/\/staffglobalgroup.com\/pt-pt\/experiencia-marca\/organizacao-eventos\/","name":"Organiza\u00e7\u00e3o de Eventos Corporativos & Culturais | Staff Global Group","isPartOf":{"@id":"https:\/\/staffglobalgroup.com\/pt-pt\/#website"},"primaryImageOfPage":{"@id":"https:\/\/staffglobalgroup.com\/pt-pt\/experiencia-marca\/organizacao-eventos\/#primaryimage"},"image":{"@id":"https:\/\/staffglobalgroup.com\/pt-pt\/experiencia-marca\/organizacao-eventos\/#primaryimage"},"thumbnailUrl":"https:\/\/staffglobalgroup.com\/wp-content\/uploads\/Eventos_Boton-cuadrado.jpg","datePublished":"2024-01-23T09:55:43+00:00","dateModified":"2025-11-06T12:25:40+00:00","description":"Transforme suas ideias em experi\u00eancias \u00fanicas com nossa ag\u00eancia de eventos. A Staff Global Group \u00e9 especialista em organiza\u00e7\u00e3o de eventos.","breadcrumb":{"@id":"https:\/\/staffglobalgroup.com\/pt-pt\/experiencia-marca\/organizacao-eventos\/#breadcrumb"},"inLanguage":"pt-PT","potentialAction":[{"@type":"ReadAction","target":["https:\/\/staffglobalgroup.com\/pt-pt\/experiencia-marca\/organizacao-eventos\/"]}]},{"@type":"ImageObject","inLanguage":"pt-PT","@id":"https:\/\/staffglobalgroup.com\/pt-pt\/experiencia-marca\/organizacao-eventos\/#primaryimage","url":"https:\/\/staffglobalgroup.com\/wp-content\/uploads\/Eventos_Boton-cuadrado.jpg","contentUrl":"https:\/\/staffglobalgroup.com\/wp-content\/uploads\/Eventos_Boton-cuadrado.jpg","width":730,"height":730},{"@type":"BreadcrumbList","@id":"https:\/\/staffglobalgroup.com\/pt-pt\/experiencia-marca\/organizacao-eventos\/#breadcrumb","itemListElement":[{"@type":"ListItem","position":1,"name":"Home","item":"https:\/\/staffglobalgroup.com\/pt-pt\/"},{"@type":"ListItem","position":2,"name":"Experiencial","item":"https:\/\/staffglobalgroup.com\/pt-pt\/experiencia-marca\/"},{"@type":"ListItem","position":3,"name":"Organiza\u00e7\u00e3o de Eventos \u2013 experi\u00eancias que conectam pessoas e marcas"}]},{"@type":"WebSite","@id":"https:\/\/staffglobalgroup.com\/pt-pt\/#website","url":"https:\/\/staffglobalgroup.com\/pt-pt\/","name":"Staff Global Group","description":"Integral Outsourcing Services","potentialAction":[{"@type":"SearchAction","target":{"@type":"EntryPoint","urlTemplate":"https:\/\/staffglobalgroup.com\/pt-pt\/?s={search_term_string}"},"query-input":{"@type":"PropertyValueSpecification","valueRequired":true,"valueName":"search_term_string"}}],"inLanguage":"pt-PT"}]}},"_links":{"self":[{"href":"https:\/\/staffglobalgroup.com\/pt-pt\/wp-json\/wp\/v2\/pages\/4303","targetHints":{"allow":["GET"]}}],"collection":[{"href":"https:\/\/staffglobalgroup.com\/pt-pt\/wp-json\/wp\/v2\/pages"}],"about":[{"href":"https:\/\/staffglobalgroup.com\/pt-pt\/wp-json\/wp\/v2\/types\/page"}],"author":[{"embeddable":true,"href":"https:\/\/staffglobalgroup.com\/pt-pt\/wp-json\/wp\/v2\/users\/1"}],"replies":[{"embeddable":true,"href":"https:\/\/staffglobalgroup.com\/pt-pt\/wp-json\/wp\/v2\/comments?post=4303"}],"version-history":[{"count":5,"href":"https:\/\/staffglobalgroup.com\/pt-pt\/wp-json\/wp\/v2\/pages\/4303\/revisions"}],"predecessor-version":[{"id":14985,"href":"https:\/\/staffglobalgroup.com\/pt-pt\/wp-json\/wp\/v2\/pages\/4303\/revisions\/14985"}],"up":[{"embeddable":true,"href":"https:\/\/staffglobalgroup.com\/pt-pt\/wp-json\/wp\/v2\/pages\/4321"}],"wp:featuredmedia":[{"embeddable":true,"href":"https:\/\/staffglobalgroup.com\/pt-pt\/wp-json\/wp\/v2\/media\/977"}],"wp:attachment":[{"href":"https:\/\/staffglobalgroup.com\/pt-pt\/wp-json\/wp\/v2\/media?parent=4303"}],"wp:term":[{"taxonomy":"nivel-de-servicio","embeddable":true,"href":"https:\/\/staffglobalgroup.com\/pt-pt\/wp-json\/wp\/v2\/nivel-de-servicio?post=4303"}],"curies":[{"name":"wp","href":"https:\/\/api.w.org\/{rel}","templated":true}]}}