{"id":4297,"date":"2024-01-23T11:01:34","date_gmt":"2024-01-23T10:01:34","guid":{"rendered":"https:\/\/staffglobalgroup.com\/outsourcing-comercial\/promotores-de-ventas\/"},"modified":"2025-11-12T09:34:43","modified_gmt":"2025-11-12T08:34:43","slug":"promotor-vendas","status":"publish","type":"page","link":"https:\/\/staffglobalgroup.com\/pt-pt\/tercerizacao-comercial\/promotor-vendas\/","title":{"rendered":"Promotores de vendas \u2013 Conex\u00e3o direta com o consumidor final"},"content":{"rendered":"","protected":false},"excerpt":{"rendered":"","protected":false},"author":1,"featured_media":425,"parent":4261,"menu_order":0,"comment_status":"closed","ping_status":"closed","template":"page-servicio.php","meta":{"_acf_changed":false,"footnotes":""},"nivel-de-servicio":[16],"class_list":["post-4297","page","type-page","status-publish","has-post-thumbnail","hentry","nivel-de-servicio-nivel-2"],"acf":[],"yoast_head":"<!-- This site is optimized with the Yoast SEO plugin v27.3 - https:\/\/yoast.com\/product\/yoast-seo-wordpress\/ -->\n<title>Ag\u00eancia de Promotores &amp; Brand Ambassadors | Staff Global Group<\/title>\n<meta name=\"description\" content=\"A Staff Global Group \u00e9 a ag\u00eancia de promotor de vendas que oferece brand ambassadors para representar sua marca com impacto e resultados.\" \/>\n<meta name=\"robots\" content=\"index, follow, max-snippet:-1, max-image-preview:large, max-video-preview:-1\" \/>\n<link rel=\"canonical\" href=\"https:\/\/staffglobalgroup.com\/pt-pt\/tercerizacao-comercial\/promotor-vendas\/\" \/>\n<meta property=\"og:locale\" content=\"pt_PT\" \/>\n<meta property=\"og:type\" content=\"article\" \/>\n<meta property=\"og:title\" content=\"Ag\u00eancia de Promotores &amp; Brand Ambassadors | Staff Global Group\" \/>\n<meta property=\"og:description\" content=\"A Staff Global Group \u00e9 a ag\u00eancia de promotor de vendas que oferece brand ambassadors para representar sua marca com impacto e resultados.\" \/>\n<meta property=\"og:url\" content=\"https:\/\/staffglobalgroup.com\/pt-pt\/tercerizacao-comercial\/promotor-vendas\/\" \/>\n<meta property=\"og:site_name\" content=\"Staff Global Group\" \/>\n<meta property=\"article:publisher\" content=\"https:\/\/www.facebook.com\/StaffGlobalGroup\/\" \/>\n<meta property=\"article:modified_time\" content=\"2025-11-12T08:34:43+00:00\" \/>\n<meta property=\"og:image\" content=\"https:\/\/staffglobalgroup.com\/wp-content\/uploads\/Promotores-de-venta_boton-cuadrado.jpg\" \/>\n\t<meta property=\"og:image:width\" content=\"730\" \/>\n\t<meta property=\"og:image:height\" content=\"730\" \/>\n\t<meta property=\"og:image:type\" content=\"image\/jpeg\" \/>\n<meta name=\"twitter:card\" content=\"summary_large_image\" \/>\n<meta name=\"twitter:label1\" content=\"Tempo estimado de leitura\" \/>\n\t<meta name=\"twitter:data1\" content=\"4 minutos\" \/>\n<script type=\"application\/ld+json\" class=\"yoast-schema-graph\">{\"@context\":\"https:\\\/\\\/schema.org\",\"@graph\":[{\"@type\":\"WebPage\",\"@id\":\"https:\\\/\\\/staffglobalgroup.com\\\/pt-pt\\\/tercerizacao-comercial\\\/promotor-vendas\\\/\",\"url\":\"https:\\\/\\\/staffglobalgroup.com\\\/pt-pt\\\/tercerizacao-comercial\\\/promotor-vendas\\\/\",\"name\":\"Ag\u00eancia de Promotores & Brand Ambassadors | Staff Global Group\",\"isPartOf\":{\"@id\":\"https:\\\/\\\/staffglobalgroup.com\\\/pt-pt\\\/#website\"},\"primaryImageOfPage\":{\"@id\":\"https:\\\/\\\/staffglobalgroup.com\\\/pt-pt\\\/tercerizacao-comercial\\\/promotor-vendas\\\/#primaryimage\"},\"image\":{\"@id\":\"https:\\\/\\\/staffglobalgroup.com\\\/pt-pt\\\/tercerizacao-comercial\\\/promotor-vendas\\\/#primaryimage\"},\"thumbnailUrl\":\"https:\\\/\\\/staffglobalgroup.com\\\/wp-content\\\/uploads\\\/Promotores-de-venta_boton-cuadrado.jpg\",\"datePublished\":\"2024-01-23T10:01:34+00:00\",\"dateModified\":\"2025-11-12T08:34:43+00:00\",\"description\":\"A Staff Global Group \u00e9 a ag\u00eancia de promotor de vendas que oferece brand ambassadors para representar sua marca com impacto e resultados.\",\"breadcrumb\":{\"@id\":\"https:\\\/\\\/staffglobalgroup.com\\\/pt-pt\\\/tercerizacao-comercial\\\/promotor-vendas\\\/#breadcrumb\"},\"inLanguage\":\"pt-PT\",\"potentialAction\":[{\"@type\":\"ReadAction\",\"target\":[\"https:\\\/\\\/staffglobalgroup.com\\\/pt-pt\\\/tercerizacao-comercial\\\/promotor-vendas\\\/\"]}]},{\"@type\":\"ImageObject\",\"inLanguage\":\"pt-PT\",\"@id\":\"https:\\\/\\\/staffglobalgroup.com\\\/pt-pt\\\/tercerizacao-comercial\\\/promotor-vendas\\\/#primaryimage\",\"url\":\"https:\\\/\\\/staffglobalgroup.com\\\/wp-content\\\/uploads\\\/Promotores-de-venta_boton-cuadrado.jpg\",\"contentUrl\":\"https:\\\/\\\/staffglobalgroup.com\\\/wp-content\\\/uploads\\\/Promotores-de-venta_boton-cuadrado.jpg\",\"width\":730,\"height\":730},{\"@type\":\"BreadcrumbList\",\"@id\":\"https:\\\/\\\/staffglobalgroup.com\\\/pt-pt\\\/tercerizacao-comercial\\\/promotor-vendas\\\/#breadcrumb\",\"itemListElement\":[{\"@type\":\"ListItem\",\"position\":1,\"name\":\"Home\",\"item\":\"https:\\\/\\\/staffglobalgroup.com\\\/pt-pt\\\/\"},{\"@type\":\"ListItem\",\"position\":2,\"name\":\"Outsourcing comercial\",\"item\":\"https:\\\/\\\/staffglobalgroup.com\\\/pt-pt\\\/tercerizacao-comercial\\\/\"},{\"@type\":\"ListItem\",\"position\":3,\"name\":\"Promotores de vendas \u2013 Conex\u00e3o direta com o consumidor final\"}]},{\"@type\":\"WebSite\",\"@id\":\"https:\\\/\\\/staffglobalgroup.com\\\/pt-pt\\\/#website\",\"url\":\"https:\\\/\\\/staffglobalgroup.com\\\/pt-pt\\\/\",\"name\":\"Staff Global Group\",\"description\":\"Integral Outsourcing Services\",\"potentialAction\":[{\"@type\":\"SearchAction\",\"target\":{\"@type\":\"EntryPoint\",\"urlTemplate\":\"https:\\\/\\\/staffglobalgroup.com\\\/pt-pt\\\/?s={search_term_string}\"},\"query-input\":{\"@type\":\"PropertyValueSpecification\",\"valueRequired\":true,\"valueName\":\"search_term_string\"}}],\"inLanguage\":\"pt-PT\"}]}<\/script>\n<!-- \/ Yoast SEO plugin. -->","yoast_head_json":{"title":"Ag\u00eancia de Promotores & Brand Ambassadors | Staff Global Group","description":"A Staff Global Group \u00e9 a ag\u00eancia de promotor de vendas que oferece brand ambassadors para representar sua marca com impacto e resultados.","robots":{"index":"index","follow":"follow","max-snippet":"max-snippet:-1","max-image-preview":"max-image-preview:large","max-video-preview":"max-video-preview:-1"},"canonical":"https:\/\/staffglobalgroup.com\/pt-pt\/tercerizacao-comercial\/promotor-vendas\/","og_locale":"pt_PT","og_type":"article","og_title":"Ag\u00eancia de Promotores & Brand Ambassadors | Staff Global Group","og_description":"A Staff Global Group \u00e9 a ag\u00eancia de promotor de vendas que oferece brand ambassadors para representar sua marca com impacto e resultados.","og_url":"https:\/\/staffglobalgroup.com\/pt-pt\/tercerizacao-comercial\/promotor-vendas\/","og_site_name":"Staff Global Group","article_publisher":"https:\/\/www.facebook.com\/StaffGlobalGroup\/","article_modified_time":"2025-11-12T08:34:43+00:00","og_image":[{"width":730,"height":730,"url":"https:\/\/staffglobalgroup.com\/wp-content\/uploads\/Promotores-de-venta_boton-cuadrado.jpg","type":"image\/jpeg"}],"twitter_card":"summary_large_image","twitter_misc":{"Tempo estimado de leitura":"4 minutos"},"schema":{"@context":"https:\/\/schema.org","@graph":[{"@type":"WebPage","@id":"https:\/\/staffglobalgroup.com\/pt-pt\/tercerizacao-comercial\/promotor-vendas\/","url":"https:\/\/staffglobalgroup.com\/pt-pt\/tercerizacao-comercial\/promotor-vendas\/","name":"Ag\u00eancia de Promotores & Brand Ambassadors | Staff Global Group","isPartOf":{"@id":"https:\/\/staffglobalgroup.com\/pt-pt\/#website"},"primaryImageOfPage":{"@id":"https:\/\/staffglobalgroup.com\/pt-pt\/tercerizacao-comercial\/promotor-vendas\/#primaryimage"},"image":{"@id":"https:\/\/staffglobalgroup.com\/pt-pt\/tercerizacao-comercial\/promotor-vendas\/#primaryimage"},"thumbnailUrl":"https:\/\/staffglobalgroup.com\/wp-content\/uploads\/Promotores-de-venta_boton-cuadrado.jpg","datePublished":"2024-01-23T10:01:34+00:00","dateModified":"2025-11-12T08:34:43+00:00","description":"A Staff Global Group \u00e9 a ag\u00eancia de promotor de vendas que oferece brand ambassadors para representar sua marca com impacto e resultados.","breadcrumb":{"@id":"https:\/\/staffglobalgroup.com\/pt-pt\/tercerizacao-comercial\/promotor-vendas\/#breadcrumb"},"inLanguage":"pt-PT","potentialAction":[{"@type":"ReadAction","target":["https:\/\/staffglobalgroup.com\/pt-pt\/tercerizacao-comercial\/promotor-vendas\/"]}]},{"@type":"ImageObject","inLanguage":"pt-PT","@id":"https:\/\/staffglobalgroup.com\/pt-pt\/tercerizacao-comercial\/promotor-vendas\/#primaryimage","url":"https:\/\/staffglobalgroup.com\/wp-content\/uploads\/Promotores-de-venta_boton-cuadrado.jpg","contentUrl":"https:\/\/staffglobalgroup.com\/wp-content\/uploads\/Promotores-de-venta_boton-cuadrado.jpg","width":730,"height":730},{"@type":"BreadcrumbList","@id":"https:\/\/staffglobalgroup.com\/pt-pt\/tercerizacao-comercial\/promotor-vendas\/#breadcrumb","itemListElement":[{"@type":"ListItem","position":1,"name":"Home","item":"https:\/\/staffglobalgroup.com\/pt-pt\/"},{"@type":"ListItem","position":2,"name":"Outsourcing comercial","item":"https:\/\/staffglobalgroup.com\/pt-pt\/tercerizacao-comercial\/"},{"@type":"ListItem","position":3,"name":"Promotores de vendas \u2013 Conex\u00e3o direta com o consumidor final"}]},{"@type":"WebSite","@id":"https:\/\/staffglobalgroup.com\/pt-pt\/#website","url":"https:\/\/staffglobalgroup.com\/pt-pt\/","name":"Staff Global Group","description":"Integral Outsourcing Services","potentialAction":[{"@type":"SearchAction","target":{"@type":"EntryPoint","urlTemplate":"https:\/\/staffglobalgroup.com\/pt-pt\/?s={search_term_string}"},"query-input":{"@type":"PropertyValueSpecification","valueRequired":true,"valueName":"search_term_string"}}],"inLanguage":"pt-PT"}]}},"_links":{"self":[{"href":"https:\/\/staffglobalgroup.com\/pt-pt\/wp-json\/wp\/v2\/pages\/4297","targetHints":{"allow":["GET"]}}],"collection":[{"href":"https:\/\/staffglobalgroup.com\/pt-pt\/wp-json\/wp\/v2\/pages"}],"about":[{"href":"https:\/\/staffglobalgroup.com\/pt-pt\/wp-json\/wp\/v2\/types\/page"}],"author":[{"embeddable":true,"href":"https:\/\/staffglobalgroup.com\/pt-pt\/wp-json\/wp\/v2\/users\/1"}],"replies":[{"embeddable":true,"href":"https:\/\/staffglobalgroup.com\/pt-pt\/wp-json\/wp\/v2\/comments?post=4297"}],"version-history":[{"count":7,"href":"https:\/\/staffglobalgroup.com\/pt-pt\/wp-json\/wp\/v2\/pages\/4297\/revisions"}],"predecessor-version":[{"id":15119,"href":"https:\/\/staffglobalgroup.com\/pt-pt\/wp-json\/wp\/v2\/pages\/4297\/revisions\/15119"}],"up":[{"embeddable":true,"href":"https:\/\/staffglobalgroup.com\/pt-pt\/wp-json\/wp\/v2\/pages\/4261"}],"wp:featuredmedia":[{"embeddable":true,"href":"https:\/\/staffglobalgroup.com\/pt-pt\/wp-json\/wp\/v2\/media\/425"}],"wp:attachment":[{"href":"https:\/\/staffglobalgroup.com\/pt-pt\/wp-json\/wp\/v2\/media?parent=4297"}],"wp:term":[{"taxonomy":"nivel-de-servicio","embeddable":true,"href":"https:\/\/staffglobalgroup.com\/pt-pt\/wp-json\/wp\/v2\/nivel-de-servicio?post=4297"}],"curies":[{"name":"wp","href":"https:\/\/api.w.org\/{rel}","templated":true}]}}