{"id":4273,"date":"2024-01-23T11:08:04","date_gmt":"2024-01-23T10:08:04","guid":{"rendered":"https:\/\/staffglobalgroup.com\/logistica-promocional\/"},"modified":"2025-07-16T13:17:00","modified_gmt":"2025-07-16T11:17:00","slug":"logistica-promocional","status":"publish","type":"page","link":"https:\/\/staffglobalgroup.com\/pt-pt\/consultor-retail-consultoria-de-varejo-solucoes-staff-global-group\/agencia-merchandising\/logistica-promocional\/","title":{"rendered":"Log\u00edstica promocional"},"content":{"rendered":"","protected":false},"excerpt":{"rendered":"","protected":false},"author":1,"featured_media":1343,"parent":4276,"menu_order":0,"comment_status":"closed","ping_status":"closed","template":"page-servicio.php","meta":{"_acf_changed":false,"footnotes":""},"nivel-de-servicio":[17],"class_list":["post-4273","page","type-page","status-publish","has-post-thumbnail","hentry","nivel-de-servicio-nivel-3"],"acf":[],"yoast_head":"<!-- This site is optimized with the Yoast SEO plugin v27.4 - https:\/\/yoast.com\/product\/yoast-seo-wordpress\/ -->\n<title>\u25b7 Log\u00edstica Promocional para Sua Empresa | Staff Global Group<\/title>\n<meta name=\"description\" content=\"Oferecemos servi\u00e7os de log\u00edstica promocional eficazes: armazenagem estrat\u00e9gica, distribui\u00e7\u00e3o, picking, packing e log\u00edstica reversa. Contate-nos!\" \/>\n<meta name=\"robots\" content=\"index, follow, max-snippet:-1, max-image-preview:large, max-video-preview:-1\" \/>\n<link rel=\"canonical\" href=\"https:\/\/staffglobalgroup.com\/pt-pt\/consultor-retail-consultoria-de-varejo-solucoes-staff-global-group\/agencia-merchandising\/logistica-promocional\/\" \/>\n<meta property=\"og:locale\" content=\"pt_PT\" \/>\n<meta property=\"og:type\" content=\"article\" \/>\n<meta property=\"og:title\" content=\"\u25b7 Log\u00edstica Promocional para Sua Empresa | Staff Global Group\" \/>\n<meta property=\"og:description\" content=\"Oferecemos servi\u00e7os de log\u00edstica promocional eficazes: armazenagem estrat\u00e9gica, distribui\u00e7\u00e3o, picking, packing e log\u00edstica reversa. Contate-nos!\" \/>\n<meta property=\"og:url\" content=\"https:\/\/staffglobalgroup.com\/pt-pt\/consultor-retail-consultoria-de-varejo-solucoes-staff-global-group\/agencia-merchandising\/logistica-promocional\/\" \/>\n<meta property=\"og:site_name\" content=\"Staff Global Group\" \/>\n<meta property=\"article:publisher\" content=\"https:\/\/www.facebook.com\/StaffGlobalGroup\/\" \/>\n<meta property=\"article:modified_time\" content=\"2025-07-16T11:17:00+00:00\" \/>\n<meta property=\"og:image\" content=\"https:\/\/staffglobalgroup.com\/wp-content\/uploads\/Logistica-promocional_boton-horizontal.jpg\" \/>\n\t<meta property=\"og:image:width\" content=\"730\" \/>\n\t<meta property=\"og:image:height\" content=\"230\" \/>\n\t<meta property=\"og:image:type\" content=\"image\/jpeg\" \/>\n<meta name=\"twitter:card\" content=\"summary_large_image\" \/>\n<meta name=\"twitter:label1\" content=\"Tempo estimado de leitura\" \/>\n\t<meta name=\"twitter:data1\" content=\"3 minutos\" \/>\n<script type=\"application\/ld+json\" class=\"yoast-schema-graph\">{\"@context\":\"https:\\\/\\\/schema.org\",\"@graph\":[{\"@type\":\"WebPage\",\"@id\":\"https:\\\/\\\/staffglobalgroup.com\\\/pt-pt\\\/consultor-retail-consultoria-de-varejo-solucoes-staff-global-group\\\/agencia-merchandising\\\/logistica-promocional\\\/\",\"url\":\"https:\\\/\\\/staffglobalgroup.com\\\/pt-pt\\\/consultor-retail-consultoria-de-varejo-solucoes-staff-global-group\\\/agencia-merchandising\\\/logistica-promocional\\\/\",\"name\":\"\u25b7 Log\u00edstica Promocional para Sua Empresa | Staff Global Group\",\"isPartOf\":{\"@id\":\"https:\\\/\\\/staffglobalgroup.com\\\/pt-pt\\\/#website\"},\"primaryImageOfPage\":{\"@id\":\"https:\\\/\\\/staffglobalgroup.com\\\/pt-pt\\\/consultor-retail-consultoria-de-varejo-solucoes-staff-global-group\\\/agencia-merchandising\\\/logistica-promocional\\\/#primaryimage\"},\"image\":{\"@id\":\"https:\\\/\\\/staffglobalgroup.com\\\/pt-pt\\\/consultor-retail-consultoria-de-varejo-solucoes-staff-global-group\\\/agencia-merchandising\\\/logistica-promocional\\\/#primaryimage\"},\"thumbnailUrl\":\"https:\\\/\\\/staffglobalgroup.com\\\/wp-content\\\/uploads\\\/Logistica-promocional_boton-horizontal.jpg\",\"datePublished\":\"2024-01-23T10:08:04+00:00\",\"dateModified\":\"2025-07-16T11:17:00+00:00\",\"description\":\"Oferecemos servi\u00e7os de log\u00edstica promocional eficazes: armazenagem estrat\u00e9gica, distribui\u00e7\u00e3o, picking, packing e log\u00edstica reversa. Contate-nos!\",\"breadcrumb\":{\"@id\":\"https:\\\/\\\/staffglobalgroup.com\\\/pt-pt\\\/consultor-retail-consultoria-de-varejo-solucoes-staff-global-group\\\/agencia-merchandising\\\/logistica-promocional\\\/#breadcrumb\"},\"inLanguage\":\"pt-PT\",\"potentialAction\":[{\"@type\":\"ReadAction\",\"target\":[\"https:\\\/\\\/staffglobalgroup.com\\\/pt-pt\\\/consultor-retail-consultoria-de-varejo-solucoes-staff-global-group\\\/agencia-merchandising\\\/logistica-promocional\\\/\"]}]},{\"@type\":\"ImageObject\",\"inLanguage\":\"pt-PT\",\"@id\":\"https:\\\/\\\/staffglobalgroup.com\\\/pt-pt\\\/consultor-retail-consultoria-de-varejo-solucoes-staff-global-group\\\/agencia-merchandising\\\/logistica-promocional\\\/#primaryimage\",\"url\":\"https:\\\/\\\/staffglobalgroup.com\\\/wp-content\\\/uploads\\\/Logistica-promocional_boton-horizontal.jpg\",\"contentUrl\":\"https:\\\/\\\/staffglobalgroup.com\\\/wp-content\\\/uploads\\\/Logistica-promocional_boton-horizontal.jpg\",\"width\":730,\"height\":230},{\"@type\":\"BreadcrumbList\",\"@id\":\"https:\\\/\\\/staffglobalgroup.com\\\/pt-pt\\\/consultor-retail-consultoria-de-varejo-solucoes-staff-global-group\\\/agencia-merchandising\\\/logistica-promocional\\\/#breadcrumb\",\"itemListElement\":[{\"@type\":\"ListItem\",\"position\":1,\"name\":\"Home\",\"item\":\"https:\\\/\\\/staffglobalgroup.com\\\/pt-pt\\\/\"},{\"@type\":\"ListItem\",\"position\":2,\"name\":\"Retail Services\",\"item\":\"https:\\\/\\\/staffglobalgroup.com\\\/pt-pt\\\/consultor-retail-consultoria-de-varejo-solucoes-staff-global-group\\\/\"},{\"@type\":\"ListItem\",\"position\":3,\"name\":\"Merchandising\",\"item\":\"https:\\\/\\\/staffglobalgroup.com\\\/pt-pt\\\/consultor-retail-consultoria-de-varejo-solucoes-staff-global-group\\\/agencia-merchandising\\\/\"},{\"@type\":\"ListItem\",\"position\":4,\"name\":\"Log\u00edstica promocional\"}]},{\"@type\":\"WebSite\",\"@id\":\"https:\\\/\\\/staffglobalgroup.com\\\/pt-pt\\\/#website\",\"url\":\"https:\\\/\\\/staffglobalgroup.com\\\/pt-pt\\\/\",\"name\":\"Staff Global Group\",\"description\":\"Integral Outsourcing Services\",\"potentialAction\":[{\"@type\":\"SearchAction\",\"target\":{\"@type\":\"EntryPoint\",\"urlTemplate\":\"https:\\\/\\\/staffglobalgroup.com\\\/pt-pt\\\/?s={search_term_string}\"},\"query-input\":{\"@type\":\"PropertyValueSpecification\",\"valueRequired\":true,\"valueName\":\"search_term_string\"}}],\"inLanguage\":\"pt-PT\"}]}<\/script>\n<!-- \/ Yoast SEO plugin. -->","yoast_head_json":{"title":"\u25b7 Log\u00edstica Promocional para Sua Empresa | Staff Global Group","description":"Oferecemos servi\u00e7os de log\u00edstica promocional eficazes: armazenagem estrat\u00e9gica, distribui\u00e7\u00e3o, picking, packing e log\u00edstica reversa. Contate-nos!","robots":{"index":"index","follow":"follow","max-snippet":"max-snippet:-1","max-image-preview":"max-image-preview:large","max-video-preview":"max-video-preview:-1"},"canonical":"https:\/\/staffglobalgroup.com\/pt-pt\/consultor-retail-consultoria-de-varejo-solucoes-staff-global-group\/agencia-merchandising\/logistica-promocional\/","og_locale":"pt_PT","og_type":"article","og_title":"\u25b7 Log\u00edstica Promocional para Sua Empresa | Staff Global Group","og_description":"Oferecemos servi\u00e7os de log\u00edstica promocional eficazes: armazenagem estrat\u00e9gica, distribui\u00e7\u00e3o, picking, packing e log\u00edstica reversa. Contate-nos!","og_url":"https:\/\/staffglobalgroup.com\/pt-pt\/consultor-retail-consultoria-de-varejo-solucoes-staff-global-group\/agencia-merchandising\/logistica-promocional\/","og_site_name":"Staff Global Group","article_publisher":"https:\/\/www.facebook.com\/StaffGlobalGroup\/","article_modified_time":"2025-07-16T11:17:00+00:00","og_image":[{"width":730,"height":230,"url":"https:\/\/staffglobalgroup.com\/wp-content\/uploads\/Logistica-promocional_boton-horizontal.jpg","type":"image\/jpeg"}],"twitter_card":"summary_large_image","twitter_misc":{"Tempo estimado de leitura":"3 minutos"},"schema":{"@context":"https:\/\/schema.org","@graph":[{"@type":"WebPage","@id":"https:\/\/staffglobalgroup.com\/pt-pt\/consultor-retail-consultoria-de-varejo-solucoes-staff-global-group\/agencia-merchandising\/logistica-promocional\/","url":"https:\/\/staffglobalgroup.com\/pt-pt\/consultor-retail-consultoria-de-varejo-solucoes-staff-global-group\/agencia-merchandising\/logistica-promocional\/","name":"\u25b7 Log\u00edstica Promocional para Sua Empresa | Staff Global Group","isPartOf":{"@id":"https:\/\/staffglobalgroup.com\/pt-pt\/#website"},"primaryImageOfPage":{"@id":"https:\/\/staffglobalgroup.com\/pt-pt\/consultor-retail-consultoria-de-varejo-solucoes-staff-global-group\/agencia-merchandising\/logistica-promocional\/#primaryimage"},"image":{"@id":"https:\/\/staffglobalgroup.com\/pt-pt\/consultor-retail-consultoria-de-varejo-solucoes-staff-global-group\/agencia-merchandising\/logistica-promocional\/#primaryimage"},"thumbnailUrl":"https:\/\/staffglobalgroup.com\/wp-content\/uploads\/Logistica-promocional_boton-horizontal.jpg","datePublished":"2024-01-23T10:08:04+00:00","dateModified":"2025-07-16T11:17:00+00:00","description":"Oferecemos servi\u00e7os de log\u00edstica promocional eficazes: armazenagem estrat\u00e9gica, distribui\u00e7\u00e3o, picking, packing e log\u00edstica reversa. Contate-nos!","breadcrumb":{"@id":"https:\/\/staffglobalgroup.com\/pt-pt\/consultor-retail-consultoria-de-varejo-solucoes-staff-global-group\/agencia-merchandising\/logistica-promocional\/#breadcrumb"},"inLanguage":"pt-PT","potentialAction":[{"@type":"ReadAction","target":["https:\/\/staffglobalgroup.com\/pt-pt\/consultor-retail-consultoria-de-varejo-solucoes-staff-global-group\/agencia-merchandising\/logistica-promocional\/"]}]},{"@type":"ImageObject","inLanguage":"pt-PT","@id":"https:\/\/staffglobalgroup.com\/pt-pt\/consultor-retail-consultoria-de-varejo-solucoes-staff-global-group\/agencia-merchandising\/logistica-promocional\/#primaryimage","url":"https:\/\/staffglobalgroup.com\/wp-content\/uploads\/Logistica-promocional_boton-horizontal.jpg","contentUrl":"https:\/\/staffglobalgroup.com\/wp-content\/uploads\/Logistica-promocional_boton-horizontal.jpg","width":730,"height":230},{"@type":"BreadcrumbList","@id":"https:\/\/staffglobalgroup.com\/pt-pt\/consultor-retail-consultoria-de-varejo-solucoes-staff-global-group\/agencia-merchandising\/logistica-promocional\/#breadcrumb","itemListElement":[{"@type":"ListItem","position":1,"name":"Home","item":"https:\/\/staffglobalgroup.com\/pt-pt\/"},{"@type":"ListItem","position":2,"name":"Retail Services","item":"https:\/\/staffglobalgroup.com\/pt-pt\/consultor-retail-consultoria-de-varejo-solucoes-staff-global-group\/"},{"@type":"ListItem","position":3,"name":"Merchandising","item":"https:\/\/staffglobalgroup.com\/pt-pt\/consultor-retail-consultoria-de-varejo-solucoes-staff-global-group\/agencia-merchandising\/"},{"@type":"ListItem","position":4,"name":"Log\u00edstica promocional"}]},{"@type":"WebSite","@id":"https:\/\/staffglobalgroup.com\/pt-pt\/#website","url":"https:\/\/staffglobalgroup.com\/pt-pt\/","name":"Staff Global Group","description":"Integral Outsourcing Services","potentialAction":[{"@type":"SearchAction","target":{"@type":"EntryPoint","urlTemplate":"https:\/\/staffglobalgroup.com\/pt-pt\/?s={search_term_string}"},"query-input":{"@type":"PropertyValueSpecification","valueRequired":true,"valueName":"search_term_string"}}],"inLanguage":"pt-PT"}]}},"_links":{"self":[{"href":"https:\/\/staffglobalgroup.com\/pt-pt\/wp-json\/wp\/v2\/pages\/4273","targetHints":{"allow":["GET"]}}],"collection":[{"href":"https:\/\/staffglobalgroup.com\/pt-pt\/wp-json\/wp\/v2\/pages"}],"about":[{"href":"https:\/\/staffglobalgroup.com\/pt-pt\/wp-json\/wp\/v2\/types\/page"}],"author":[{"embeddable":true,"href":"https:\/\/staffglobalgroup.com\/pt-pt\/wp-json\/wp\/v2\/users\/1"}],"replies":[{"embeddable":true,"href":"https:\/\/staffglobalgroup.com\/pt-pt\/wp-json\/wp\/v2\/comments?post=4273"}],"version-history":[{"count":3,"href":"https:\/\/staffglobalgroup.com\/pt-pt\/wp-json\/wp\/v2\/pages\/4273\/revisions"}],"predecessor-version":[{"id":11363,"href":"https:\/\/staffglobalgroup.com\/pt-pt\/wp-json\/wp\/v2\/pages\/4273\/revisions\/11363"}],"up":[{"embeddable":true,"href":"https:\/\/staffglobalgroup.com\/pt-pt\/wp-json\/wp\/v2\/pages\/4276"}],"wp:featuredmedia":[{"embeddable":true,"href":"https:\/\/staffglobalgroup.com\/pt-pt\/wp-json\/wp\/v2\/media\/1343"}],"wp:attachment":[{"href":"https:\/\/staffglobalgroup.com\/pt-pt\/wp-json\/wp\/v2\/media?parent=4273"}],"wp:term":[{"taxonomy":"nivel-de-servicio","embeddable":true,"href":"https:\/\/staffglobalgroup.com\/pt-pt\/wp-json\/wp\/v2\/nivel-de-servicio?post=4273"}],"curies":[{"name":"wp","href":"https:\/\/api.w.org\/{rel}","templated":true}]}}