{"id":4270,"date":"2024-01-23T11:09:00","date_gmt":"2024-01-23T10:09:00","guid":{"rendered":"https:\/\/staffglobalgroup.com\/implantacion-y-reposicion\/"},"modified":"2025-07-16T13:17:56","modified_gmt":"2025-07-16T11:17:56","slug":"implementacao-reposicionamento","status":"publish","type":"page","link":"https:\/\/staffglobalgroup.com\/pt-pt\/consultor-retail-consultoria-de-varejo-solucoes-staff-global-group\/agencia-merchandising\/implementacao-reposicionamento\/","title":{"rendered":"Implementa\u00e7\u00e3o e reposi\u00e7\u00e3o"},"content":{"rendered":"","protected":false},"excerpt":{"rendered":"","protected":false},"author":1,"featured_media":1358,"parent":4276,"menu_order":0,"comment_status":"closed","ping_status":"closed","template":"page-servicio.php","meta":{"_acf_changed":false,"footnotes":""},"nivel-de-servicio":[17],"class_list":["post-4270","page","type-page","status-publish","has-post-thumbnail","hentry","nivel-de-servicio-nivel-3"],"acf":[],"yoast_head":"<!-- This site is optimized with the Yoast SEO plugin v27.3 - https:\/\/yoast.com\/product\/yoast-seo-wordpress\/ -->\n<title>\u25b7 Implementa\u00e7\u00e3o de Merchandising | Staff Global Group<\/title>\n<meta name=\"description\" content=\"Servi\u00e7os de implementa\u00e7\u00e3o de merchandising e gerenciamento de invent\u00e1rio. Garantimos a correta implementa\u00e7\u00e3o dos seus produtos. Solicite informa\u00e7\u00f5es agora!\" \/>\n<meta name=\"robots\" content=\"index, follow, max-snippet:-1, max-image-preview:large, max-video-preview:-1\" \/>\n<link rel=\"canonical\" href=\"https:\/\/staffglobalgroup.com\/pt-pt\/consultor-retail-consultoria-de-varejo-solucoes-staff-global-group\/agencia-merchandising\/implementacao-reposicionamento\/\" \/>\n<meta property=\"og:locale\" content=\"pt_PT\" \/>\n<meta property=\"og:type\" content=\"article\" \/>\n<meta property=\"og:title\" content=\"\u25b7 Implementa\u00e7\u00e3o de Merchandising | Staff Global Group\" \/>\n<meta property=\"og:description\" content=\"Servi\u00e7os de implementa\u00e7\u00e3o de merchandising e gerenciamento de invent\u00e1rio. Garantimos a correta implementa\u00e7\u00e3o dos seus produtos. Solicite informa\u00e7\u00f5es agora!\" \/>\n<meta property=\"og:url\" content=\"https:\/\/staffglobalgroup.com\/pt-pt\/consultor-retail-consultoria-de-varejo-solucoes-staff-global-group\/agencia-merchandising\/implementacao-reposicionamento\/\" \/>\n<meta property=\"og:site_name\" content=\"Staff Global Group\" \/>\n<meta property=\"article:publisher\" content=\"https:\/\/www.facebook.com\/StaffGlobalGroup\/\" \/>\n<meta property=\"article:modified_time\" content=\"2025-07-16T11:17:56+00:00\" \/>\n<meta property=\"og:image\" content=\"https:\/\/staffglobalgroup.com\/wp-content\/uploads\/Implantacion-y-reposicion_boton-cuadrado.jpg\" \/>\n\t<meta property=\"og:image:width\" content=\"730\" \/>\n\t<meta property=\"og:image:height\" content=\"730\" \/>\n\t<meta property=\"og:image:type\" content=\"image\/jpeg\" \/>\n<meta name=\"twitter:card\" content=\"summary_large_image\" \/>\n<meta name=\"twitter:label1\" content=\"Tempo estimado de leitura\" \/>\n\t<meta name=\"twitter:data1\" content=\"3 minutos\" \/>\n<script type=\"application\/ld+json\" class=\"yoast-schema-graph\">{\"@context\":\"https:\\\/\\\/schema.org\",\"@graph\":[{\"@type\":\"WebPage\",\"@id\":\"https:\\\/\\\/staffglobalgroup.com\\\/pt-pt\\\/consultor-retail-consultoria-de-varejo-solucoes-staff-global-group\\\/agencia-merchandising\\\/implementacao-reposicionamento\\\/\",\"url\":\"https:\\\/\\\/staffglobalgroup.com\\\/pt-pt\\\/consultor-retail-consultoria-de-varejo-solucoes-staff-global-group\\\/agencia-merchandising\\\/implementacao-reposicionamento\\\/\",\"name\":\"\u25b7 Implementa\u00e7\u00e3o de Merchandising | Staff Global Group\",\"isPartOf\":{\"@id\":\"https:\\\/\\\/staffglobalgroup.com\\\/pt-pt\\\/#website\"},\"primaryImageOfPage\":{\"@id\":\"https:\\\/\\\/staffglobalgroup.com\\\/pt-pt\\\/consultor-retail-consultoria-de-varejo-solucoes-staff-global-group\\\/agencia-merchandising\\\/implementacao-reposicionamento\\\/#primaryimage\"},\"image\":{\"@id\":\"https:\\\/\\\/staffglobalgroup.com\\\/pt-pt\\\/consultor-retail-consultoria-de-varejo-solucoes-staff-global-group\\\/agencia-merchandising\\\/implementacao-reposicionamento\\\/#primaryimage\"},\"thumbnailUrl\":\"https:\\\/\\\/staffglobalgroup.com\\\/wp-content\\\/uploads\\\/Implantacion-y-reposicion_boton-cuadrado.jpg\",\"datePublished\":\"2024-01-23T10:09:00+00:00\",\"dateModified\":\"2025-07-16T11:17:56+00:00\",\"description\":\"Servi\u00e7os de implementa\u00e7\u00e3o de merchandising e gerenciamento de invent\u00e1rio. Garantimos a correta implementa\u00e7\u00e3o dos seus produtos. Solicite informa\u00e7\u00f5es agora!\",\"breadcrumb\":{\"@id\":\"https:\\\/\\\/staffglobalgroup.com\\\/pt-pt\\\/consultor-retail-consultoria-de-varejo-solucoes-staff-global-group\\\/agencia-merchandising\\\/implementacao-reposicionamento\\\/#breadcrumb\"},\"inLanguage\":\"pt-PT\",\"potentialAction\":[{\"@type\":\"ReadAction\",\"target\":[\"https:\\\/\\\/staffglobalgroup.com\\\/pt-pt\\\/consultor-retail-consultoria-de-varejo-solucoes-staff-global-group\\\/agencia-merchandising\\\/implementacao-reposicionamento\\\/\"]}]},{\"@type\":\"ImageObject\",\"inLanguage\":\"pt-PT\",\"@id\":\"https:\\\/\\\/staffglobalgroup.com\\\/pt-pt\\\/consultor-retail-consultoria-de-varejo-solucoes-staff-global-group\\\/agencia-merchandising\\\/implementacao-reposicionamento\\\/#primaryimage\",\"url\":\"https:\\\/\\\/staffglobalgroup.com\\\/wp-content\\\/uploads\\\/Implantacion-y-reposicion_boton-cuadrado.jpg\",\"contentUrl\":\"https:\\\/\\\/staffglobalgroup.com\\\/wp-content\\\/uploads\\\/Implantacion-y-reposicion_boton-cuadrado.jpg\",\"width\":730,\"height\":730},{\"@type\":\"BreadcrumbList\",\"@id\":\"https:\\\/\\\/staffglobalgroup.com\\\/pt-pt\\\/consultor-retail-consultoria-de-varejo-solucoes-staff-global-group\\\/agencia-merchandising\\\/implementacao-reposicionamento\\\/#breadcrumb\",\"itemListElement\":[{\"@type\":\"ListItem\",\"position\":1,\"name\":\"Home\",\"item\":\"https:\\\/\\\/staffglobalgroup.com\\\/pt-pt\\\/\"},{\"@type\":\"ListItem\",\"position\":2,\"name\":\"Retail Services\",\"item\":\"https:\\\/\\\/staffglobalgroup.com\\\/pt-pt\\\/consultor-retail-consultoria-de-varejo-solucoes-staff-global-group\\\/\"},{\"@type\":\"ListItem\",\"position\":3,\"name\":\"Merchandising\",\"item\":\"https:\\\/\\\/staffglobalgroup.com\\\/pt-pt\\\/consultor-retail-consultoria-de-varejo-solucoes-staff-global-group\\\/agencia-merchandising\\\/\"},{\"@type\":\"ListItem\",\"position\":4,\"name\":\"Implementa\u00e7\u00e3o e reposi\u00e7\u00e3o\"}]},{\"@type\":\"WebSite\",\"@id\":\"https:\\\/\\\/staffglobalgroup.com\\\/pt-pt\\\/#website\",\"url\":\"https:\\\/\\\/staffglobalgroup.com\\\/pt-pt\\\/\",\"name\":\"Staff Global Group\",\"description\":\"Integral Outsourcing Services\",\"potentialAction\":[{\"@type\":\"SearchAction\",\"target\":{\"@type\":\"EntryPoint\",\"urlTemplate\":\"https:\\\/\\\/staffglobalgroup.com\\\/pt-pt\\\/?s={search_term_string}\"},\"query-input\":{\"@type\":\"PropertyValueSpecification\",\"valueRequired\":true,\"valueName\":\"search_term_string\"}}],\"inLanguage\":\"pt-PT\"}]}<\/script>\n<!-- \/ Yoast SEO plugin. -->","yoast_head_json":{"title":"\u25b7 Implementa\u00e7\u00e3o de Merchandising | Staff Global Group","description":"Servi\u00e7os de implementa\u00e7\u00e3o de merchandising e gerenciamento de invent\u00e1rio. Garantimos a correta implementa\u00e7\u00e3o dos seus produtos. Solicite informa\u00e7\u00f5es agora!","robots":{"index":"index","follow":"follow","max-snippet":"max-snippet:-1","max-image-preview":"max-image-preview:large","max-video-preview":"max-video-preview:-1"},"canonical":"https:\/\/staffglobalgroup.com\/pt-pt\/consultor-retail-consultoria-de-varejo-solucoes-staff-global-group\/agencia-merchandising\/implementacao-reposicionamento\/","og_locale":"pt_PT","og_type":"article","og_title":"\u25b7 Implementa\u00e7\u00e3o de Merchandising | Staff Global Group","og_description":"Servi\u00e7os de implementa\u00e7\u00e3o de merchandising e gerenciamento de invent\u00e1rio. Garantimos a correta implementa\u00e7\u00e3o dos seus produtos. Solicite informa\u00e7\u00f5es agora!","og_url":"https:\/\/staffglobalgroup.com\/pt-pt\/consultor-retail-consultoria-de-varejo-solucoes-staff-global-group\/agencia-merchandising\/implementacao-reposicionamento\/","og_site_name":"Staff Global Group","article_publisher":"https:\/\/www.facebook.com\/StaffGlobalGroup\/","article_modified_time":"2025-07-16T11:17:56+00:00","og_image":[{"width":730,"height":730,"url":"https:\/\/staffglobalgroup.com\/wp-content\/uploads\/Implantacion-y-reposicion_boton-cuadrado.jpg","type":"image\/jpeg"}],"twitter_card":"summary_large_image","twitter_misc":{"Tempo estimado de leitura":"3 minutos"},"schema":{"@context":"https:\/\/schema.org","@graph":[{"@type":"WebPage","@id":"https:\/\/staffglobalgroup.com\/pt-pt\/consultor-retail-consultoria-de-varejo-solucoes-staff-global-group\/agencia-merchandising\/implementacao-reposicionamento\/","url":"https:\/\/staffglobalgroup.com\/pt-pt\/consultor-retail-consultoria-de-varejo-solucoes-staff-global-group\/agencia-merchandising\/implementacao-reposicionamento\/","name":"\u25b7 Implementa\u00e7\u00e3o de Merchandising | Staff Global Group","isPartOf":{"@id":"https:\/\/staffglobalgroup.com\/pt-pt\/#website"},"primaryImageOfPage":{"@id":"https:\/\/staffglobalgroup.com\/pt-pt\/consultor-retail-consultoria-de-varejo-solucoes-staff-global-group\/agencia-merchandising\/implementacao-reposicionamento\/#primaryimage"},"image":{"@id":"https:\/\/staffglobalgroup.com\/pt-pt\/consultor-retail-consultoria-de-varejo-solucoes-staff-global-group\/agencia-merchandising\/implementacao-reposicionamento\/#primaryimage"},"thumbnailUrl":"https:\/\/staffglobalgroup.com\/wp-content\/uploads\/Implantacion-y-reposicion_boton-cuadrado.jpg","datePublished":"2024-01-23T10:09:00+00:00","dateModified":"2025-07-16T11:17:56+00:00","description":"Servi\u00e7os de implementa\u00e7\u00e3o de merchandising e gerenciamento de invent\u00e1rio. Garantimos a correta implementa\u00e7\u00e3o dos seus produtos. Solicite informa\u00e7\u00f5es agora!","breadcrumb":{"@id":"https:\/\/staffglobalgroup.com\/pt-pt\/consultor-retail-consultoria-de-varejo-solucoes-staff-global-group\/agencia-merchandising\/implementacao-reposicionamento\/#breadcrumb"},"inLanguage":"pt-PT","potentialAction":[{"@type":"ReadAction","target":["https:\/\/staffglobalgroup.com\/pt-pt\/consultor-retail-consultoria-de-varejo-solucoes-staff-global-group\/agencia-merchandising\/implementacao-reposicionamento\/"]}]},{"@type":"ImageObject","inLanguage":"pt-PT","@id":"https:\/\/staffglobalgroup.com\/pt-pt\/consultor-retail-consultoria-de-varejo-solucoes-staff-global-group\/agencia-merchandising\/implementacao-reposicionamento\/#primaryimage","url":"https:\/\/staffglobalgroup.com\/wp-content\/uploads\/Implantacion-y-reposicion_boton-cuadrado.jpg","contentUrl":"https:\/\/staffglobalgroup.com\/wp-content\/uploads\/Implantacion-y-reposicion_boton-cuadrado.jpg","width":730,"height":730},{"@type":"BreadcrumbList","@id":"https:\/\/staffglobalgroup.com\/pt-pt\/consultor-retail-consultoria-de-varejo-solucoes-staff-global-group\/agencia-merchandising\/implementacao-reposicionamento\/#breadcrumb","itemListElement":[{"@type":"ListItem","position":1,"name":"Home","item":"https:\/\/staffglobalgroup.com\/pt-pt\/"},{"@type":"ListItem","position":2,"name":"Retail Services","item":"https:\/\/staffglobalgroup.com\/pt-pt\/consultor-retail-consultoria-de-varejo-solucoes-staff-global-group\/"},{"@type":"ListItem","position":3,"name":"Merchandising","item":"https:\/\/staffglobalgroup.com\/pt-pt\/consultor-retail-consultoria-de-varejo-solucoes-staff-global-group\/agencia-merchandising\/"},{"@type":"ListItem","position":4,"name":"Implementa\u00e7\u00e3o e reposi\u00e7\u00e3o"}]},{"@type":"WebSite","@id":"https:\/\/staffglobalgroup.com\/pt-pt\/#website","url":"https:\/\/staffglobalgroup.com\/pt-pt\/","name":"Staff Global Group","description":"Integral Outsourcing Services","potentialAction":[{"@type":"SearchAction","target":{"@type":"EntryPoint","urlTemplate":"https:\/\/staffglobalgroup.com\/pt-pt\/?s={search_term_string}"},"query-input":{"@type":"PropertyValueSpecification","valueRequired":true,"valueName":"search_term_string"}}],"inLanguage":"pt-PT"}]}},"_links":{"self":[{"href":"https:\/\/staffglobalgroup.com\/pt-pt\/wp-json\/wp\/v2\/pages\/4270","targetHints":{"allow":["GET"]}}],"collection":[{"href":"https:\/\/staffglobalgroup.com\/pt-pt\/wp-json\/wp\/v2\/pages"}],"about":[{"href":"https:\/\/staffglobalgroup.com\/pt-pt\/wp-json\/wp\/v2\/types\/page"}],"author":[{"embeddable":true,"href":"https:\/\/staffglobalgroup.com\/pt-pt\/wp-json\/wp\/v2\/users\/1"}],"replies":[{"embeddable":true,"href":"https:\/\/staffglobalgroup.com\/pt-pt\/wp-json\/wp\/v2\/comments?post=4270"}],"version-history":[{"count":4,"href":"https:\/\/staffglobalgroup.com\/pt-pt\/wp-json\/wp\/v2\/pages\/4270\/revisions"}],"predecessor-version":[{"id":5778,"href":"https:\/\/staffglobalgroup.com\/pt-pt\/wp-json\/wp\/v2\/pages\/4270\/revisions\/5778"}],"up":[{"embeddable":true,"href":"https:\/\/staffglobalgroup.com\/pt-pt\/wp-json\/wp\/v2\/pages\/4276"}],"wp:featuredmedia":[{"embeddable":true,"href":"https:\/\/staffglobalgroup.com\/pt-pt\/wp-json\/wp\/v2\/media\/1358"}],"wp:attachment":[{"href":"https:\/\/staffglobalgroup.com\/pt-pt\/wp-json\/wp\/v2\/media?parent=4270"}],"wp:term":[{"taxonomy":"nivel-de-servicio","embeddable":true,"href":"https:\/\/staffglobalgroup.com\/pt-pt\/wp-json\/wp\/v2\/nivel-de-servicio?post=4270"}],"curies":[{"name":"wp","href":"https:\/\/api.w.org\/{rel}","templated":true}]}}