{"id":4267,"date":"2023-11-29T18:56:21","date_gmt":"2023-11-29T17:56:21","guid":{"rendered":"https:\/\/staffglobalgroup.com\/politica-de-privacidad\/"},"modified":"2025-01-28T12:45:22","modified_gmt":"2025-01-28T11:45:22","slug":"politica-de-privacidad","status":"publish","type":"page","link":"https:\/\/staffglobalgroup.com\/pt-pt\/politica-de-privacidad\/","title":{"rendered":"Pol\u00edtica de Privacidade"},"content":{"rendered":"\r\n<p>Na Staff Premium, S.L. trabalhamos para garantir a privacidade no tratamento dos seus dados pessoais. Atualiz\u00e1mos a nossa Pol\u00edtica de Privacidade para o informar claramente sobre a forma como recolhemos, utilizamos e salvaguardamos os dados das pessoas que contactam a nossa empresa, de acordo com o Regulamento Europeu e a Lei Org\u00e2nica 3\/2018 de 5 de dezembro de Prote\u00e7\u00e3o de Dados:<\/p>\r\n<h2 class=\"wp-block-heading\"><strong>Respons\u00e1vel pelo tratamento de dados<\/strong><\/h2>\r\n<p>A parte interessada que fornece \u00e0 Staff Premium, S.L. os seus dados pessoais atrav\u00e9s do nosso site ou por outros meios (por exemplo, atrav\u00e9s de e-mail) \u00e9 informada de que o tratamento dos seus dados \u00e9 realizado por:<\/p>\r\n<p>STAFF PREMIUM, S.L.<\/p>\r\n<p>CIF B-87588976<\/p>\r\n<p>Sede social em Carrer Llu\u00e7\u00e0 28, Entresuelo, 08028 Barcelona.Telefone: +34 932 18 24 20Email: <a href=\"mailto:rgpd@staffglobalgroup.com\">rgpd@staffglobalgroup.com<\/a><\/p>\r\n<h2><strong>Respons\u00e1vel pela Prote\u00e7\u00e3o de Dados<\/strong><\/h2>\r\n<p>Tamb\u00e9m informamos que temos um Encarregado de Prote\u00e7\u00e3o de Dados (DPO) que garante a conformidade com os regulamentos de prote\u00e7\u00e3o de dados e os detalhes de contato do nosso DPO s\u00e3o:<\/p>\r\n<p>Correio eletr\u00f3nico: <a href=\"mailto:rgpd@staffglobalgroup.com\">rgpd@staffglobalgroup.com<\/a><\/p>\r\n<h2><strong>Finalidades do tratamento de dados<\/strong><\/h2>\r\n<p>Na Staff Premium, S.L., o tratamento de dados \u00e9 realizado para as seguintes finalidades, dependendo do motivo pelo qual os forneceu:<\/p>\r\n<p>Se nos fornecer os seus dados como cliente ou potencial cliente:<\/p>\r\n<ol>\r\n<li>Contacte o remetente da informa\u00e7\u00e3o, responda ao seu requisito, pedido, pedido ou consulta e acompanhe posteriormente.<\/li>\r\n<li>Cria\u00e7\u00e3o de dados no nosso ficheiro de cliente para gerar qualquer informa\u00e7\u00e3o relacionada com o evento ou servi\u00e7o solicitado, tratamento de incidentes, administra\u00e7\u00e3o, contabilidade e faturas correspondentes.<\/li>\r\n<li>Gerir, se for caso disso, a contrata\u00e7\u00e3o dos servi\u00e7os ou produtos solicitados pelo UTILIZADOR e servi\u00e7os adicionais, a sua fatura\u00e7\u00e3o e cobran\u00e7a.<\/li>\r\n<li>Todas as finalidades s\u00e3o limitadas e relacionadas com o objetivo principal da empresa, que \u00e9 a gest\u00e3o de servi\u00e7os abrangentes de marketing, eventos e a\u00e7\u00f5es especiais, abrangendo todas as fases e necessidades poss\u00edveis.<\/li>\r\n<\/ol>\r\n<p>Se nos fornecer os seus dados como candidato ao nosso banco de empregos:<\/p>\r\n<ol>\r\n<li>Contacte o remetente da informa\u00e7\u00e3o, responda ao seu requisito, pedido, pedido ou consulta e acompanhe posteriormente.<\/li>\r\n<li>Inclus\u00e3o na nossa base de dados de potenciais candidatos para os eventos que organizamos. O seu estatuto de funcion\u00e1rio implica o seu registo na nossa aplica\u00e7\u00e3o GlobalApp e a aceita\u00e7\u00e3o dos nossos regulamentos de seguran\u00e7a e textos legais.<\/li>\r\n<li>Transfer\u00eancia dos seus dados para clientes que exigem um casting do evento contratado. Esta tarefa envolve fornecer apenas nome e foto. Tamb\u00e9m a possibilidade de solicitar refer\u00eancias profissionais em entidades onde tenham sido previamente contratados.<\/li>\r\n<li>Todas as finalidades s\u00e3o limitadas e relacionadas com o objetivo principal da empresa, que \u00e9 a gest\u00e3o de servi\u00e7os abrangentes de marketing, eventos e a\u00e7\u00f5es especiais, abrangendo todas as fases e necessidades poss\u00edveis.<\/li>\r\n<\/ol>\r\n<p>Se nos fornecer os seus dados enquanto funcion\u00e1rio:<\/p>\r\n<ol>\r\n<li>Contacte o remetente da informa\u00e7\u00e3o, responda ao seu requisito, pedido, pedido ou consulta e acompanhe posteriormente.<\/li>\r\n<li>Cria\u00e7\u00e3o de dados em nosso arquivo ativo de funcion\u00e1rios. Qualquer tratamento derivado da rela\u00e7\u00e3o de trabalho que nos vincula. O seu estatuto de funcion\u00e1rio implica o seu registo na nossa aplica\u00e7\u00e3o GlobalApp e a aceita\u00e7\u00e3o dos nossos regulamentos de seguran\u00e7a e textos legais.<\/li>\r\n<li>Todas as finalidades s\u00e3o limitadas e relacionadas com o objetivo principal da empresa, que \u00e9 a gest\u00e3o de servi\u00e7os abrangentes de marketing, eventos e a\u00e7\u00f5es especiais, abrangendo todas as fases e necessidades poss\u00edveis.<\/li>\r\n<\/ol>\r\n<p>Assim, a Staff Premium, S.L. processa a informa\u00e7\u00e3o fornecida pelos interessados no formul\u00e1rio de contacto ou seguindo e preenchendo os campos obrigat\u00f3rios para o pedido de informa\u00e7\u00e3o, contrata\u00e7\u00e3o de servi\u00e7os ou similares, de forma a identificar interessados, potenciais clientes interessados na organiza\u00e7\u00e3o de eventos, gerir os servi\u00e7os contratados e servi\u00e7os adicionais conexos oferecidos.<\/p>\r\n<p>A priori, n\u00e3o \u00e9 necess\u00e1rio que forne\u00e7a quaisquer dados pessoais para navegar neste website.<\/p>\r\n<h2><strong>Dura\u00e7\u00e3o do tratamento dos dados<\/strong><\/h2>\r\n<ul>\r\n<li>Os dados para a gest\u00e3o da rela\u00e7\u00e3o com o cliente e a fatura\u00e7\u00e3o e cobran\u00e7a dos servi\u00e7os ser\u00e3o conservados enquanto o contrato estiver em vigor. Uma vez terminada esta rela\u00e7\u00e3o, se for caso disso, os dados podem ser conservados durante o tempo exigido pela legisla\u00e7\u00e3o aplic\u00e1vel e at\u00e9 ao termo de quaisquer responsabilidades decorrentes do contrato.<\/li>\r\n<li>Os dados para a gest\u00e3o de consultas e pedidos ser\u00e3o conservados pelo tempo necess\u00e1rio para lhes dar resposta, com o prazo m\u00e1ximo de um ano ou at\u00e9 existir um interesse leg\u00edtimo.<\/li>\r\n<li>Os dados para o envio de comunica\u00e7\u00f5es comerciais ou newsletters sobre os nossos produtos ou servi\u00e7os ser\u00e3o mantidos indefinidamente at\u00e9 que, quando apropriado, manifeste o seu desejo de os eliminar.<\/li>\r\n<\/ul>\r\n<h2><strong>Legitimidade do tratamento de dados<\/strong><\/h2>\r\n<ul>\r\n<li>A base legal para o processamento de seus dados para as finalidades acima \u00e9 a execu\u00e7\u00e3o da presta\u00e7\u00e3o do servi\u00e7o ou contrato de servi\u00e7o correspondente.<\/li>\r\n<li>Os dados ser\u00e3o conservados enquanto existir um interesse m\u00fatuo das partes, seja devido \u00e0 validade do contrato ou ao consentimento. Por outro lado, os dados permanecer\u00e3o com a empresa em conformidade com os regulamentos obrigat\u00f3rios e at\u00e9 que os prazos de limita\u00e7\u00e3o sejam ultrapassados.<\/li>\r\n<li>A presta\u00e7\u00e3o de consentimento inequ\u00edvoco.<\/li>\r\n<li>A satisfa\u00e7\u00e3o do interesse comercial leg\u00edtimo que consiste em poder oferecer aos nossos clientes a contrata\u00e7\u00e3o de produtos ou servi\u00e7os e assim alcan\u00e7ar a sua fideliza\u00e7\u00e3o. Este interesse leg\u00edtimo \u00e9 reconhecido pelos regulamentos legais aplic\u00e1veis (Regulamento Geral de Prote\u00e7\u00e3o de Dados), que permitem expressamente o tratamento de dados pessoais com essa base legal para fins de marketing direto. (\u00c9 necess\u00e1rio consentimento espec\u00edfico)<\/li>\r\n<li>No caso dos trabalhadores por conta de outrem, a base jur\u00eddica \u00e9 o contrato de trabalho.<\/li>\r\n<\/ul>\r\n<p>No entanto, lembramos que voc\u00ea tem o direito de se opor a esse processamento de seus dados, e voc\u00ea pode faz\u00ea-lo por qualquer um dos meios descritos nesta Pol\u00edtica.<\/p>\r\n<h2><strong>Divulga\u00e7\u00e3o dos seus dados<\/strong><\/h2>\r\n<p>Os dados podem ser comunicados \u00e0s seguintes entidades:<\/p>\r\n<ul>\r\n<li>Aos nossos colaboradores necess\u00e1rios \u00e0 execu\u00e7\u00e3o do servi\u00e7o solicitado.<\/li>\r\n<li>Aos anfitri\u00f5es, organizadores ou propriet\u00e1rios onde os servi\u00e7os ou eventos s\u00e3o realizados, se aplic\u00e1vel.<\/li>\r\n<li>Aos nossos colaboradores regulares motivados pela solicita\u00e7\u00e3o de servi\u00e7os que n\u00e3o prestamos diretamente, mas que recomendamos pela sua experi\u00eancia e profissionalismo (transporte, limpeza, montagem e outros servi\u00e7os complementares) e que s\u00e3o necess\u00e1rios para a execu\u00e7\u00e3o da encomenda<\/li>\r\n<li>\u00c0s institui\u00e7\u00f5es financeiras atrav\u00e9s das quais se articula a gest\u00e3o de cobran\u00e7as e pagamentos.<\/li>\r\n<li>\u00c0s administra\u00e7\u00f5es p\u00fablicas competentes, nos casos previstos na lei e para os fins nela definidos.<\/li>\r\n<\/ul>\r\n<h2><strong>Os seus direitos<\/strong><\/h2>\r\n<p>Qualquer pessoa que nos forne\u00e7a os seus dados tem os seguintes direitos:<\/p>\r\n<ul>\r\n<li>Os clientes podem exercer o seu direito de acesso, retifica\u00e7\u00e3o, oposi\u00e7\u00e3o ou elimina\u00e7\u00e3o na morada que consta da informa\u00e7\u00e3o por camada (estabelecimento ou por email ou na morada no in\u00edcio da carta), bem como atrav\u00e9s do nosso website. Informamos tamb\u00e9m potenciais titulares de dados que t\u00eam o direito de solicitar o direito \u00e0 portabilidade dos seus dados, se for caso disso, \u00e0 limita\u00e7\u00e3o do tratamento que \u00e9 efetuado quando a finalidade j\u00e1 n\u00e3o existe ou \u00e0 oposi\u00e7\u00e3o espec\u00edfica a um tratamento espec\u00edfico.<\/li>\r\n<li>A parte interessada ou afetada pelo tratamento tem o direito de retirar o seu consentimento a qualquer momento.<\/li>\r\n<li>Por fim, o cliente ou utilizador afetado tem o direito de contactar a Ag\u00eancia de Prote\u00e7\u00e3o de Dados ou outra autoridade de controlo competente, entidade que gere qualquer aspeto relacionado com a aplica\u00e7\u00e3o dos regulamentos de prote\u00e7\u00e3o de dados e onde o utilizador possa defender os seus interesses caso considere adequado, o website \u00e9 <a href=\"http:\/\/www.agpd.es\/\">www.agpd.es<\/a>.<\/li>\r\n<\/ul>\r\n<h2><strong>Transfer\u00eancias Internacionais<\/strong><\/h2>\r\n<p>Os seus dados n\u00e3o s\u00e3o transmitidos para fora da Uni\u00e3o Europeia, quando apropriado, seria necess\u00e1rio solicitar o seu consentimento expresso.<\/p>\r\n<h2><strong>Dados de terceiros<\/strong><\/h2>\r\n<p>Caso forne\u00e7a dados de terceiros, assume a responsabilidade de os informar previamente de todas as disposi\u00e7\u00f5es do artigo 14.\u00ba do Regulamento Geral de Prote\u00e7\u00e3o de Dados nas condi\u00e7\u00f5es estabelecidas no referido preceito.<\/p>\r\n<h2><strong>Atualizar os seus dados<\/strong><\/h2>\r\n<p>No caso de qualquer modifica\u00e7\u00e3o dos seus dados ou se detetar que algum dado est\u00e1 incorreto, por favor notifique-nos para que possa ser corrigido, a fim de manter os dados atualizados.<\/p>\r\n<p>Informa\u00e7\u00f5es adicionais: Canais de informa\u00e7\u00e3o:<\/p>\r\n<p>1\u00ba.- Correio eletr\u00f3nico: <a href=\"mailto:rgpd@staffglobalgroup.com\">rgpd@staffglobalgroup.com<\/a><\/p>\r\n<p>2\u00ba.- Telefone: Ligando para o nosso n\u00famero de atendimento ao cliente 93-218 24 20 onde voc\u00ea ser\u00e1 atendido por nossa equipe<\/p>\r\n<p>3\u00ba.- No pr\u00f3prio estabelecimento. Calle Llu\u00e7\u00e0 28, Entresuelo, 08028 Barcelona<\/p>\r\n<p>4.- Atrav\u00e9s dos nossos textos legais exibidos no website, <a href=\"https:\/\/old-staff-global-group.holarafa.io\/\">staffglobalgroup.com<\/a>, especificamente nas sec\u00e7\u00f5es, &#8220;Aviso Legal&#8221;, &#8220;Pol\u00edtica de Privacidade&#8221; e formul\u00e1rios de contacto.<\/p>\r\n<p>&nbsp;<\/p>\r\n<p>\u00a9 2025\u2013 &#8220;STAFF PREMIUM, S.L.&#8221;<\/p>\r\n<p>Todos os direitos reservados<\/p>\r\n","protected":false},"excerpt":{"rendered":"<p>Na Staff Premium, S.L. trabalhamos para garantir a privacidade no tratamento dos seus dados pessoais. Atualiz\u00e1mos a nossa Pol\u00edtica de Privacidade para o informar claramente sobre a forma como recolhemos, utilizamos e salvaguardamos os dados das pessoas que contactam a nossa empresa, de acordo com o Regulamento Europeu e a [&hellip;]<\/p>\n","protected":false},"author":1,"featured_media":0,"parent":0,"menu_order":0,"comment_status":"closed","ping_status":"closed","template":"page-legal.php","meta":{"_acf_changed":false,"footnotes":""},"nivel-de-servicio":[],"class_list":["post-4267","page","type-page","status-publish","hentry"],"acf":[],"yoast_head":"<!-- This site is optimized with the Yoast SEO plugin v27.3 - https:\/\/yoast.com\/product\/yoast-seo-wordpress\/ -->\n<title>Pol\u00edtica de Privacidade | Staff Global Group<\/title>\n<meta name=\"robots\" content=\"noindex, nofollow\" \/>\n<meta property=\"og:locale\" content=\"pt_PT\" \/>\n<meta property=\"og:type\" content=\"article\" \/>\n<meta property=\"og:title\" content=\"Pol\u00edtica de Privacidade | Staff Global Group\" \/>\n<meta property=\"og:description\" content=\"Na Staff Premium, S.L. trabalhamos para garantir a privacidade no tratamento dos seus dados pessoais. Atualiz\u00e1mos a nossa Pol\u00edtica de Privacidade para o informar claramente sobre a forma como recolhemos, utilizamos e salvaguardamos os dados das pessoas que contactam a nossa empresa, de acordo com o Regulamento Europeu e a [&hellip;]\" \/>\n<meta property=\"og:url\" content=\"https:\/\/staffglobalgroup.com\/pt-pt\/politica-de-privacidad\/\" \/>\n<meta property=\"og:site_name\" content=\"Staff Global Group\" \/>\n<meta property=\"article:publisher\" content=\"https:\/\/www.facebook.com\/StaffGlobalGroup\/\" \/>\n<meta property=\"article:modified_time\" content=\"2025-01-28T11:45:22+00:00\" \/>\n<meta name=\"twitter:card\" content=\"summary_large_image\" \/>\n<meta name=\"twitter:label1\" content=\"Tempo estimado de leitura\" \/>\n\t<meta name=\"twitter:data1\" content=\"7 minutos\" \/>\n<script type=\"application\/ld+json\" class=\"yoast-schema-graph\">{\"@context\":\"https:\\\/\\\/schema.org\",\"@graph\":[{\"@type\":\"WebPage\",\"@id\":\"https:\\\/\\\/staffglobalgroup.com\\\/pt-pt\\\/politica-de-privacidad\\\/\",\"url\":\"https:\\\/\\\/staffglobalgroup.com\\\/pt-pt\\\/politica-de-privacidad\\\/\",\"name\":\"Pol\u00edtica de Privacidade | Staff Global Group\",\"isPartOf\":{\"@id\":\"https:\\\/\\\/staffglobalgroup.com\\\/pt-pt\\\/#website\"},\"datePublished\":\"2023-11-29T17:56:21+00:00\",\"dateModified\":\"2025-01-28T11:45:22+00:00\",\"breadcrumb\":{\"@id\":\"https:\\\/\\\/staffglobalgroup.com\\\/pt-pt\\\/politica-de-privacidad\\\/#breadcrumb\"},\"inLanguage\":\"pt-PT\",\"potentialAction\":[{\"@type\":\"ReadAction\",\"target\":[\"https:\\\/\\\/staffglobalgroup.com\\\/pt-pt\\\/politica-de-privacidad\\\/\"]}]},{\"@type\":\"BreadcrumbList\",\"@id\":\"https:\\\/\\\/staffglobalgroup.com\\\/pt-pt\\\/politica-de-privacidad\\\/#breadcrumb\",\"itemListElement\":[{\"@type\":\"ListItem\",\"position\":1,\"name\":\"Home\",\"item\":\"https:\\\/\\\/staffglobalgroup.com\\\/pt-pt\\\/\"},{\"@type\":\"ListItem\",\"position\":2,\"name\":\"Pol\u00edtica de Privacidade\"}]},{\"@type\":\"WebSite\",\"@id\":\"https:\\\/\\\/staffglobalgroup.com\\\/pt-pt\\\/#website\",\"url\":\"https:\\\/\\\/staffglobalgroup.com\\\/pt-pt\\\/\",\"name\":\"Staff Global Group\",\"description\":\"Integral Outsourcing Services\",\"potentialAction\":[{\"@type\":\"SearchAction\",\"target\":{\"@type\":\"EntryPoint\",\"urlTemplate\":\"https:\\\/\\\/staffglobalgroup.com\\\/pt-pt\\\/?s={search_term_string}\"},\"query-input\":{\"@type\":\"PropertyValueSpecification\",\"valueRequired\":true,\"valueName\":\"search_term_string\"}}],\"inLanguage\":\"pt-PT\"}]}<\/script>\n<!-- \/ Yoast SEO plugin. -->","yoast_head_json":{"title":"Pol\u00edtica de Privacidade | Staff Global Group","robots":{"index":"noindex","follow":"nofollow"},"og_locale":"pt_PT","og_type":"article","og_title":"Pol\u00edtica de Privacidade | Staff Global Group","og_description":"Na Staff Premium, S.L. trabalhamos para garantir a privacidade no tratamento dos seus dados pessoais. Atualiz\u00e1mos a nossa Pol\u00edtica de Privacidade para o informar claramente sobre a forma como recolhemos, utilizamos e salvaguardamos os dados das pessoas que contactam a nossa empresa, de acordo com o Regulamento Europeu e a [&hellip;]","og_url":"https:\/\/staffglobalgroup.com\/pt-pt\/politica-de-privacidad\/","og_site_name":"Staff Global Group","article_publisher":"https:\/\/www.facebook.com\/StaffGlobalGroup\/","article_modified_time":"2025-01-28T11:45:22+00:00","twitter_card":"summary_large_image","twitter_misc":{"Tempo estimado de leitura":"7 minutos"},"schema":{"@context":"https:\/\/schema.org","@graph":[{"@type":"WebPage","@id":"https:\/\/staffglobalgroup.com\/pt-pt\/politica-de-privacidad\/","url":"https:\/\/staffglobalgroup.com\/pt-pt\/politica-de-privacidad\/","name":"Pol\u00edtica de Privacidade | Staff Global Group","isPartOf":{"@id":"https:\/\/staffglobalgroup.com\/pt-pt\/#website"},"datePublished":"2023-11-29T17:56:21+00:00","dateModified":"2025-01-28T11:45:22+00:00","breadcrumb":{"@id":"https:\/\/staffglobalgroup.com\/pt-pt\/politica-de-privacidad\/#breadcrumb"},"inLanguage":"pt-PT","potentialAction":[{"@type":"ReadAction","target":["https:\/\/staffglobalgroup.com\/pt-pt\/politica-de-privacidad\/"]}]},{"@type":"BreadcrumbList","@id":"https:\/\/staffglobalgroup.com\/pt-pt\/politica-de-privacidad\/#breadcrumb","itemListElement":[{"@type":"ListItem","position":1,"name":"Home","item":"https:\/\/staffglobalgroup.com\/pt-pt\/"},{"@type":"ListItem","position":2,"name":"Pol\u00edtica de Privacidade"}]},{"@type":"WebSite","@id":"https:\/\/staffglobalgroup.com\/pt-pt\/#website","url":"https:\/\/staffglobalgroup.com\/pt-pt\/","name":"Staff Global Group","description":"Integral Outsourcing Services","potentialAction":[{"@type":"SearchAction","target":{"@type":"EntryPoint","urlTemplate":"https:\/\/staffglobalgroup.com\/pt-pt\/?s={search_term_string}"},"query-input":{"@type":"PropertyValueSpecification","valueRequired":true,"valueName":"search_term_string"}}],"inLanguage":"pt-PT"}]}},"_links":{"self":[{"href":"https:\/\/staffglobalgroup.com\/pt-pt\/wp-json\/wp\/v2\/pages\/4267","targetHints":{"allow":["GET"]}}],"collection":[{"href":"https:\/\/staffglobalgroup.com\/pt-pt\/wp-json\/wp\/v2\/pages"}],"about":[{"href":"https:\/\/staffglobalgroup.com\/pt-pt\/wp-json\/wp\/v2\/types\/page"}],"author":[{"embeddable":true,"href":"https:\/\/staffglobalgroup.com\/pt-pt\/wp-json\/wp\/v2\/users\/1"}],"replies":[{"embeddable":true,"href":"https:\/\/staffglobalgroup.com\/pt-pt\/wp-json\/wp\/v2\/comments?post=4267"}],"version-history":[{"count":4,"href":"https:\/\/staffglobalgroup.com\/pt-pt\/wp-json\/wp\/v2\/pages\/4267\/revisions"}],"predecessor-version":[{"id":5857,"href":"https:\/\/staffglobalgroup.com\/pt-pt\/wp-json\/wp\/v2\/pages\/4267\/revisions\/5857"}],"wp:attachment":[{"href":"https:\/\/staffglobalgroup.com\/pt-pt\/wp-json\/wp\/v2\/media?parent=4267"}],"wp:term":[{"taxonomy":"nivel-de-servicio","embeddable":true,"href":"https:\/\/staffglobalgroup.com\/pt-pt\/wp-json\/wp\/v2\/nivel-de-servicio?post=4267"}],"curies":[{"name":"wp","href":"https:\/\/api.w.org\/{rel}","templated":true}]}}