{"id":4258,"date":"2024-01-05T08:46:25","date_gmt":"2024-01-05T07:46:25","guid":{"rendered":"https:\/\/staffglobalgroup.com\/fuerza-de-ventas\/"},"modified":"2025-11-05T12:39:23","modified_gmt":"2025-11-05T11:39:23","slug":"forca-de-vendas","status":"publish","type":"page","link":"https:\/\/staffglobalgroup.com\/pt-pt\/tercerizacao-comercial\/forca-de-vendas\/","title":{"rendered":"For\u00e7a de vendas"},"content":{"rendered":"","protected":false},"excerpt":{"rendered":"","protected":false},"author":1,"featured_media":41,"parent":4261,"menu_order":0,"comment_status":"closed","ping_status":"closed","template":"page-servicio.php","meta":{"_acf_changed":false,"footnotes":""},"nivel-de-servicio":[16],"class_list":["post-4258","page","type-page","status-publish","has-post-thumbnail","hentry","nivel-de-servicio-nivel-2"],"acf":[],"yoast_head":"<!-- This site is optimized with the Yoast SEO plugin v27.3 - https:\/\/yoast.com\/product\/yoast-seo-wordpress\/ -->\n<title>For\u00e7a de Vendas | Staff Global Group<\/title>\n<meta name=\"description\" content=\"Potencialize seus resultados com uma for\u00e7a de vendas externa. A Staff Global Group \u00e9 especialista em gest\u00e3o da for\u00e7a de vendas.\" \/>\n<meta name=\"robots\" content=\"index, follow, max-snippet:-1, max-image-preview:large, max-video-preview:-1\" \/>\n<link rel=\"canonical\" href=\"https:\/\/staffglobalgroup.com\/pt-pt\/tercerizacao-comercial\/forca-de-vendas\/\" \/>\n<meta property=\"og:locale\" content=\"pt_PT\" \/>\n<meta property=\"og:type\" content=\"article\" \/>\n<meta property=\"og:title\" content=\"For\u00e7a de Vendas | Staff Global Group\" \/>\n<meta property=\"og:description\" content=\"Potencialize seus resultados com uma for\u00e7a de vendas externa. A Staff Global Group \u00e9 especialista em gest\u00e3o da for\u00e7a de vendas.\" \/>\n<meta property=\"og:url\" content=\"https:\/\/staffglobalgroup.com\/pt-pt\/tercerizacao-comercial\/forca-de-vendas\/\" \/>\n<meta property=\"og:site_name\" content=\"Staff Global Group\" \/>\n<meta property=\"article:publisher\" content=\"https:\/\/www.facebook.com\/StaffGlobalGroup\/\" \/>\n<meta property=\"article:modified_time\" content=\"2025-11-05T11:39:23+00:00\" \/>\n<meta property=\"og:image\" content=\"https:\/\/staffglobalgroup.com\/wp-content\/uploads\/header-fuerza-de-ventas.jpg\" \/>\n\t<meta property=\"og:image:width\" content=\"2000\" \/>\n\t<meta property=\"og:image:height\" content=\"639\" \/>\n\t<meta property=\"og:image:type\" content=\"image\/jpeg\" \/>\n<meta name=\"twitter:card\" content=\"summary_large_image\" \/>\n<meta name=\"twitter:label1\" content=\"Tempo estimado de leitura\" \/>\n\t<meta name=\"twitter:data1\" content=\"8 minutos\" \/>\n<script type=\"application\/ld+json\" class=\"yoast-schema-graph\">{\"@context\":\"https:\\\/\\\/schema.org\",\"@graph\":[{\"@type\":\"WebPage\",\"@id\":\"https:\\\/\\\/staffglobalgroup.com\\\/pt-pt\\\/tercerizacao-comercial\\\/forca-de-vendas\\\/\",\"url\":\"https:\\\/\\\/staffglobalgroup.com\\\/pt-pt\\\/tercerizacao-comercial\\\/forca-de-vendas\\\/\",\"name\":\"For\u00e7a de Vendas | Staff Global Group\",\"isPartOf\":{\"@id\":\"https:\\\/\\\/staffglobalgroup.com\\\/pt-pt\\\/#website\"},\"primaryImageOfPage\":{\"@id\":\"https:\\\/\\\/staffglobalgroup.com\\\/pt-pt\\\/tercerizacao-comercial\\\/forca-de-vendas\\\/#primaryimage\"},\"image\":{\"@id\":\"https:\\\/\\\/staffglobalgroup.com\\\/pt-pt\\\/tercerizacao-comercial\\\/forca-de-vendas\\\/#primaryimage\"},\"thumbnailUrl\":\"https:\\\/\\\/staffglobalgroup.com\\\/wp-content\\\/uploads\\\/header-fuerza-de-ventas.jpg\",\"datePublished\":\"2024-01-05T07:46:25+00:00\",\"dateModified\":\"2025-11-05T11:39:23+00:00\",\"description\":\"Potencialize seus resultados com uma for\u00e7a de vendas externa. A Staff Global Group \u00e9 especialista em gest\u00e3o da for\u00e7a de vendas.\",\"breadcrumb\":{\"@id\":\"https:\\\/\\\/staffglobalgroup.com\\\/pt-pt\\\/tercerizacao-comercial\\\/forca-de-vendas\\\/#breadcrumb\"},\"inLanguage\":\"pt-PT\",\"potentialAction\":[{\"@type\":\"ReadAction\",\"target\":[\"https:\\\/\\\/staffglobalgroup.com\\\/pt-pt\\\/tercerizacao-comercial\\\/forca-de-vendas\\\/\"]}]},{\"@type\":\"ImageObject\",\"inLanguage\":\"pt-PT\",\"@id\":\"https:\\\/\\\/staffglobalgroup.com\\\/pt-pt\\\/tercerizacao-comercial\\\/forca-de-vendas\\\/#primaryimage\",\"url\":\"https:\\\/\\\/staffglobalgroup.com\\\/wp-content\\\/uploads\\\/header-fuerza-de-ventas.jpg\",\"contentUrl\":\"https:\\\/\\\/staffglobalgroup.com\\\/wp-content\\\/uploads\\\/header-fuerza-de-ventas.jpg\",\"width\":2000,\"height\":639},{\"@type\":\"BreadcrumbList\",\"@id\":\"https:\\\/\\\/staffglobalgroup.com\\\/pt-pt\\\/tercerizacao-comercial\\\/forca-de-vendas\\\/#breadcrumb\",\"itemListElement\":[{\"@type\":\"ListItem\",\"position\":1,\"name\":\"Home\",\"item\":\"https:\\\/\\\/staffglobalgroup.com\\\/pt-pt\\\/\"},{\"@type\":\"ListItem\",\"position\":2,\"name\":\"Outsourcing comercial\",\"item\":\"https:\\\/\\\/staffglobalgroup.com\\\/pt-pt\\\/tercerizacao-comercial\\\/\"},{\"@type\":\"ListItem\",\"position\":3,\"name\":\"For\u00e7a de vendas\"}]},{\"@type\":\"WebSite\",\"@id\":\"https:\\\/\\\/staffglobalgroup.com\\\/pt-pt\\\/#website\",\"url\":\"https:\\\/\\\/staffglobalgroup.com\\\/pt-pt\\\/\",\"name\":\"Staff Global Group\",\"description\":\"Integral Outsourcing Services\",\"potentialAction\":[{\"@type\":\"SearchAction\",\"target\":{\"@type\":\"EntryPoint\",\"urlTemplate\":\"https:\\\/\\\/staffglobalgroup.com\\\/pt-pt\\\/?s={search_term_string}\"},\"query-input\":{\"@type\":\"PropertyValueSpecification\",\"valueRequired\":true,\"valueName\":\"search_term_string\"}}],\"inLanguage\":\"pt-PT\"}]}<\/script>\n<!-- \/ Yoast SEO plugin. -->","yoast_head_json":{"title":"For\u00e7a de Vendas | Staff Global Group","description":"Potencialize seus resultados com uma for\u00e7a de vendas externa. A Staff Global Group \u00e9 especialista em gest\u00e3o da for\u00e7a de vendas.","robots":{"index":"index","follow":"follow","max-snippet":"max-snippet:-1","max-image-preview":"max-image-preview:large","max-video-preview":"max-video-preview:-1"},"canonical":"https:\/\/staffglobalgroup.com\/pt-pt\/tercerizacao-comercial\/forca-de-vendas\/","og_locale":"pt_PT","og_type":"article","og_title":"For\u00e7a de Vendas | Staff Global Group","og_description":"Potencialize seus resultados com uma for\u00e7a de vendas externa. A Staff Global Group \u00e9 especialista em gest\u00e3o da for\u00e7a de vendas.","og_url":"https:\/\/staffglobalgroup.com\/pt-pt\/tercerizacao-comercial\/forca-de-vendas\/","og_site_name":"Staff Global Group","article_publisher":"https:\/\/www.facebook.com\/StaffGlobalGroup\/","article_modified_time":"2025-11-05T11:39:23+00:00","og_image":[{"width":2000,"height":639,"url":"https:\/\/staffglobalgroup.com\/wp-content\/uploads\/header-fuerza-de-ventas.jpg","type":"image\/jpeg"}],"twitter_card":"summary_large_image","twitter_misc":{"Tempo estimado de leitura":"8 minutos"},"schema":{"@context":"https:\/\/schema.org","@graph":[{"@type":"WebPage","@id":"https:\/\/staffglobalgroup.com\/pt-pt\/tercerizacao-comercial\/forca-de-vendas\/","url":"https:\/\/staffglobalgroup.com\/pt-pt\/tercerizacao-comercial\/forca-de-vendas\/","name":"For\u00e7a de Vendas | Staff Global Group","isPartOf":{"@id":"https:\/\/staffglobalgroup.com\/pt-pt\/#website"},"primaryImageOfPage":{"@id":"https:\/\/staffglobalgroup.com\/pt-pt\/tercerizacao-comercial\/forca-de-vendas\/#primaryimage"},"image":{"@id":"https:\/\/staffglobalgroup.com\/pt-pt\/tercerizacao-comercial\/forca-de-vendas\/#primaryimage"},"thumbnailUrl":"https:\/\/staffglobalgroup.com\/wp-content\/uploads\/header-fuerza-de-ventas.jpg","datePublished":"2024-01-05T07:46:25+00:00","dateModified":"2025-11-05T11:39:23+00:00","description":"Potencialize seus resultados com uma for\u00e7a de vendas externa. A Staff Global Group \u00e9 especialista em gest\u00e3o da for\u00e7a de vendas.","breadcrumb":{"@id":"https:\/\/staffglobalgroup.com\/pt-pt\/tercerizacao-comercial\/forca-de-vendas\/#breadcrumb"},"inLanguage":"pt-PT","potentialAction":[{"@type":"ReadAction","target":["https:\/\/staffglobalgroup.com\/pt-pt\/tercerizacao-comercial\/forca-de-vendas\/"]}]},{"@type":"ImageObject","inLanguage":"pt-PT","@id":"https:\/\/staffglobalgroup.com\/pt-pt\/tercerizacao-comercial\/forca-de-vendas\/#primaryimage","url":"https:\/\/staffglobalgroup.com\/wp-content\/uploads\/header-fuerza-de-ventas.jpg","contentUrl":"https:\/\/staffglobalgroup.com\/wp-content\/uploads\/header-fuerza-de-ventas.jpg","width":2000,"height":639},{"@type":"BreadcrumbList","@id":"https:\/\/staffglobalgroup.com\/pt-pt\/tercerizacao-comercial\/forca-de-vendas\/#breadcrumb","itemListElement":[{"@type":"ListItem","position":1,"name":"Home","item":"https:\/\/staffglobalgroup.com\/pt-pt\/"},{"@type":"ListItem","position":2,"name":"Outsourcing comercial","item":"https:\/\/staffglobalgroup.com\/pt-pt\/tercerizacao-comercial\/"},{"@type":"ListItem","position":3,"name":"For\u00e7a de vendas"}]},{"@type":"WebSite","@id":"https:\/\/staffglobalgroup.com\/pt-pt\/#website","url":"https:\/\/staffglobalgroup.com\/pt-pt\/","name":"Staff Global Group","description":"Integral Outsourcing Services","potentialAction":[{"@type":"SearchAction","target":{"@type":"EntryPoint","urlTemplate":"https:\/\/staffglobalgroup.com\/pt-pt\/?s={search_term_string}"},"query-input":{"@type":"PropertyValueSpecification","valueRequired":true,"valueName":"search_term_string"}}],"inLanguage":"pt-PT"}]}},"_links":{"self":[{"href":"https:\/\/staffglobalgroup.com\/pt-pt\/wp-json\/wp\/v2\/pages\/4258","targetHints":{"allow":["GET"]}}],"collection":[{"href":"https:\/\/staffglobalgroup.com\/pt-pt\/wp-json\/wp\/v2\/pages"}],"about":[{"href":"https:\/\/staffglobalgroup.com\/pt-pt\/wp-json\/wp\/v2\/types\/page"}],"author":[{"embeddable":true,"href":"https:\/\/staffglobalgroup.com\/pt-pt\/wp-json\/wp\/v2\/users\/1"}],"replies":[{"embeddable":true,"href":"https:\/\/staffglobalgroup.com\/pt-pt\/wp-json\/wp\/v2\/comments?post=4258"}],"version-history":[{"count":8,"href":"https:\/\/staffglobalgroup.com\/pt-pt\/wp-json\/wp\/v2\/pages\/4258\/revisions"}],"predecessor-version":[{"id":14965,"href":"https:\/\/staffglobalgroup.com\/pt-pt\/wp-json\/wp\/v2\/pages\/4258\/revisions\/14965"}],"up":[{"embeddable":true,"href":"https:\/\/staffglobalgroup.com\/pt-pt\/wp-json\/wp\/v2\/pages\/4261"}],"wp:featuredmedia":[{"embeddable":true,"href":"https:\/\/staffglobalgroup.com\/pt-pt\/wp-json\/wp\/v2\/media\/41"}],"wp:attachment":[{"href":"https:\/\/staffglobalgroup.com\/pt-pt\/wp-json\/wp\/v2\/media?parent=4258"}],"wp:term":[{"taxonomy":"nivel-de-servicio","embeddable":true,"href":"https:\/\/staffglobalgroup.com\/pt-pt\/wp-json\/wp\/v2\/nivel-de-servicio?post=4258"}],"curies":[{"name":"wp","href":"https:\/\/api.w.org\/{rel}","templated":true}]}}