{"id":4255,"date":"2024-01-05T08:48:34","date_gmt":"2024-01-05T07:48:34","guid":{"rendered":"https:\/\/staffglobalgroup.com\/gestor-de-punto-de-venta\/"},"modified":"2025-07-15T13:57:12","modified_gmt":"2025-07-15T11:57:12","slug":"gestao-pdv","status":"publish","type":"page","link":"https:\/\/staffglobalgroup.com\/pt-pt\/tercerizacao-comercial\/forca-de-vendas\/gestao-pdv\/","title":{"rendered":"Gerente de ponto de venda"},"content":{"rendered":"","protected":false},"excerpt":{"rendered":"","protected":false},"author":1,"featured_media":169,"parent":4258,"menu_order":0,"comment_status":"closed","ping_status":"closed","template":"page-servicio.php","meta":{"_acf_changed":false,"footnotes":""},"nivel-de-servicio":[17],"class_list":["post-4255","page","type-page","status-publish","has-post-thumbnail","hentry","nivel-de-servicio-nivel-3"],"acf":[],"yoast_head":"<!-- This site is optimized with the Yoast SEO plugin v27.3 - https:\/\/yoast.com\/product\/yoast-seo-wordpress\/ -->\n<title>\u25b7 Gerente de Ponto de Venda para Empresas | Staff Global Group<\/title>\n<meta name=\"description\" content=\"Maximizamos a efici\u00eancia no ponto de venda com gestores que coordenam, supervisionam e otimizam as opera\u00e7\u00f5es. Entre em contato para mais informa\u00e7\u00f5es!\" \/>\n<meta name=\"robots\" content=\"index, follow, max-snippet:-1, max-image-preview:large, max-video-preview:-1\" \/>\n<link rel=\"canonical\" href=\"https:\/\/staffglobalgroup.com\/pt-pt\/tercerizacao-comercial\/forca-de-vendas\/gestao-pdv\/\" \/>\n<meta property=\"og:locale\" content=\"pt_PT\" \/>\n<meta property=\"og:type\" content=\"article\" \/>\n<meta property=\"og:title\" content=\"\u25b7 Gerente de Ponto de Venda para Empresas | Staff Global Group\" \/>\n<meta property=\"og:description\" content=\"Maximizamos a efici\u00eancia no ponto de venda com gestores que coordenam, supervisionam e otimizam as opera\u00e7\u00f5es. Entre em contato para mais informa\u00e7\u00f5es!\" \/>\n<meta property=\"og:url\" content=\"https:\/\/staffglobalgroup.com\/pt-pt\/tercerizacao-comercial\/forca-de-vendas\/gestao-pdv\/\" \/>\n<meta property=\"og:site_name\" content=\"Staff Global Group\" \/>\n<meta property=\"article:publisher\" content=\"https:\/\/www.facebook.com\/StaffGlobalGroup\/\" \/>\n<meta property=\"article:modified_time\" content=\"2025-07-15T11:57:12+00:00\" \/>\n<meta property=\"og:image\" content=\"https:\/\/staffglobalgroup.com\/wp-content\/uploads\/GPV_boton-cuadrado.jpg\" \/>\n\t<meta property=\"og:image:width\" content=\"730\" \/>\n\t<meta property=\"og:image:height\" content=\"730\" \/>\n\t<meta property=\"og:image:type\" content=\"image\/jpeg\" \/>\n<meta name=\"twitter:card\" content=\"summary_large_image\" \/>\n<meta name=\"twitter:label1\" content=\"Tempo estimado de leitura\" \/>\n\t<meta name=\"twitter:data1\" content=\"4 minutos\" \/>\n<script type=\"application\/ld+json\" class=\"yoast-schema-graph\">{\"@context\":\"https:\\\/\\\/schema.org\",\"@graph\":[{\"@type\":\"WebPage\",\"@id\":\"https:\\\/\\\/staffglobalgroup.com\\\/pt-pt\\\/tercerizacao-comercial\\\/forca-de-vendas\\\/gestao-pdv\\\/\",\"url\":\"https:\\\/\\\/staffglobalgroup.com\\\/pt-pt\\\/tercerizacao-comercial\\\/forca-de-vendas\\\/gestao-pdv\\\/\",\"name\":\"\u25b7 Gerente de Ponto de Venda para Empresas | Staff Global Group\",\"isPartOf\":{\"@id\":\"https:\\\/\\\/staffglobalgroup.com\\\/pt-pt\\\/#website\"},\"primaryImageOfPage\":{\"@id\":\"https:\\\/\\\/staffglobalgroup.com\\\/pt-pt\\\/tercerizacao-comercial\\\/forca-de-vendas\\\/gestao-pdv\\\/#primaryimage\"},\"image\":{\"@id\":\"https:\\\/\\\/staffglobalgroup.com\\\/pt-pt\\\/tercerizacao-comercial\\\/forca-de-vendas\\\/gestao-pdv\\\/#primaryimage\"},\"thumbnailUrl\":\"https:\\\/\\\/staffglobalgroup.com\\\/wp-content\\\/uploads\\\/GPV_boton-cuadrado.jpg\",\"datePublished\":\"2024-01-05T07:48:34+00:00\",\"dateModified\":\"2025-07-15T11:57:12+00:00\",\"description\":\"Maximizamos a efici\u00eancia no ponto de venda com gestores que coordenam, supervisionam e otimizam as opera\u00e7\u00f5es. Entre em contato para mais informa\u00e7\u00f5es!\",\"breadcrumb\":{\"@id\":\"https:\\\/\\\/staffglobalgroup.com\\\/pt-pt\\\/tercerizacao-comercial\\\/forca-de-vendas\\\/gestao-pdv\\\/#breadcrumb\"},\"inLanguage\":\"pt-PT\",\"potentialAction\":[{\"@type\":\"ReadAction\",\"target\":[\"https:\\\/\\\/staffglobalgroup.com\\\/pt-pt\\\/tercerizacao-comercial\\\/forca-de-vendas\\\/gestao-pdv\\\/\"]}]},{\"@type\":\"ImageObject\",\"inLanguage\":\"pt-PT\",\"@id\":\"https:\\\/\\\/staffglobalgroup.com\\\/pt-pt\\\/tercerizacao-comercial\\\/forca-de-vendas\\\/gestao-pdv\\\/#primaryimage\",\"url\":\"https:\\\/\\\/staffglobalgroup.com\\\/wp-content\\\/uploads\\\/GPV_boton-cuadrado.jpg\",\"contentUrl\":\"https:\\\/\\\/staffglobalgroup.com\\\/wp-content\\\/uploads\\\/GPV_boton-cuadrado.jpg\",\"width\":730,\"height\":730},{\"@type\":\"BreadcrumbList\",\"@id\":\"https:\\\/\\\/staffglobalgroup.com\\\/pt-pt\\\/tercerizacao-comercial\\\/forca-de-vendas\\\/gestao-pdv\\\/#breadcrumb\",\"itemListElement\":[{\"@type\":\"ListItem\",\"position\":1,\"name\":\"Home\",\"item\":\"https:\\\/\\\/staffglobalgroup.com\\\/pt-pt\\\/\"},{\"@type\":\"ListItem\",\"position\":2,\"name\":\"Outsourcing comercial\",\"item\":\"https:\\\/\\\/staffglobalgroup.com\\\/pt-pt\\\/tercerizacao-comercial\\\/\"},{\"@type\":\"ListItem\",\"position\":3,\"name\":\"For\u00e7a de vendas\",\"item\":\"https:\\\/\\\/staffglobalgroup.com\\\/pt-pt\\\/tercerizacao-comercial\\\/forca-de-vendas\\\/\"},{\"@type\":\"ListItem\",\"position\":4,\"name\":\"Gerente de ponto de venda\"}]},{\"@type\":\"WebSite\",\"@id\":\"https:\\\/\\\/staffglobalgroup.com\\\/pt-pt\\\/#website\",\"url\":\"https:\\\/\\\/staffglobalgroup.com\\\/pt-pt\\\/\",\"name\":\"Staff Global Group\",\"description\":\"Integral Outsourcing Services\",\"potentialAction\":[{\"@type\":\"SearchAction\",\"target\":{\"@type\":\"EntryPoint\",\"urlTemplate\":\"https:\\\/\\\/staffglobalgroup.com\\\/pt-pt\\\/?s={search_term_string}\"},\"query-input\":{\"@type\":\"PropertyValueSpecification\",\"valueRequired\":true,\"valueName\":\"search_term_string\"}}],\"inLanguage\":\"pt-PT\"}]}<\/script>\n<!-- \/ Yoast SEO plugin. -->","yoast_head_json":{"title":"\u25b7 Gerente de Ponto de Venda para Empresas | Staff Global Group","description":"Maximizamos a efici\u00eancia no ponto de venda com gestores que coordenam, supervisionam e otimizam as opera\u00e7\u00f5es. Entre em contato para mais informa\u00e7\u00f5es!","robots":{"index":"index","follow":"follow","max-snippet":"max-snippet:-1","max-image-preview":"max-image-preview:large","max-video-preview":"max-video-preview:-1"},"canonical":"https:\/\/staffglobalgroup.com\/pt-pt\/tercerizacao-comercial\/forca-de-vendas\/gestao-pdv\/","og_locale":"pt_PT","og_type":"article","og_title":"\u25b7 Gerente de Ponto de Venda para Empresas | Staff Global Group","og_description":"Maximizamos a efici\u00eancia no ponto de venda com gestores que coordenam, supervisionam e otimizam as opera\u00e7\u00f5es. Entre em contato para mais informa\u00e7\u00f5es!","og_url":"https:\/\/staffglobalgroup.com\/pt-pt\/tercerizacao-comercial\/forca-de-vendas\/gestao-pdv\/","og_site_name":"Staff Global Group","article_publisher":"https:\/\/www.facebook.com\/StaffGlobalGroup\/","article_modified_time":"2025-07-15T11:57:12+00:00","og_image":[{"width":730,"height":730,"url":"https:\/\/staffglobalgroup.com\/wp-content\/uploads\/GPV_boton-cuadrado.jpg","type":"image\/jpeg"}],"twitter_card":"summary_large_image","twitter_misc":{"Tempo estimado de leitura":"4 minutos"},"schema":{"@context":"https:\/\/schema.org","@graph":[{"@type":"WebPage","@id":"https:\/\/staffglobalgroup.com\/pt-pt\/tercerizacao-comercial\/forca-de-vendas\/gestao-pdv\/","url":"https:\/\/staffglobalgroup.com\/pt-pt\/tercerizacao-comercial\/forca-de-vendas\/gestao-pdv\/","name":"\u25b7 Gerente de Ponto de Venda para Empresas | Staff Global Group","isPartOf":{"@id":"https:\/\/staffglobalgroup.com\/pt-pt\/#website"},"primaryImageOfPage":{"@id":"https:\/\/staffglobalgroup.com\/pt-pt\/tercerizacao-comercial\/forca-de-vendas\/gestao-pdv\/#primaryimage"},"image":{"@id":"https:\/\/staffglobalgroup.com\/pt-pt\/tercerizacao-comercial\/forca-de-vendas\/gestao-pdv\/#primaryimage"},"thumbnailUrl":"https:\/\/staffglobalgroup.com\/wp-content\/uploads\/GPV_boton-cuadrado.jpg","datePublished":"2024-01-05T07:48:34+00:00","dateModified":"2025-07-15T11:57:12+00:00","description":"Maximizamos a efici\u00eancia no ponto de venda com gestores que coordenam, supervisionam e otimizam as opera\u00e7\u00f5es. Entre em contato para mais informa\u00e7\u00f5es!","breadcrumb":{"@id":"https:\/\/staffglobalgroup.com\/pt-pt\/tercerizacao-comercial\/forca-de-vendas\/gestao-pdv\/#breadcrumb"},"inLanguage":"pt-PT","potentialAction":[{"@type":"ReadAction","target":["https:\/\/staffglobalgroup.com\/pt-pt\/tercerizacao-comercial\/forca-de-vendas\/gestao-pdv\/"]}]},{"@type":"ImageObject","inLanguage":"pt-PT","@id":"https:\/\/staffglobalgroup.com\/pt-pt\/tercerizacao-comercial\/forca-de-vendas\/gestao-pdv\/#primaryimage","url":"https:\/\/staffglobalgroup.com\/wp-content\/uploads\/GPV_boton-cuadrado.jpg","contentUrl":"https:\/\/staffglobalgroup.com\/wp-content\/uploads\/GPV_boton-cuadrado.jpg","width":730,"height":730},{"@type":"BreadcrumbList","@id":"https:\/\/staffglobalgroup.com\/pt-pt\/tercerizacao-comercial\/forca-de-vendas\/gestao-pdv\/#breadcrumb","itemListElement":[{"@type":"ListItem","position":1,"name":"Home","item":"https:\/\/staffglobalgroup.com\/pt-pt\/"},{"@type":"ListItem","position":2,"name":"Outsourcing comercial","item":"https:\/\/staffglobalgroup.com\/pt-pt\/tercerizacao-comercial\/"},{"@type":"ListItem","position":3,"name":"For\u00e7a de vendas","item":"https:\/\/staffglobalgroup.com\/pt-pt\/tercerizacao-comercial\/forca-de-vendas\/"},{"@type":"ListItem","position":4,"name":"Gerente de ponto de venda"}]},{"@type":"WebSite","@id":"https:\/\/staffglobalgroup.com\/pt-pt\/#website","url":"https:\/\/staffglobalgroup.com\/pt-pt\/","name":"Staff Global Group","description":"Integral Outsourcing Services","potentialAction":[{"@type":"SearchAction","target":{"@type":"EntryPoint","urlTemplate":"https:\/\/staffglobalgroup.com\/pt-pt\/?s={search_term_string}"},"query-input":{"@type":"PropertyValueSpecification","valueRequired":true,"valueName":"search_term_string"}}],"inLanguage":"pt-PT"}]}},"_links":{"self":[{"href":"https:\/\/staffglobalgroup.com\/pt-pt\/wp-json\/wp\/v2\/pages\/4255","targetHints":{"allow":["GET"]}}],"collection":[{"href":"https:\/\/staffglobalgroup.com\/pt-pt\/wp-json\/wp\/v2\/pages"}],"about":[{"href":"https:\/\/staffglobalgroup.com\/pt-pt\/wp-json\/wp\/v2\/types\/page"}],"author":[{"embeddable":true,"href":"https:\/\/staffglobalgroup.com\/pt-pt\/wp-json\/wp\/v2\/users\/1"}],"replies":[{"embeddable":true,"href":"https:\/\/staffglobalgroup.com\/pt-pt\/wp-json\/wp\/v2\/comments?post=4255"}],"version-history":[{"count":6,"href":"https:\/\/staffglobalgroup.com\/pt-pt\/wp-json\/wp\/v2\/pages\/4255\/revisions"}],"predecessor-version":[{"id":5708,"href":"https:\/\/staffglobalgroup.com\/pt-pt\/wp-json\/wp\/v2\/pages\/4255\/revisions\/5708"}],"up":[{"embeddable":true,"href":"https:\/\/staffglobalgroup.com\/pt-pt\/wp-json\/wp\/v2\/pages\/4258"}],"wp:featuredmedia":[{"embeddable":true,"href":"https:\/\/staffglobalgroup.com\/pt-pt\/wp-json\/wp\/v2\/media\/169"}],"wp:attachment":[{"href":"https:\/\/staffglobalgroup.com\/pt-pt\/wp-json\/wp\/v2\/media?parent=4255"}],"wp:term":[{"taxonomy":"nivel-de-servicio","embeddable":true,"href":"https:\/\/staffglobalgroup.com\/pt-pt\/wp-json\/wp\/v2\/nivel-de-servicio?post=4255"}],"curies":[{"name":"wp","href":"https:\/\/api.w.org\/{rel}","templated":true}]}}