{"id":5354,"date":"2024-10-17T09:56:09","date_gmt":"2024-10-17T07:56:09","guid":{"rendered":"https:\/\/staffglobalgroup.com\/canal-de-denuncias\/"},"modified":"2024-12-30T08:33:50","modified_gmt":"2024-12-30T07:33:50","slug":"canal-de-denuncies","status":"publish","type":"page","link":"https:\/\/staffglobalgroup.com\/ca\/canal-de-denuncies\/","title":{"rendered":"Canal de den\u00fancies"},"content":{"rendered":"<p>Complint amb la Llei 2\/2023, de 20 de febrer, que estableix la protecci\u00f3 d&#8217;aquells que reporten infraccions normatives o actes de corrupci\u00f3, a Staff Global Group posem a disposici\u00f3 el nostre Canal de Den\u00fancies. Aquesta plataforma garanteix la confidencialitat i permet a empleats, prove\u00efdors i socis comercials reportar qualsevol activitat contr\u00e0ria a la legislaci\u00f3 vigent o als principis establerts en el nostre Codi \u00c8tic.<\/p>\n<p>A trav\u00e9s d&#8217; aquest canal, tamb\u00e9 \u00e9s possible informar sobre possibles situacions d&#8217; assetjament laboral o sexual, o aclarir dubtes respecte a les nostres pol\u00edtiques internes. La nostra empresa es regeix per un comprom\u00eds ferm amb l&#8217;\u00e8tica, la transpar\u00e8ncia i el compliment normatiu, la qual cosa refor\u00e7a la nostra cultura d&#8217;integritat. El Canal de Den\u00fancies est\u00e0 obert no nom\u00e9s a col\u00b7laboradors interns, sin\u00f3 tamb\u00e9 a tercers amb qui mantinguem relacions comercials, i est\u00e0 dissenyat per facilitar la comunicaci\u00f3 de qualsevol conducta irregular, sempre assegurant la confidencialitat i permetent l&#8217;anonimat en els casos necessaris.<\/p>\n<p>La gesti\u00f3 d&#8217; aquest canal es realitza mitjan\u00e7ant la plataforma Sesame, propietat de Sesame Labs S.L., els quals asseguren la protecci\u00f3 i el maneig adequat de la informaci\u00f3, garantint un proc\u00e9s segur i confiable.<\/p>\n<p><strong>\u00c0MBITS D&#8217; APLICACI\u00d3 DEL CANAL DE DEN\u00daNCIES<\/strong><\/p>\n<p><strong>El Canal de Den\u00fancies<\/strong> de Staff Global Group <strong>est\u00e0 disponible per reportar:<\/strong><\/p>\n<ul>\n<li>Relacions amb tercers (conflictes d&#8217;inter\u00e8s, regals, frau, corrupci\u00f3, suborns o informaci\u00f3 confidencial).<\/li>\n<li>Frau intern.<\/li>\n<li>Salut i seguretat en el treball.<\/li>\n<li>Control de qualitat.<\/li>\n<li>Pr\u00e0ctiques anticompetitives.<\/li>\n<li>Propietat intel\u00b7lectual o industrial.<\/li>\n<li>Protecci\u00f3 de dades personals.<\/li>\n<li>Sostenibilitat i medi ambient.<\/li>\n<li>Assumptes financers, comptables o fiscals.<\/li>\n<li>Repres\u00e0lies de qualsevol tipus, incloent-hi amenaces o intents de repres\u00e0lia<\/li>\n<li>Tamb\u00e9 es poden denunciar casos d&#8217; assetjament laboral, assetjament sexual i discriminaci\u00f3 per g\u00e8nere.<\/li>\n<\/ul>\n<p><strong>Aquest canal no s&#8217; ha de fer servir per:<\/strong><\/p>\n<ul>\n<li>Queixes laborals (pagament de salaris, avaluacions de rendiment, horaris, q\u00fcestions relacionades amb els projectes o desenvolupaments, etc.).<\/li>\n<li>Disputes personals entre el denunciant i una altra persona (llevat que estiguin relacionades amb aspectes regulats per aquesta Pol\u00edtica).<\/li>\n<li>Queixes relacionades amb rumors o sense fonament.<\/li>\n<li>Situacions d&#8217; emerg\u00e8ncia que requereixin acci\u00f3 immediata.<\/li>\n<\/ul>\n<p>Per favor, tenint en compte que aquest canal no est\u00e0 dissenyat per a la gesti\u00f3 de queixes laborals generals o disputes personals no relacionades amb la normativa aplicable.<\/p>\n<p><strong>CONFIDENCIALITAT I PROTECCI\u00d3 DEL DENUNCIANT<\/strong><\/p>\n<p>Staff Global Group garanteix la confidencialitat total del denunciant, qui pot optar per mantenir el seu anonimat tret que la den\u00fancia requereixi d&#8217;un proc\u00e9s judicial. Ens comprometem a no investigar proactivament la identitat dels denunciants, tot i que suggerim identificar-se per facilitar la resoluci\u00f3.<\/p>\n<p><strong>PROCEDIMENT DE DEN\u00daNCIA<\/strong><\/p>\n<p>Per presentar una den\u00fancia, accedeix al canal a trav\u00e9s del seg\u00fcent enlla\u00e7:<\/p>\n<p><a href=\"https:\/\/app.sesametime.com\/complaint\/staffglobalgroup?sesameRegion=EU1\">Presentar una den\u00fancia<\/a><\/p>\n<p>Tamb\u00e9 pots trobar l&#8217;acc\u00e9s al peu de p\u00e0gina de la nostra web. El proc\u00e9s de gesti\u00f3 de les den\u00fancies segueix terminis clars:<\/p>\n<ul>\n<li>Confirmaci\u00f3 de la den\u00fancia: 7 dies<\/li>\n<li>Recerca i resoluci\u00f3: fins a 3 mesos, amb possibilitat d&#8217; ampliaci\u00f3 en casos excepcionals.<\/li>\n<\/ul>\n<p>Aquest canal \u00e9s una eina clau per assegurar la transpar\u00e8ncia i el compliment normatiu dins de la nostra empresa.<\/p>\n<p><strong>AV\u00cdS LEGAL<\/strong><\/p>\n<p>La informaci\u00f3 comunicada a trav\u00e9s del Canal de Den\u00fancies \u00e9s confidencial, i es tractar\u00e0 amb la finalitat exclusiva d&#8217;investigar els fets denunciats estant totalment prohibida qualsevol utilitzaci\u00f3, divulgaci\u00f3, distribuci\u00f3 i\/o reproducci\u00f3 d&#8217;aquesta comunicaci\u00f3, total o parcial, per a finalitats diferents.<\/p>\n<p>En virtut del que estableix el Reglament 2016\/679 de 27 d&#8217;abril (RGPD) i la LOPD 3\/2018, l&#8217;informem que les seves dades personals s\u00f3n tractades per StaffPremium, S.L., per atendre les sol\u00b7licituds, incid\u00e8ncies o comunicacions relacionades amb el Canal de Den\u00fancies, respectant les obligacions i consideracions imposades per la LOPD i RPD, per al tractament de dades personals,\u00a0 i atenent especialment la Llei 2\/2023 de protecci\u00f3 els denunciants i la Directiva Whistleblowing respecte a la identitat dels denunciants.<\/p>\n<p>L&#8217;informem que pot exercir els seus drets a Carrer Llu\u00e7\u00e0 28, Entresuelo, 08028 Barcelona o enviant un correu electr\u00f2nic a rgpd@staffglobalgroup.com, adjuntant el seu DNI. Si considera que el tractament no s&#8217; ajusta a la normativa vigent, podr\u00e0 presentar una reclamaci\u00f3 davant l&#8217; autoritat de control en www.agpd.es.<\/p>\n<p>Igualment, se l&#8217; informa que pot retirar el seu consentiment en el moment que ho consideri oport\u00fa i que les seves dades no es transmeten fora de la Uni\u00f3 Europea.<\/p>\n","protected":false},"excerpt":{"rendered":"<p>Complint amb la Llei 2\/2023, de 20 de febrer, que estableix la protecci\u00f3 d&#8217;aquells que reporten infraccions normatives o actes de corrupci\u00f3, a Staff Global Group posem a disposici\u00f3 el nostre Canal de Den\u00fancies. Aquesta plataforma garanteix la confidencialitat i permet a empleats, prove\u00efdors i socis comercials reportar qualsevol activitat [&hellip;]<\/p>\n","protected":false},"author":1,"featured_media":0,"parent":0,"menu_order":0,"comment_status":"closed","ping_status":"closed","template":"page-legal.php","meta":{"_acf_changed":false,"footnotes":""},"nivel-de-servicio":[],"class_list":["post-5354","page","type-page","status-publish","hentry"],"acf":[],"yoast_head":"<!-- This site is optimized with the Yoast SEO plugin v27.3 - https:\/\/yoast.com\/product\/yoast-seo-wordpress\/ -->\n<title>Canal de den\u00fancies | Staff Global Group<\/title>\n<meta name=\"robots\" content=\"noindex, nofollow\" \/>\n<meta property=\"og:locale\" content=\"ca_ES\" \/>\n<meta property=\"og:type\" content=\"article\" \/>\n<meta property=\"og:title\" content=\"Canal de den\u00fancies | Staff Global Group\" \/>\n<meta property=\"og:description\" content=\"Complint amb la Llei 2\/2023, de 20 de febrer, que estableix la protecci\u00f3 d&#8217;aquells que reporten infraccions normatives o actes de corrupci\u00f3, a Staff Global Group posem a disposici\u00f3 el nostre Canal de Den\u00fancies. Aquesta plataforma garanteix la confidencialitat i permet a empleats, prove\u00efdors i socis comercials reportar qualsevol activitat [&hellip;]\" \/>\n<meta property=\"og:url\" content=\"https:\/\/staffglobalgroup.com\/ca\/canal-de-denuncies\/\" \/>\n<meta property=\"og:site_name\" content=\"Staff Global Group\" \/>\n<meta property=\"article:publisher\" content=\"https:\/\/www.facebook.com\/StaffGlobalGroup\/\" \/>\n<meta property=\"article:modified_time\" content=\"2024-12-30T07:33:50+00:00\" \/>\n<meta name=\"twitter:card\" content=\"summary_large_image\" \/>\n<meta name=\"twitter:label1\" content=\"Temps estimat de lectura\" \/>\n\t<meta name=\"twitter:data1\" content=\"4 minuts\" \/>\n<script type=\"application\/ld+json\" class=\"yoast-schema-graph\">{\"@context\":\"https:\\\/\\\/schema.org\",\"@graph\":[{\"@type\":\"WebPage\",\"@id\":\"https:\\\/\\\/staffglobalgroup.com\\\/ca\\\/canal-de-denuncies\\\/\",\"url\":\"https:\\\/\\\/staffglobalgroup.com\\\/ca\\\/canal-de-denuncies\\\/\",\"name\":\"Canal de den\u00fancies | Staff Global Group\",\"isPartOf\":{\"@id\":\"https:\\\/\\\/staffglobalgroup.com\\\/ca\\\/#website\"},\"datePublished\":\"2024-10-17T07:56:09+00:00\",\"dateModified\":\"2024-12-30T07:33:50+00:00\",\"breadcrumb\":{\"@id\":\"https:\\\/\\\/staffglobalgroup.com\\\/ca\\\/canal-de-denuncies\\\/#breadcrumb\"},\"inLanguage\":\"ca\",\"potentialAction\":[{\"@type\":\"ReadAction\",\"target\":[\"https:\\\/\\\/staffglobalgroup.com\\\/ca\\\/canal-de-denuncies\\\/\"]}]},{\"@type\":\"BreadcrumbList\",\"@id\":\"https:\\\/\\\/staffglobalgroup.com\\\/ca\\\/canal-de-denuncies\\\/#breadcrumb\",\"itemListElement\":[{\"@type\":\"ListItem\",\"position\":1,\"name\":\"Home\",\"item\":\"https:\\\/\\\/staffglobalgroup.com\\\/ca\\\/\"},{\"@type\":\"ListItem\",\"position\":2,\"name\":\"Canal de den\u00fancies\"}]},{\"@type\":\"WebSite\",\"@id\":\"https:\\\/\\\/staffglobalgroup.com\\\/ca\\\/#website\",\"url\":\"https:\\\/\\\/staffglobalgroup.com\\\/ca\\\/\",\"name\":\"Staff Global Group\",\"description\":\"Integral Outsourcing Services\",\"potentialAction\":[{\"@type\":\"SearchAction\",\"target\":{\"@type\":\"EntryPoint\",\"urlTemplate\":\"https:\\\/\\\/staffglobalgroup.com\\\/ca\\\/?s={search_term_string}\"},\"query-input\":{\"@type\":\"PropertyValueSpecification\",\"valueRequired\":true,\"valueName\":\"search_term_string\"}}],\"inLanguage\":\"ca\"}]}<\/script>\n<!-- \/ Yoast SEO plugin. -->","yoast_head_json":{"title":"Canal de den\u00fancies | Staff Global Group","robots":{"index":"noindex","follow":"nofollow"},"og_locale":"ca_ES","og_type":"article","og_title":"Canal de den\u00fancies | Staff Global Group","og_description":"Complint amb la Llei 2\/2023, de 20 de febrer, que estableix la protecci\u00f3 d&#8217;aquells que reporten infraccions normatives o actes de corrupci\u00f3, a Staff Global Group posem a disposici\u00f3 el nostre Canal de Den\u00fancies. Aquesta plataforma garanteix la confidencialitat i permet a empleats, prove\u00efdors i socis comercials reportar qualsevol activitat [&hellip;]","og_url":"https:\/\/staffglobalgroup.com\/ca\/canal-de-denuncies\/","og_site_name":"Staff Global Group","article_publisher":"https:\/\/www.facebook.com\/StaffGlobalGroup\/","article_modified_time":"2024-12-30T07:33:50+00:00","twitter_card":"summary_large_image","twitter_misc":{"Temps estimat de lectura":"4 minuts"},"schema":{"@context":"https:\/\/schema.org","@graph":[{"@type":"WebPage","@id":"https:\/\/staffglobalgroup.com\/ca\/canal-de-denuncies\/","url":"https:\/\/staffglobalgroup.com\/ca\/canal-de-denuncies\/","name":"Canal de den\u00fancies | Staff Global Group","isPartOf":{"@id":"https:\/\/staffglobalgroup.com\/ca\/#website"},"datePublished":"2024-10-17T07:56:09+00:00","dateModified":"2024-12-30T07:33:50+00:00","breadcrumb":{"@id":"https:\/\/staffglobalgroup.com\/ca\/canal-de-denuncies\/#breadcrumb"},"inLanguage":"ca","potentialAction":[{"@type":"ReadAction","target":["https:\/\/staffglobalgroup.com\/ca\/canal-de-denuncies\/"]}]},{"@type":"BreadcrumbList","@id":"https:\/\/staffglobalgroup.com\/ca\/canal-de-denuncies\/#breadcrumb","itemListElement":[{"@type":"ListItem","position":1,"name":"Home","item":"https:\/\/staffglobalgroup.com\/ca\/"},{"@type":"ListItem","position":2,"name":"Canal de den\u00fancies"}]},{"@type":"WebSite","@id":"https:\/\/staffglobalgroup.com\/ca\/#website","url":"https:\/\/staffglobalgroup.com\/ca\/","name":"Staff Global Group","description":"Integral Outsourcing Services","potentialAction":[{"@type":"SearchAction","target":{"@type":"EntryPoint","urlTemplate":"https:\/\/staffglobalgroup.com\/ca\/?s={search_term_string}"},"query-input":{"@type":"PropertyValueSpecification","valueRequired":true,"valueName":"search_term_string"}}],"inLanguage":"ca"}]}},"_links":{"self":[{"href":"https:\/\/staffglobalgroup.com\/ca\/wp-json\/wp\/v2\/pages\/5354","targetHints":{"allow":["GET"]}}],"collection":[{"href":"https:\/\/staffglobalgroup.com\/ca\/wp-json\/wp\/v2\/pages"}],"about":[{"href":"https:\/\/staffglobalgroup.com\/ca\/wp-json\/wp\/v2\/types\/page"}],"author":[{"embeddable":true,"href":"https:\/\/staffglobalgroup.com\/ca\/wp-json\/wp\/v2\/users\/1"}],"replies":[{"embeddable":true,"href":"https:\/\/staffglobalgroup.com\/ca\/wp-json\/wp\/v2\/comments?post=5354"}],"version-history":[{"count":2,"href":"https:\/\/staffglobalgroup.com\/ca\/wp-json\/wp\/v2\/pages\/5354\/revisions"}],"predecessor-version":[{"id":5430,"href":"https:\/\/staffglobalgroup.com\/ca\/wp-json\/wp\/v2\/pages\/5354\/revisions\/5430"}],"wp:attachment":[{"href":"https:\/\/staffglobalgroup.com\/ca\/wp-json\/wp\/v2\/media?parent=5354"}],"wp:term":[{"taxonomy":"nivel-de-servicio","embeddable":true,"href":"https:\/\/staffglobalgroup.com\/ca\/wp-json\/wp\/v2\/nivel-de-servicio?post=5354"}],"curies":[{"name":"wp","href":"https:\/\/api.w.org\/{rel}","templated":true}]}}