{"id":4385,"date":"2024-01-23T11:10:59","date_gmt":"2024-01-23T10:10:59","guid":{"rendered":"https:\/\/staffglobalgroup.com\/retail-services\/formacion-retail\/"},"modified":"2024-12-17T14:33:27","modified_gmt":"2024-12-17T13:33:27","slug":"formacio-retail","status":"publish","type":"page","link":"https:\/\/staffglobalgroup.com\/ca\/retail-services\/formacio-retail\/","title":{"rendered":"Formaci\u00f3 retail"},"content":{"rendered":"","protected":false},"excerpt":{"rendered":"","protected":false},"author":1,"featured_media":1415,"parent":4292,"menu_order":0,"comment_status":"closed","ping_status":"closed","template":"page-servicio.php","meta":{"_acf_changed":false,"footnotes":""},"nivel-de-servicio":[16],"class_list":["post-4385","page","type-page","status-publish","has-post-thumbnail","hentry","nivel-de-servicio-nivel-2"],"acf":[],"yoast_head":"<!-- This site is optimized with the Yoast SEO plugin v27.2 - https:\/\/yoast.com\/product\/yoast-seo-wordpress\/ -->\n<title>\u25b7 Servei de Formaci\u00f3 en Retail | Staff Global Group<\/title>\n<meta name=\"description\" content=\"Potencia el teu equip amb la nostra formaci\u00f3 personalitzada en retail. Formaci\u00f3 especialitzada per crear ambaixadors de marca. Contacta&#039;ns i comen\u00e7a avui!\" \/>\n<meta name=\"robots\" content=\"index, follow, max-snippet:-1, max-image-preview:large, max-video-preview:-1\" \/>\n<link rel=\"canonical\" href=\"https:\/\/staffglobalgroup.com\/ca\/retail-services\/formacio-retail\/\" \/>\n<meta property=\"og:locale\" content=\"ca_ES\" \/>\n<meta property=\"og:type\" content=\"article\" \/>\n<meta property=\"og:title\" content=\"\u25b7 Servei de Formaci\u00f3 en Retail | Staff Global Group\" \/>\n<meta property=\"og:description\" content=\"Potencia el teu equip amb la nostra formaci\u00f3 personalitzada en retail. Formaci\u00f3 especialitzada per crear ambaixadors de marca. Contacta&#039;ns i comen\u00e7a avui!\" \/>\n<meta property=\"og:url\" content=\"https:\/\/staffglobalgroup.com\/ca\/retail-services\/formacio-retail\/\" \/>\n<meta property=\"og:site_name\" content=\"Staff Global Group\" \/>\n<meta property=\"article:publisher\" content=\"https:\/\/www.facebook.com\/StaffGlobalGroup\/\" \/>\n<meta property=\"article:modified_time\" content=\"2024-12-17T13:33:27+00:00\" \/>\n<meta property=\"og:image\" content=\"https:\/\/staffglobalgroup.com\/wp-content\/uploads\/Formacion-retail_boton-cuadrado.jpg\" \/>\n\t<meta property=\"og:image:width\" content=\"730\" \/>\n\t<meta property=\"og:image:height\" content=\"730\" \/>\n\t<meta property=\"og:image:type\" content=\"image\/jpeg\" \/>\n<meta name=\"twitter:card\" content=\"summary_large_image\" \/>\n<meta name=\"twitter:label1\" content=\"Temps estimat de lectura\" \/>\n\t<meta name=\"twitter:data1\" content=\"3 minuts\" \/>\n<script type=\"application\/ld+json\" class=\"yoast-schema-graph\">{\"@context\":\"https:\/\/schema.org\",\"@graph\":[{\"@type\":\"WebPage\",\"@id\":\"https:\/\/staffglobalgroup.com\/ca\/retail-services\/formacio-retail\/\",\"url\":\"https:\/\/staffglobalgroup.com\/ca\/retail-services\/formacio-retail\/\",\"name\":\"\u25b7 Servei de Formaci\u00f3 en Retail | Staff Global Group\",\"isPartOf\":{\"@id\":\"https:\/\/staffglobalgroup.com\/ca\/#website\"},\"primaryImageOfPage\":{\"@id\":\"https:\/\/staffglobalgroup.com\/ca\/retail-services\/formacio-retail\/#primaryimage\"},\"image\":{\"@id\":\"https:\/\/staffglobalgroup.com\/ca\/retail-services\/formacio-retail\/#primaryimage\"},\"thumbnailUrl\":\"https:\/\/staffglobalgroup.com\/wp-content\/uploads\/Formacion-retail_boton-cuadrado.jpg\",\"datePublished\":\"2024-01-23T10:10:59+00:00\",\"dateModified\":\"2024-12-17T13:33:27+00:00\",\"description\":\"Potencia el teu equip amb la nostra formaci\u00f3 personalitzada en retail. Formaci\u00f3 especialitzada per crear ambaixadors de marca. Contacta'ns i comen\u00e7a avui!\",\"breadcrumb\":{\"@id\":\"https:\/\/staffglobalgroup.com\/ca\/retail-services\/formacio-retail\/#breadcrumb\"},\"inLanguage\":\"ca\",\"potentialAction\":[{\"@type\":\"ReadAction\",\"target\":[\"https:\/\/staffglobalgroup.com\/ca\/retail-services\/formacio-retail\/\"]}]},{\"@type\":\"ImageObject\",\"inLanguage\":\"ca\",\"@id\":\"https:\/\/staffglobalgroup.com\/ca\/retail-services\/formacio-retail\/#primaryimage\",\"url\":\"https:\/\/staffglobalgroup.com\/wp-content\/uploads\/Formacion-retail_boton-cuadrado.jpg\",\"contentUrl\":\"https:\/\/staffglobalgroup.com\/wp-content\/uploads\/Formacion-retail_boton-cuadrado.jpg\",\"width\":730,\"height\":730},{\"@type\":\"BreadcrumbList\",\"@id\":\"https:\/\/staffglobalgroup.com\/ca\/retail-services\/formacio-retail\/#breadcrumb\",\"itemListElement\":[{\"@type\":\"ListItem\",\"position\":1,\"name\":\"Home\",\"item\":\"https:\/\/staffglobalgroup.com\/ca\/\"},{\"@type\":\"ListItem\",\"position\":2,\"name\":\"Retail Services\",\"item\":\"https:\/\/staffglobalgroup.com\/ca\/retail-services\/\"},{\"@type\":\"ListItem\",\"position\":3,\"name\":\"Formaci\u00f3 retail\"}]},{\"@type\":\"WebSite\",\"@id\":\"https:\/\/staffglobalgroup.com\/ca\/#website\",\"url\":\"https:\/\/staffglobalgroup.com\/ca\/\",\"name\":\"Staff Global Group\",\"description\":\"Integral Outsourcing Services\",\"potentialAction\":[{\"@type\":\"SearchAction\",\"target\":{\"@type\":\"EntryPoint\",\"urlTemplate\":\"https:\/\/staffglobalgroup.com\/ca\/?s={search_term_string}\"},\"query-input\":{\"@type\":\"PropertyValueSpecification\",\"valueRequired\":true,\"valueName\":\"search_term_string\"}}],\"inLanguage\":\"ca\"}]}<\/script>\n<!-- \/ Yoast SEO plugin. -->","yoast_head_json":{"title":"\u25b7 Servei de Formaci\u00f3 en Retail | Staff Global Group","description":"Potencia el teu equip amb la nostra formaci\u00f3 personalitzada en retail. Formaci\u00f3 especialitzada per crear ambaixadors de marca. Contacta'ns i comen\u00e7a avui!","robots":{"index":"index","follow":"follow","max-snippet":"max-snippet:-1","max-image-preview":"max-image-preview:large","max-video-preview":"max-video-preview:-1"},"canonical":"https:\/\/staffglobalgroup.com\/ca\/retail-services\/formacio-retail\/","og_locale":"ca_ES","og_type":"article","og_title":"\u25b7 Servei de Formaci\u00f3 en Retail | Staff Global Group","og_description":"Potencia el teu equip amb la nostra formaci\u00f3 personalitzada en retail. Formaci\u00f3 especialitzada per crear ambaixadors de marca. Contacta'ns i comen\u00e7a avui!","og_url":"https:\/\/staffglobalgroup.com\/ca\/retail-services\/formacio-retail\/","og_site_name":"Staff Global Group","article_publisher":"https:\/\/www.facebook.com\/StaffGlobalGroup\/","article_modified_time":"2024-12-17T13:33:27+00:00","og_image":[{"width":730,"height":730,"url":"https:\/\/staffglobalgroup.com\/wp-content\/uploads\/Formacion-retail_boton-cuadrado.jpg","type":"image\/jpeg"}],"twitter_card":"summary_large_image","twitter_misc":{"Temps estimat de lectura":"3 minuts"},"schema":{"@context":"https:\/\/schema.org","@graph":[{"@type":"WebPage","@id":"https:\/\/staffglobalgroup.com\/ca\/retail-services\/formacio-retail\/","url":"https:\/\/staffglobalgroup.com\/ca\/retail-services\/formacio-retail\/","name":"\u25b7 Servei de Formaci\u00f3 en Retail | Staff Global Group","isPartOf":{"@id":"https:\/\/staffglobalgroup.com\/ca\/#website"},"primaryImageOfPage":{"@id":"https:\/\/staffglobalgroup.com\/ca\/retail-services\/formacio-retail\/#primaryimage"},"image":{"@id":"https:\/\/staffglobalgroup.com\/ca\/retail-services\/formacio-retail\/#primaryimage"},"thumbnailUrl":"https:\/\/staffglobalgroup.com\/wp-content\/uploads\/Formacion-retail_boton-cuadrado.jpg","datePublished":"2024-01-23T10:10:59+00:00","dateModified":"2024-12-17T13:33:27+00:00","description":"Potencia el teu equip amb la nostra formaci\u00f3 personalitzada en retail. Formaci\u00f3 especialitzada per crear ambaixadors de marca. Contacta'ns i comen\u00e7a avui!","breadcrumb":{"@id":"https:\/\/staffglobalgroup.com\/ca\/retail-services\/formacio-retail\/#breadcrumb"},"inLanguage":"ca","potentialAction":[{"@type":"ReadAction","target":["https:\/\/staffglobalgroup.com\/ca\/retail-services\/formacio-retail\/"]}]},{"@type":"ImageObject","inLanguage":"ca","@id":"https:\/\/staffglobalgroup.com\/ca\/retail-services\/formacio-retail\/#primaryimage","url":"https:\/\/staffglobalgroup.com\/wp-content\/uploads\/Formacion-retail_boton-cuadrado.jpg","contentUrl":"https:\/\/staffglobalgroup.com\/wp-content\/uploads\/Formacion-retail_boton-cuadrado.jpg","width":730,"height":730},{"@type":"BreadcrumbList","@id":"https:\/\/staffglobalgroup.com\/ca\/retail-services\/formacio-retail\/#breadcrumb","itemListElement":[{"@type":"ListItem","position":1,"name":"Home","item":"https:\/\/staffglobalgroup.com\/ca\/"},{"@type":"ListItem","position":2,"name":"Retail Services","item":"https:\/\/staffglobalgroup.com\/ca\/retail-services\/"},{"@type":"ListItem","position":3,"name":"Formaci\u00f3 retail"}]},{"@type":"WebSite","@id":"https:\/\/staffglobalgroup.com\/ca\/#website","url":"https:\/\/staffglobalgroup.com\/ca\/","name":"Staff Global Group","description":"Integral Outsourcing Services","potentialAction":[{"@type":"SearchAction","target":{"@type":"EntryPoint","urlTemplate":"https:\/\/staffglobalgroup.com\/ca\/?s={search_term_string}"},"query-input":{"@type":"PropertyValueSpecification","valueRequired":true,"valueName":"search_term_string"}}],"inLanguage":"ca"}]}},"_links":{"self":[{"href":"https:\/\/staffglobalgroup.com\/ca\/wp-json\/wp\/v2\/pages\/4385","targetHints":{"allow":["GET"]}}],"collection":[{"href":"https:\/\/staffglobalgroup.com\/ca\/wp-json\/wp\/v2\/pages"}],"about":[{"href":"https:\/\/staffglobalgroup.com\/ca\/wp-json\/wp\/v2\/types\/page"}],"author":[{"embeddable":true,"href":"https:\/\/staffglobalgroup.com\/ca\/wp-json\/wp\/v2\/users\/1"}],"replies":[{"embeddable":true,"href":"https:\/\/staffglobalgroup.com\/ca\/wp-json\/wp\/v2\/comments?post=4385"}],"version-history":[{"count":5,"href":"https:\/\/staffglobalgroup.com\/ca\/wp-json\/wp\/v2\/pages\/4385\/revisions"}],"predecessor-version":[{"id":5099,"href":"https:\/\/staffglobalgroup.com\/ca\/wp-json\/wp\/v2\/pages\/4385\/revisions\/5099"}],"up":[{"embeddable":true,"href":"https:\/\/staffglobalgroup.com\/ca\/wp-json\/wp\/v2\/pages\/4292"}],"wp:featuredmedia":[{"embeddable":true,"href":"https:\/\/staffglobalgroup.com\/ca\/wp-json\/wp\/v2\/media\/1415"}],"wp:attachment":[{"href":"https:\/\/staffglobalgroup.com\/ca\/wp-json\/wp\/v2\/media?parent=4385"}],"wp:term":[{"taxonomy":"nivel-de-servicio","embeddable":true,"href":"https:\/\/staffglobalgroup.com\/ca\/wp-json\/wp\/v2\/nivel-de-servicio?post=4385"}],"curies":[{"name":"wp","href":"https:\/\/api.w.org\/{rel}","templated":true}]}}