{"id":4382,"date":"2024-01-23T11:12:52","date_gmt":"2024-01-23T10:12:52","guid":{"rendered":"https:\/\/staffglobalgroup.com\/hospitality\/eventos-deportivos-y-espectaculos\/"},"modified":"2024-12-17T16:24:15","modified_gmt":"2024-12-17T15:24:15","slug":"esdeveniments-esportius-i-espectacles","status":"publish","type":"page","link":"https:\/\/staffglobalgroup.com\/ca\/hospitality\/esdeveniments-esportius-i-espectacles\/","title":{"rendered":"Esdeveniments esportius i espectacles"},"content":{"rendered":"","protected":false},"excerpt":{"rendered":"","protected":false},"author":1,"featured_media":1180,"parent":4289,"menu_order":0,"comment_status":"closed","ping_status":"closed","template":"page-servicio.php","meta":{"_acf_changed":false,"footnotes":""},"nivel-de-servicio":[16],"class_list":["post-4382","page","type-page","status-publish","has-post-thumbnail","hentry","nivel-de-servicio-nivel-2"],"acf":[],"yoast_head":"<!-- This site is optimized with the Yoast SEO plugin v27.4 - https:\/\/yoast.com\/product\/yoast-seo-wordpress\/ -->\n<title>Staff per Esdeveniments Esportius i Espectacles | Staff Global Group<\/title>\n<meta name=\"description\" content=\"Personal expert per a esdeveniments esportius i espectacles. Comptem amb hostesses, acomodadors i c\u00e0tering per a una experi\u00e8ncia \u00fanica. Contacta&#039;ns ara!\" \/>\n<meta name=\"robots\" content=\"index, follow, max-snippet:-1, max-image-preview:large, max-video-preview:-1\" \/>\n<link rel=\"canonical\" href=\"https:\/\/staffglobalgroup.com\/ca\/hospitality\/esdeveniments-esportius-i-espectacles\/\" \/>\n<meta property=\"og:locale\" content=\"ca_ES\" \/>\n<meta property=\"og:type\" content=\"article\" \/>\n<meta property=\"og:title\" content=\"Staff per Esdeveniments Esportius i Espectacles | Staff Global Group\" \/>\n<meta property=\"og:description\" content=\"Personal expert per a esdeveniments esportius i espectacles. Comptem amb hostesses, acomodadors i c\u00e0tering per a una experi\u00e8ncia \u00fanica. Contacta&#039;ns ara!\" \/>\n<meta property=\"og:url\" content=\"https:\/\/staffglobalgroup.com\/ca\/hospitality\/esdeveniments-esportius-i-espectacles\/\" \/>\n<meta property=\"og:site_name\" content=\"Staff Global Group\" \/>\n<meta property=\"article:publisher\" content=\"https:\/\/www.facebook.com\/StaffGlobalGroup\/\" \/>\n<meta property=\"article:modified_time\" content=\"2024-12-17T15:24:15+00:00\" \/>\n<meta property=\"og:image\" content=\"https:\/\/staffglobalgroup.com\/wp-content\/uploads\/Eventos-deportivos-y-espectaculos_cabecera-recortada.jpg\" \/>\n\t<meta property=\"og:image:width\" content=\"2000\" \/>\n\t<meta property=\"og:image:height\" content=\"580\" \/>\n\t<meta property=\"og:image:type\" content=\"image\/jpeg\" \/>\n<meta name=\"twitter:card\" content=\"summary_large_image\" \/>\n<meta name=\"twitter:label1\" content=\"Temps estimat de lectura\" \/>\n\t<meta name=\"twitter:data1\" content=\"3 minuts\" \/>\n<script type=\"application\/ld+json\" class=\"yoast-schema-graph\">{\"@context\":\"https:\\\/\\\/schema.org\",\"@graph\":[{\"@type\":\"WebPage\",\"@id\":\"https:\\\/\\\/staffglobalgroup.com\\\/ca\\\/hospitality\\\/esdeveniments-esportius-i-espectacles\\\/\",\"url\":\"https:\\\/\\\/staffglobalgroup.com\\\/ca\\\/hospitality\\\/esdeveniments-esportius-i-espectacles\\\/\",\"name\":\"Staff per Esdeveniments Esportius i Espectacles | Staff Global Group\",\"isPartOf\":{\"@id\":\"https:\\\/\\\/staffglobalgroup.com\\\/ca\\\/#website\"},\"primaryImageOfPage\":{\"@id\":\"https:\\\/\\\/staffglobalgroup.com\\\/ca\\\/hospitality\\\/esdeveniments-esportius-i-espectacles\\\/#primaryimage\"},\"image\":{\"@id\":\"https:\\\/\\\/staffglobalgroup.com\\\/ca\\\/hospitality\\\/esdeveniments-esportius-i-espectacles\\\/#primaryimage\"},\"thumbnailUrl\":\"https:\\\/\\\/staffglobalgroup.com\\\/wp-content\\\/uploads\\\/Eventos-deportivos-y-espectaculos_cabecera-recortada.jpg\",\"datePublished\":\"2024-01-23T10:12:52+00:00\",\"dateModified\":\"2024-12-17T15:24:15+00:00\",\"description\":\"Personal expert per a esdeveniments esportius i espectacles. Comptem amb hostesses, acomodadors i c\u00e0tering per a una experi\u00e8ncia \u00fanica. Contacta'ns ara!\",\"breadcrumb\":{\"@id\":\"https:\\\/\\\/staffglobalgroup.com\\\/ca\\\/hospitality\\\/esdeveniments-esportius-i-espectacles\\\/#breadcrumb\"},\"inLanguage\":\"ca\",\"potentialAction\":[{\"@type\":\"ReadAction\",\"target\":[\"https:\\\/\\\/staffglobalgroup.com\\\/ca\\\/hospitality\\\/esdeveniments-esportius-i-espectacles\\\/\"]}]},{\"@type\":\"ImageObject\",\"inLanguage\":\"ca\",\"@id\":\"https:\\\/\\\/staffglobalgroup.com\\\/ca\\\/hospitality\\\/esdeveniments-esportius-i-espectacles\\\/#primaryimage\",\"url\":\"https:\\\/\\\/staffglobalgroup.com\\\/wp-content\\\/uploads\\\/Eventos-deportivos-y-espectaculos_cabecera-recortada.jpg\",\"contentUrl\":\"https:\\\/\\\/staffglobalgroup.com\\\/wp-content\\\/uploads\\\/Eventos-deportivos-y-espectaculos_cabecera-recortada.jpg\",\"width\":2000,\"height\":580},{\"@type\":\"BreadcrumbList\",\"@id\":\"https:\\\/\\\/staffglobalgroup.com\\\/ca\\\/hospitality\\\/esdeveniments-esportius-i-espectacles\\\/#breadcrumb\",\"itemListElement\":[{\"@type\":\"ListItem\",\"position\":1,\"name\":\"Home\",\"item\":\"https:\\\/\\\/staffglobalgroup.com\\\/ca\\\/\"},{\"@type\":\"ListItem\",\"position\":2,\"name\":\"Hospitality\",\"item\":\"https:\\\/\\\/staffglobalgroup.com\\\/ca\\\/hospitality\\\/\"},{\"@type\":\"ListItem\",\"position\":3,\"name\":\"Esdeveniments esportius i espectacles\"}]},{\"@type\":\"WebSite\",\"@id\":\"https:\\\/\\\/staffglobalgroup.com\\\/ca\\\/#website\",\"url\":\"https:\\\/\\\/staffglobalgroup.com\\\/ca\\\/\",\"name\":\"Staff Global Group\",\"description\":\"Integral Outsourcing Services\",\"potentialAction\":[{\"@type\":\"SearchAction\",\"target\":{\"@type\":\"EntryPoint\",\"urlTemplate\":\"https:\\\/\\\/staffglobalgroup.com\\\/ca\\\/?s={search_term_string}\"},\"query-input\":{\"@type\":\"PropertyValueSpecification\",\"valueRequired\":true,\"valueName\":\"search_term_string\"}}],\"inLanguage\":\"ca\"}]}<\/script>\n<!-- \/ Yoast SEO plugin. -->","yoast_head_json":{"title":"Staff per Esdeveniments Esportius i Espectacles | Staff Global Group","description":"Personal expert per a esdeveniments esportius i espectacles. Comptem amb hostesses, acomodadors i c\u00e0tering per a una experi\u00e8ncia \u00fanica. Contacta'ns ara!","robots":{"index":"index","follow":"follow","max-snippet":"max-snippet:-1","max-image-preview":"max-image-preview:large","max-video-preview":"max-video-preview:-1"},"canonical":"https:\/\/staffglobalgroup.com\/ca\/hospitality\/esdeveniments-esportius-i-espectacles\/","og_locale":"ca_ES","og_type":"article","og_title":"Staff per Esdeveniments Esportius i Espectacles | Staff Global Group","og_description":"Personal expert per a esdeveniments esportius i espectacles. Comptem amb hostesses, acomodadors i c\u00e0tering per a una experi\u00e8ncia \u00fanica. Contacta'ns ara!","og_url":"https:\/\/staffglobalgroup.com\/ca\/hospitality\/esdeveniments-esportius-i-espectacles\/","og_site_name":"Staff Global Group","article_publisher":"https:\/\/www.facebook.com\/StaffGlobalGroup\/","article_modified_time":"2024-12-17T15:24:15+00:00","og_image":[{"width":2000,"height":580,"url":"https:\/\/staffglobalgroup.com\/wp-content\/uploads\/Eventos-deportivos-y-espectaculos_cabecera-recortada.jpg","type":"image\/jpeg"}],"twitter_card":"summary_large_image","twitter_misc":{"Temps estimat de lectura":"3 minuts"},"schema":{"@context":"https:\/\/schema.org","@graph":[{"@type":"WebPage","@id":"https:\/\/staffglobalgroup.com\/ca\/hospitality\/esdeveniments-esportius-i-espectacles\/","url":"https:\/\/staffglobalgroup.com\/ca\/hospitality\/esdeveniments-esportius-i-espectacles\/","name":"Staff per Esdeveniments Esportius i Espectacles | Staff Global Group","isPartOf":{"@id":"https:\/\/staffglobalgroup.com\/ca\/#website"},"primaryImageOfPage":{"@id":"https:\/\/staffglobalgroup.com\/ca\/hospitality\/esdeveniments-esportius-i-espectacles\/#primaryimage"},"image":{"@id":"https:\/\/staffglobalgroup.com\/ca\/hospitality\/esdeveniments-esportius-i-espectacles\/#primaryimage"},"thumbnailUrl":"https:\/\/staffglobalgroup.com\/wp-content\/uploads\/Eventos-deportivos-y-espectaculos_cabecera-recortada.jpg","datePublished":"2024-01-23T10:12:52+00:00","dateModified":"2024-12-17T15:24:15+00:00","description":"Personal expert per a esdeveniments esportius i espectacles. Comptem amb hostesses, acomodadors i c\u00e0tering per a una experi\u00e8ncia \u00fanica. Contacta'ns ara!","breadcrumb":{"@id":"https:\/\/staffglobalgroup.com\/ca\/hospitality\/esdeveniments-esportius-i-espectacles\/#breadcrumb"},"inLanguage":"ca","potentialAction":[{"@type":"ReadAction","target":["https:\/\/staffglobalgroup.com\/ca\/hospitality\/esdeveniments-esportius-i-espectacles\/"]}]},{"@type":"ImageObject","inLanguage":"ca","@id":"https:\/\/staffglobalgroup.com\/ca\/hospitality\/esdeveniments-esportius-i-espectacles\/#primaryimage","url":"https:\/\/staffglobalgroup.com\/wp-content\/uploads\/Eventos-deportivos-y-espectaculos_cabecera-recortada.jpg","contentUrl":"https:\/\/staffglobalgroup.com\/wp-content\/uploads\/Eventos-deportivos-y-espectaculos_cabecera-recortada.jpg","width":2000,"height":580},{"@type":"BreadcrumbList","@id":"https:\/\/staffglobalgroup.com\/ca\/hospitality\/esdeveniments-esportius-i-espectacles\/#breadcrumb","itemListElement":[{"@type":"ListItem","position":1,"name":"Home","item":"https:\/\/staffglobalgroup.com\/ca\/"},{"@type":"ListItem","position":2,"name":"Hospitality","item":"https:\/\/staffglobalgroup.com\/ca\/hospitality\/"},{"@type":"ListItem","position":3,"name":"Esdeveniments esportius i espectacles"}]},{"@type":"WebSite","@id":"https:\/\/staffglobalgroup.com\/ca\/#website","url":"https:\/\/staffglobalgroup.com\/ca\/","name":"Staff Global Group","description":"Integral Outsourcing Services","potentialAction":[{"@type":"SearchAction","target":{"@type":"EntryPoint","urlTemplate":"https:\/\/staffglobalgroup.com\/ca\/?s={search_term_string}"},"query-input":{"@type":"PropertyValueSpecification","valueRequired":true,"valueName":"search_term_string"}}],"inLanguage":"ca"}]}},"_links":{"self":[{"href":"https:\/\/staffglobalgroup.com\/ca\/wp-json\/wp\/v2\/pages\/4382","targetHints":{"allow":["GET"]}}],"collection":[{"href":"https:\/\/staffglobalgroup.com\/ca\/wp-json\/wp\/v2\/pages"}],"about":[{"href":"https:\/\/staffglobalgroup.com\/ca\/wp-json\/wp\/v2\/types\/page"}],"author":[{"embeddable":true,"href":"https:\/\/staffglobalgroup.com\/ca\/wp-json\/wp\/v2\/users\/1"}],"replies":[{"embeddable":true,"href":"https:\/\/staffglobalgroup.com\/ca\/wp-json\/wp\/v2\/comments?post=4382"}],"version-history":[{"count":4,"href":"https:\/\/staffglobalgroup.com\/ca\/wp-json\/wp\/v2\/pages\/4382\/revisions"}],"predecessor-version":[{"id":5101,"href":"https:\/\/staffglobalgroup.com\/ca\/wp-json\/wp\/v2\/pages\/4382\/revisions\/5101"}],"up":[{"embeddable":true,"href":"https:\/\/staffglobalgroup.com\/ca\/wp-json\/wp\/v2\/pages\/4289"}],"wp:featuredmedia":[{"embeddable":true,"href":"https:\/\/staffglobalgroup.com\/ca\/wp-json\/wp\/v2\/media\/1180"}],"wp:attachment":[{"href":"https:\/\/staffglobalgroup.com\/ca\/wp-json\/wp\/v2\/media?parent=4382"}],"wp:term":[{"taxonomy":"nivel-de-servicio","embeddable":true,"href":"https:\/\/staffglobalgroup.com\/ca\/wp-json\/wp\/v2\/nivel-de-servicio?post=4382"}],"curies":[{"name":"wp","href":"https:\/\/api.w.org\/{rel}","templated":true}]}}