{"id":4346,"date":"2024-01-23T11:14:37","date_gmt":"2024-01-23T10:14:37","guid":{"rendered":"https:\/\/staffglobalgroup.com\/facilities\/despliegues-tecnologicos\/"},"modified":"2024-12-19T17:13:12","modified_gmt":"2024-12-19T16:13:12","slug":"desplegaments-tecnologics","status":"publish","type":"page","link":"https:\/\/staffglobalgroup.com\/ca\/facilities\/desplegaments-tecnologics\/","title":{"rendered":"Desplegaments tecnol\u00f2gics"},"content":{"rendered":"","protected":false},"excerpt":{"rendered":"","protected":false},"author":1,"featured_media":0,"parent":4286,"menu_order":0,"comment_status":"closed","ping_status":"closed","template":"page-servicio.php","meta":{"_acf_changed":false,"footnotes":""},"nivel-de-servicio":[16],"class_list":["post-4346","page","type-page","status-publish","hentry","nivel-de-servicio-nivel-2"],"acf":[],"yoast_head":"<!-- This site is optimized with the Yoast SEO plugin v27.4 - https:\/\/yoast.com\/product\/yoast-seo-wordpress\/ -->\n<title>INSTALL-IT: Desplegaments tecnol\u00f2gics | Staff Global Group<\/title>\n<meta name=\"description\" content=\"Descobreix com optimitzem les teves operacions amb desplegaments tecnol\u00f2gics a mida. Innovem en facility services per impulsar la teva efici\u00e8ncia.\" \/>\n<meta name=\"robots\" content=\"index, follow, max-snippet:-1, max-image-preview:large, max-video-preview:-1\" \/>\n<link rel=\"canonical\" href=\"https:\/\/staffglobalgroup.com\/ca\/facilities\/desplegaments-tecnologics\/\" \/>\n<meta property=\"og:locale\" content=\"ca_ES\" \/>\n<meta property=\"og:type\" content=\"article\" \/>\n<meta property=\"og:title\" content=\"INSTALL-IT: Desplegaments tecnol\u00f2gics | Staff Global Group\" \/>\n<meta property=\"og:description\" content=\"Descobreix com optimitzem les teves operacions amb desplegaments tecnol\u00f2gics a mida. Innovem en facility services per impulsar la teva efici\u00e8ncia.\" \/>\n<meta property=\"og:url\" content=\"https:\/\/staffglobalgroup.com\/ca\/facilities\/desplegaments-tecnologics\/\" \/>\n<meta property=\"og:site_name\" content=\"Staff Global Group\" \/>\n<meta property=\"article:publisher\" content=\"https:\/\/www.facebook.com\/StaffGlobalGroup\/\" \/>\n<meta property=\"article:modified_time\" content=\"2024-12-19T16:13:12+00:00\" \/>\n<meta name=\"twitter:card\" content=\"summary_large_image\" \/>\n<meta name=\"twitter:label1\" content=\"Temps estimat de lectura\" \/>\n\t<meta name=\"twitter:data1\" content=\"8 minuts\" \/>\n<script type=\"application\/ld+json\" class=\"yoast-schema-graph\">{\"@context\":\"https:\\\/\\\/schema.org\",\"@graph\":[{\"@type\":\"WebPage\",\"@id\":\"https:\\\/\\\/staffglobalgroup.com\\\/ca\\\/facilities\\\/desplegaments-tecnologics\\\/\",\"url\":\"https:\\\/\\\/staffglobalgroup.com\\\/ca\\\/facilities\\\/desplegaments-tecnologics\\\/\",\"name\":\"INSTALL-IT: Desplegaments tecnol\u00f2gics | Staff Global Group\",\"isPartOf\":{\"@id\":\"https:\\\/\\\/staffglobalgroup.com\\\/ca\\\/#website\"},\"datePublished\":\"2024-01-23T10:14:37+00:00\",\"dateModified\":\"2024-12-19T16:13:12+00:00\",\"description\":\"Descobreix com optimitzem les teves operacions amb desplegaments tecnol\u00f2gics a mida. Innovem en facility services per impulsar la teva efici\u00e8ncia.\",\"breadcrumb\":{\"@id\":\"https:\\\/\\\/staffglobalgroup.com\\\/ca\\\/facilities\\\/desplegaments-tecnologics\\\/#breadcrumb\"},\"inLanguage\":\"ca\",\"potentialAction\":[{\"@type\":\"ReadAction\",\"target\":[\"https:\\\/\\\/staffglobalgroup.com\\\/ca\\\/facilities\\\/desplegaments-tecnologics\\\/\"]}]},{\"@type\":\"BreadcrumbList\",\"@id\":\"https:\\\/\\\/staffglobalgroup.com\\\/ca\\\/facilities\\\/desplegaments-tecnologics\\\/#breadcrumb\",\"itemListElement\":[{\"@type\":\"ListItem\",\"position\":1,\"name\":\"Home\",\"item\":\"https:\\\/\\\/staffglobalgroup.com\\\/ca\\\/\"},{\"@type\":\"ListItem\",\"position\":2,\"name\":\"Facilities\",\"item\":\"https:\\\/\\\/staffglobalgroup.com\\\/ca\\\/facilities\\\/\"},{\"@type\":\"ListItem\",\"position\":3,\"name\":\"Desplegaments tecnol\u00f2gics\"}]},{\"@type\":\"WebSite\",\"@id\":\"https:\\\/\\\/staffglobalgroup.com\\\/ca\\\/#website\",\"url\":\"https:\\\/\\\/staffglobalgroup.com\\\/ca\\\/\",\"name\":\"Staff Global Group\",\"description\":\"Integral Outsourcing Services\",\"potentialAction\":[{\"@type\":\"SearchAction\",\"target\":{\"@type\":\"EntryPoint\",\"urlTemplate\":\"https:\\\/\\\/staffglobalgroup.com\\\/ca\\\/?s={search_term_string}\"},\"query-input\":{\"@type\":\"PropertyValueSpecification\",\"valueRequired\":true,\"valueName\":\"search_term_string\"}}],\"inLanguage\":\"ca\"}]}<\/script>\n<!-- \/ Yoast SEO plugin. -->","yoast_head_json":{"title":"INSTALL-IT: Desplegaments tecnol\u00f2gics | Staff Global Group","description":"Descobreix com optimitzem les teves operacions amb desplegaments tecnol\u00f2gics a mida. Innovem en facility services per impulsar la teva efici\u00e8ncia.","robots":{"index":"index","follow":"follow","max-snippet":"max-snippet:-1","max-image-preview":"max-image-preview:large","max-video-preview":"max-video-preview:-1"},"canonical":"https:\/\/staffglobalgroup.com\/ca\/facilities\/desplegaments-tecnologics\/","og_locale":"ca_ES","og_type":"article","og_title":"INSTALL-IT: Desplegaments tecnol\u00f2gics | Staff Global Group","og_description":"Descobreix com optimitzem les teves operacions amb desplegaments tecnol\u00f2gics a mida. Innovem en facility services per impulsar la teva efici\u00e8ncia.","og_url":"https:\/\/staffglobalgroup.com\/ca\/facilities\/desplegaments-tecnologics\/","og_site_name":"Staff Global Group","article_publisher":"https:\/\/www.facebook.com\/StaffGlobalGroup\/","article_modified_time":"2024-12-19T16:13:12+00:00","twitter_card":"summary_large_image","twitter_misc":{"Temps estimat de lectura":"8 minuts"},"schema":{"@context":"https:\/\/schema.org","@graph":[{"@type":"WebPage","@id":"https:\/\/staffglobalgroup.com\/ca\/facilities\/desplegaments-tecnologics\/","url":"https:\/\/staffglobalgroup.com\/ca\/facilities\/desplegaments-tecnologics\/","name":"INSTALL-IT: Desplegaments tecnol\u00f2gics | Staff Global Group","isPartOf":{"@id":"https:\/\/staffglobalgroup.com\/ca\/#website"},"datePublished":"2024-01-23T10:14:37+00:00","dateModified":"2024-12-19T16:13:12+00:00","description":"Descobreix com optimitzem les teves operacions amb desplegaments tecnol\u00f2gics a mida. Innovem en facility services per impulsar la teva efici\u00e8ncia.","breadcrumb":{"@id":"https:\/\/staffglobalgroup.com\/ca\/facilities\/desplegaments-tecnologics\/#breadcrumb"},"inLanguage":"ca","potentialAction":[{"@type":"ReadAction","target":["https:\/\/staffglobalgroup.com\/ca\/facilities\/desplegaments-tecnologics\/"]}]},{"@type":"BreadcrumbList","@id":"https:\/\/staffglobalgroup.com\/ca\/facilities\/desplegaments-tecnologics\/#breadcrumb","itemListElement":[{"@type":"ListItem","position":1,"name":"Home","item":"https:\/\/staffglobalgroup.com\/ca\/"},{"@type":"ListItem","position":2,"name":"Facilities","item":"https:\/\/staffglobalgroup.com\/ca\/facilities\/"},{"@type":"ListItem","position":3,"name":"Desplegaments tecnol\u00f2gics"}]},{"@type":"WebSite","@id":"https:\/\/staffglobalgroup.com\/ca\/#website","url":"https:\/\/staffglobalgroup.com\/ca\/","name":"Staff Global Group","description":"Integral Outsourcing Services","potentialAction":[{"@type":"SearchAction","target":{"@type":"EntryPoint","urlTemplate":"https:\/\/staffglobalgroup.com\/ca\/?s={search_term_string}"},"query-input":{"@type":"PropertyValueSpecification","valueRequired":true,"valueName":"search_term_string"}}],"inLanguage":"ca"}]}},"_links":{"self":[{"href":"https:\/\/staffglobalgroup.com\/ca\/wp-json\/wp\/v2\/pages\/4346","targetHints":{"allow":["GET"]}}],"collection":[{"href":"https:\/\/staffglobalgroup.com\/ca\/wp-json\/wp\/v2\/pages"}],"about":[{"href":"https:\/\/staffglobalgroup.com\/ca\/wp-json\/wp\/v2\/types\/page"}],"author":[{"embeddable":true,"href":"https:\/\/staffglobalgroup.com\/ca\/wp-json\/wp\/v2\/users\/1"}],"replies":[{"embeddable":true,"href":"https:\/\/staffglobalgroup.com\/ca\/wp-json\/wp\/v2\/comments?post=4346"}],"version-history":[{"count":4,"href":"https:\/\/staffglobalgroup.com\/ca\/wp-json\/wp\/v2\/pages\/4346\/revisions"}],"predecessor-version":[{"id":5109,"href":"https:\/\/staffglobalgroup.com\/ca\/wp-json\/wp\/v2\/pages\/4346\/revisions\/5109"}],"up":[{"embeddable":true,"href":"https:\/\/staffglobalgroup.com\/ca\/wp-json\/wp\/v2\/pages\/4286"}],"wp:attachment":[{"href":"https:\/\/staffglobalgroup.com\/ca\/wp-json\/wp\/v2\/media?parent=4346"}],"wp:term":[{"taxonomy":"nivel-de-servicio","embeddable":true,"href":"https:\/\/staffglobalgroup.com\/ca\/wp-json\/wp\/v2\/nivel-de-servicio?post=4346"}],"curies":[{"name":"wp","href":"https:\/\/api.w.org\/{rel}","templated":true}]}}