{"id":4331,"date":"2024-05-08T19:55:28","date_gmt":"2024-05-08T17:55:28","guid":{"rendered":"https:\/\/staffglobalgroup.com\/politica-de-cookies\/"},"modified":"2024-12-17T11:36:03","modified_gmt":"2024-12-17T10:36:03","slug":"politica-de-cookies","status":"publish","type":"page","link":"https:\/\/staffglobalgroup.com\/ca\/politica-de-cookies\/","title":{"rendered":"Pol\u00edtica de Cookies"},"content":{"rendered":"<h2>Informaci\u00f3n General<\/h2>\n<p>La p\u00e1gina web de STAFF PREMIUM, S.L., utiliza cookies. Una cookie es un peque\u00f1o archivo de texto que se almacena en su navegador, y le permite recordar la informaci\u00f3n entre las p\u00e1ginas web y las sesiones del navegador. STAFF PREMIUM, S.L. utiliza un n\u00famero de cookies de primera mano generadas y utilizadas por la p\u00e1gina web de STAFF PREMIUM, S.L. y algunas son \u201ccookies externas\u201d que se generan en nuestra p\u00e1gina web por parte de terceros. Ellas nos permiten recordar cada parte de su proceso de compra online, recordar sus datos de cliente y mostrar el contenido adecuado en funci\u00f3n de las opciones seleccionada. Tambi\u00e9n nos ayuda a entender el comportamiento del usuario dentro de nuestra web, lo que significa que podemos mejorar tu experiencia a trav\u00e9s de la misma.<br \/>\nLas cookies s\u00f3lo pueden almacenar texto, por lo general siempre es an\u00f3nimo y cifrado. STAFF PREMIUM, S.L. nunca almacenar\u00e1 ninguna informaci\u00f3n personal en una cookie.<\/p>\n<h2>\u00bfQu\u00e9 son las Cookies?<\/h2>\n<p>Las cookies son peque\u00f1os archivos de texto generados por las p\u00e1ginas web que usted visita, las cuales contienen los datos de sesi\u00f3n que pueden ser de utilidad m\u00e1s adelante en la p\u00e1gina web. Los datos permiten que la p\u00e1gina web pueda mantener su informaci\u00f3n entre las p\u00e1ginas, y tambi\u00e9n para analizar la forma de interactuar con el sitio.<br \/>\nLas cookies son seguras ya que s\u00f3lo pueden almacenar la informaci\u00f3n que se puso en su lugar por el navegador, lo que es informaci\u00f3n que el usuario ha introducido en el navegador o la que se incluye en la solicitud de p\u00e1gina. No puede ejecutar el c\u00f3digo y no se puede utilizar para acceder a su ordenador. Si una p\u00e1gina web encripta la informaci\u00f3n de la cookie, s\u00f3lo la p\u00e1gina web puede leer la informaci\u00f3n.<\/p>\n<p>Hay dos tipos de cookies: de sesi\u00f3n y persistentes. Se utilizan para cosas diferentes y contienen informaci\u00f3n diferente.<br \/>\nLas cookies de sesi\u00f3n contienen informaci\u00f3n que se utiliza dentro de su sesi\u00f3n actual del navegador. Estas cookies se borran autom\u00e1ticamente cuando usted cierra el navegador. Nada se conserva en su equipo m\u00e1s all\u00e1 del tiempo que pasa en el sitio.<br \/>\nLas cookies persistentes se utilizan para almacenar la informaci\u00f3n que se utiliza entre las visitas. Estos datos permiten a los sitios web reconocer que usted es un cliente habitual y reaccionar en consecuencia. Las cookies persistentes tienen un valor de por vida que se establece en la p\u00e1gina web, que puede variar entre unos minutos o varios a\u00f1os.<\/p>\n<h2>\u00bfPor qu\u00e9 se usan las Cookies?<\/h2>\n<p>Las cookies son utilizadas por la p\u00e1gina web para mantener la sesi\u00f3n a medida que avanza a trav\u00e9s de la web, y poder gestionar as\u00ed los pedidos online. Con Google Analytics las cookies, nos permiten realizar un seguimiento de la interacci\u00f3n del cliente dentro de la p\u00e1gina web. Esto nos da ideas valiosas que nos permiten mejorar la p\u00e1gina web y los productos y servicios que ofrecemos.<\/p>\n<h2>La desactivaci\u00f3n y eliminaci\u00f3n de las cookies<\/h2>\n<p>Todos los navegadores de Internet le permiten limitar el comportamiento de una cookie o desactivar las cookies dentro de la configuraci\u00f3n o las opciones del navegador. Los pasos para hacerlo son diferentes para cada navegador y se pueden encontrar instrucciones de ayuda en el men\u00fa de su navegador.<\/p>\n<p>A trav\u00e9s de su navegador, usted tambi\u00e9n puede ver las cookies que est\u00e1n en su ordenador, y borrarlas seg\u00fan crea conveniente.<\/p>\n<p>Las cookies son archivos de texto, los puede abrir y leer el contenido. Los datos dentro de ellos casi siempre est\u00e1n cifrados con una clave num\u00e9rica que corresponde a una sesi\u00f3n en Internet por lo que muchas veces no tiene sentido m\u00e1s all\u00e1 que la p\u00e1gina web que lo escribi\u00f3.<\/p>\n<p>La desactivaci\u00f3n de las cookies tambi\u00e9n afectar\u00e1 el seguimiento de su progreso a trav\u00e9s del sitio, pero no detendr\u00e1 el c\u00f3digo de Google Analytics desde el reconocimiento de su visita.<\/p>\n<h2>Las cookies de socios tecnol\u00f3gicos Google<\/h2>\n<p>Google colabora con STAFF PREMIUM, S.L. para la anal\u00edtica web y la publicidad. Los datos de la cookie le dicen a Google qu\u00e9 p\u00e1ginas, productos y servicios han sido visitados, y les permite encontrar anuncios correspondientes. Google escribe tanto cookies de sesi\u00f3n como las persistentes. Las cookies no almacenan datos de car\u00e1cter personal. La eliminaci\u00f3n o desactivaci\u00f3n de las cookies no limitar la funcionalidad del sitio.<\/p>\n<h2>Cl\u00e1usula de consentimiento para la utilizaci\u00f3n de cookies<\/h2>\n<p>Este sitio Web utiliza cookies para asegurar la mejor experiencia al usuario. El sitio Web est\u00e1 configurado para permitir todas las cookies. Si no cambias esta configuraci\u00f3n, aceptas el uso de cookies. Puedes cambiar la configuraci\u00f3n en cualquier momento haciendo clic en \u201cCambiar configuraci\u00f3n\u201d bot\u00f3n de abajo.<\/p>\n","protected":false},"excerpt":{"rendered":"<p>Informaci\u00f3n General La p\u00e1gina web de STAFF PREMIUM, S.L., utiliza cookies. Una cookie es un peque\u00f1o archivo de texto que se almacena en su navegador, y le permite recordar la informaci\u00f3n entre las p\u00e1ginas web y las sesiones del navegador. STAFF PREMIUM, S.L. utiliza un n\u00famero de cookies de primera [&hellip;]<\/p>\n","protected":false},"author":1,"featured_media":0,"parent":0,"menu_order":0,"comment_status":"closed","ping_status":"closed","template":"","meta":{"_acf_changed":false,"footnotes":""},"nivel-de-servicio":[],"class_list":["post-4331","page","type-page","status-publish","hentry"],"acf":[],"yoast_head":"<!-- This site is optimized with the Yoast SEO plugin v27.3 - https:\/\/yoast.com\/product\/yoast-seo-wordpress\/ -->\n<title>Pol\u00edtica de Cookies - Staff Global Group<\/title>\n<meta name=\"robots\" content=\"noindex, nofollow\" \/>\n<meta property=\"og:locale\" content=\"ca_ES\" \/>\n<meta property=\"og:type\" content=\"article\" \/>\n<meta property=\"og:title\" content=\"Pol\u00edtica de Cookies - Staff Global Group\" \/>\n<meta property=\"og:description\" content=\"Informaci\u00f3n General La p\u00e1gina web de STAFF PREMIUM, S.L., utiliza cookies. Una cookie es un peque\u00f1o archivo de texto que se almacena en su navegador, y le permite recordar la informaci\u00f3n entre las p\u00e1ginas web y las sesiones del navegador. STAFF PREMIUM, S.L. utiliza un n\u00famero de cookies de primera [&hellip;]\" \/>\n<meta property=\"og:url\" content=\"https:\/\/staffglobalgroup.com\/ca\/politica-de-cookies\/\" \/>\n<meta property=\"og:site_name\" content=\"Staff Global Group\" \/>\n<meta property=\"article:publisher\" content=\"https:\/\/www.facebook.com\/StaffGlobalGroup\/\" \/>\n<meta property=\"article:modified_time\" content=\"2024-12-17T10:36:03+00:00\" \/>\n<meta name=\"twitter:card\" content=\"summary_large_image\" \/>\n<meta name=\"twitter:label1\" content=\"Temps estimat de lectura\" \/>\n\t<meta name=\"twitter:data1\" content=\"4 minuts\" \/>\n<script type=\"application\/ld+json\" class=\"yoast-schema-graph\">{\"@context\":\"https:\\\/\\\/schema.org\",\"@graph\":[{\"@type\":\"WebPage\",\"@id\":\"https:\\\/\\\/staffglobalgroup.com\\\/ca\\\/politica-de-cookies\\\/\",\"url\":\"https:\\\/\\\/staffglobalgroup.com\\\/ca\\\/politica-de-cookies\\\/\",\"name\":\"Pol\u00edtica de Cookies - Staff Global Group\",\"isPartOf\":{\"@id\":\"https:\\\/\\\/staffglobalgroup.com\\\/ca\\\/#website\"},\"datePublished\":\"2024-05-08T17:55:28+00:00\",\"dateModified\":\"2024-12-17T10:36:03+00:00\",\"breadcrumb\":{\"@id\":\"https:\\\/\\\/staffglobalgroup.com\\\/ca\\\/politica-de-cookies\\\/#breadcrumb\"},\"inLanguage\":\"ca\",\"potentialAction\":[{\"@type\":\"ReadAction\",\"target\":[\"https:\\\/\\\/staffglobalgroup.com\\\/ca\\\/politica-de-cookies\\\/\"]}]},{\"@type\":\"BreadcrumbList\",\"@id\":\"https:\\\/\\\/staffglobalgroup.com\\\/ca\\\/politica-de-cookies\\\/#breadcrumb\",\"itemListElement\":[{\"@type\":\"ListItem\",\"position\":1,\"name\":\"Home\",\"item\":\"https:\\\/\\\/staffglobalgroup.com\\\/ca\\\/\"},{\"@type\":\"ListItem\",\"position\":2,\"name\":\"Pol\u00edtica de Cookies\"}]},{\"@type\":\"WebSite\",\"@id\":\"https:\\\/\\\/staffglobalgroup.com\\\/ca\\\/#website\",\"url\":\"https:\\\/\\\/staffglobalgroup.com\\\/ca\\\/\",\"name\":\"Staff Global Group\",\"description\":\"Integral Outsourcing Services\",\"potentialAction\":[{\"@type\":\"SearchAction\",\"target\":{\"@type\":\"EntryPoint\",\"urlTemplate\":\"https:\\\/\\\/staffglobalgroup.com\\\/ca\\\/?s={search_term_string}\"},\"query-input\":{\"@type\":\"PropertyValueSpecification\",\"valueRequired\":true,\"valueName\":\"search_term_string\"}}],\"inLanguage\":\"ca\"}]}<\/script>\n<!-- \/ Yoast SEO plugin. -->","yoast_head_json":{"title":"Pol\u00edtica de Cookies - Staff Global Group","robots":{"index":"noindex","follow":"nofollow"},"og_locale":"ca_ES","og_type":"article","og_title":"Pol\u00edtica de Cookies - Staff Global Group","og_description":"Informaci\u00f3n General La p\u00e1gina web de STAFF PREMIUM, S.L., utiliza cookies. Una cookie es un peque\u00f1o archivo de texto que se almacena en su navegador, y le permite recordar la informaci\u00f3n entre las p\u00e1ginas web y las sesiones del navegador. STAFF PREMIUM, S.L. utiliza un n\u00famero de cookies de primera [&hellip;]","og_url":"https:\/\/staffglobalgroup.com\/ca\/politica-de-cookies\/","og_site_name":"Staff Global Group","article_publisher":"https:\/\/www.facebook.com\/StaffGlobalGroup\/","article_modified_time":"2024-12-17T10:36:03+00:00","twitter_card":"summary_large_image","twitter_misc":{"Temps estimat de lectura":"4 minuts"},"schema":{"@context":"https:\/\/schema.org","@graph":[{"@type":"WebPage","@id":"https:\/\/staffglobalgroup.com\/ca\/politica-de-cookies\/","url":"https:\/\/staffglobalgroup.com\/ca\/politica-de-cookies\/","name":"Pol\u00edtica de Cookies - Staff Global Group","isPartOf":{"@id":"https:\/\/staffglobalgroup.com\/ca\/#website"},"datePublished":"2024-05-08T17:55:28+00:00","dateModified":"2024-12-17T10:36:03+00:00","breadcrumb":{"@id":"https:\/\/staffglobalgroup.com\/ca\/politica-de-cookies\/#breadcrumb"},"inLanguage":"ca","potentialAction":[{"@type":"ReadAction","target":["https:\/\/staffglobalgroup.com\/ca\/politica-de-cookies\/"]}]},{"@type":"BreadcrumbList","@id":"https:\/\/staffglobalgroup.com\/ca\/politica-de-cookies\/#breadcrumb","itemListElement":[{"@type":"ListItem","position":1,"name":"Home","item":"https:\/\/staffglobalgroup.com\/ca\/"},{"@type":"ListItem","position":2,"name":"Pol\u00edtica de Cookies"}]},{"@type":"WebSite","@id":"https:\/\/staffglobalgroup.com\/ca\/#website","url":"https:\/\/staffglobalgroup.com\/ca\/","name":"Staff Global Group","description":"Integral Outsourcing Services","potentialAction":[{"@type":"SearchAction","target":{"@type":"EntryPoint","urlTemplate":"https:\/\/staffglobalgroup.com\/ca\/?s={search_term_string}"},"query-input":{"@type":"PropertyValueSpecification","valueRequired":true,"valueName":"search_term_string"}}],"inLanguage":"ca"}]}},"_links":{"self":[{"href":"https:\/\/staffglobalgroup.com\/ca\/wp-json\/wp\/v2\/pages\/4331","targetHints":{"allow":["GET"]}}],"collection":[{"href":"https:\/\/staffglobalgroup.com\/ca\/wp-json\/wp\/v2\/pages"}],"about":[{"href":"https:\/\/staffglobalgroup.com\/ca\/wp-json\/wp\/v2\/types\/page"}],"author":[{"embeddable":true,"href":"https:\/\/staffglobalgroup.com\/ca\/wp-json\/wp\/v2\/users\/1"}],"replies":[{"embeddable":true,"href":"https:\/\/staffglobalgroup.com\/ca\/wp-json\/wp\/v2\/comments?post=4331"}],"version-history":[{"count":1,"href":"https:\/\/staffglobalgroup.com\/ca\/wp-json\/wp\/v2\/pages\/4331\/revisions"}],"predecessor-version":[{"id":5573,"href":"https:\/\/staffglobalgroup.com\/ca\/wp-json\/wp\/v2\/pages\/4331\/revisions\/5573"}],"wp:attachment":[{"href":"https:\/\/staffglobalgroup.com\/ca\/wp-json\/wp\/v2\/media?parent=4331"}],"wp:term":[{"taxonomy":"nivel-de-servicio","embeddable":true,"href":"https:\/\/staffglobalgroup.com\/ca\/wp-json\/wp\/v2\/nivel-de-servicio?post=4331"}],"curies":[{"name":"wp","href":"https:\/\/api.w.org\/{rel}","templated":true}]}}