{"id":4265,"date":"2023-11-29T18:56:21","date_gmt":"2023-11-29T17:56:21","guid":{"rendered":"https:\/\/staffglobalgroup.com\/politica-de-privacidad\/"},"modified":"2025-01-28T12:25:08","modified_gmt":"2025-01-28T11:25:08","slug":"politica-de-privacidad","status":"publish","type":"page","link":"https:\/\/staffglobalgroup.com\/ca\/politica-de-privacidad\/","title":{"rendered":"Pol\u00edtica de privacitat"},"content":{"rendered":"\r\n<p>A Staff Premium, S.L. treballem per garantir la privacitat en el tractament de les seves dades personals. Hem actualitzat la nostra Pol\u00edtica de Privacitat per informar clarament de com recopilem, utilitzem i custodiem les dades de les persones que contacten amb la nostra empresa, de conformitat amb el Reglament Europeu i la Llei Org\u00e0nica 3\/2018 de 5 de desembre de Protecci\u00f3 de Dades:<\/p>\r\n<h2 class=\"wp-block-heading\"><strong>Responsable del Tractament<\/strong><\/h2>\r\n<p>L&#8217;interessat que faciliti a Staff Premium, S.L. les seves dades de car\u00e0cter personal a trav\u00e9s de la nostra web o per altres vies (per exemple, a trav\u00e9s de correu electr\u00f2nic) queda informat que el tractament de les seves dades \u00e9s realitzat per:<\/p>\r\n<p>Staff Premium, S.L.<\/p>\r\n<p>CIF B-87588976<\/p>\r\n<p>Domicili social al carrer Llu\u00e7\u00e0 28, Entresuelo, 08028 Barcelona.Tel\u00e8fon: + 34 932 18 24 20Correo electr\u00f2nic: <a href=\"mailto:rgpd@staffglobalgroup.com\">rgpd@staffglobalgroup.com<\/a><\/p>\r\n<h2><strong>Delegat de Protecci\u00f3 de Dades<\/strong><\/h2>\r\n<p>Aix\u00ed mateix, l&#8217;informem que comptem amb un delegat de Protecci\u00f3 de Dades (DPD) que vetlla pel compliment de la normativa de protecci\u00f3 de dades i les dades de contacte del nostre DPD s\u00f3n:<\/p>\r\n<p>Correu electr\u00f2nic: <a href=\"mailto:rgpd@staffglobalgroup.com\">rgpd@staffglobalgroup.com<\/a><\/p>\r\n<h2><strong>Finalitats del tractament de dades<\/strong><\/h2>\r\n<p>A Staff Premium, S.L. el tractament de dades es realitza amb les seg\u00fcents finalitats, en funci\u00f3 del motiu pel qual ens les hagi facilitat:<\/p>\r\n<p>Si les seves dades ens les facilita en la seva condici\u00f3 de client o possible client:<\/p>\r\n<ol>\r\n<li>Contactar amb el remitent de la informaci\u00f3, donar resposta al seu requeriment, sol\u00b7licitud, petici\u00f3 o consulta i fer un seguiment posterior.<\/li>\r\n<li>Creaci\u00f3 de dades en la nostra fitxa de clients per generar qualsevol informaci\u00f3 relacionada amb l&#8217;esdeveniment o servei demanat, atenci\u00f3 d&#8217;incid\u00e8ncies, administraci\u00f3, comptabilitat i factures corresponents.<\/li>\r\n<li>Gestionar, si s&#8217;escau, la contractaci\u00f3 dels serveis o productes demanats per l&#8217;USUARI i serveis addicionals, la seva facturaci\u00f3 i cobrament.<\/li>\r\n<li>Totes les finalitats es limiten i relacionen amb l&#8217;objecte principal de la mercantil que \u00e9s la gesti\u00f3 de serveis integrals de m\u00e0rqueting, esdeveniments i accions especials, cobrint totes les fases i necessitats possibles.<\/li>\r\n<\/ol>\r\n<p>Si les seves dades ens les facilita en la seva condici\u00f3 de candidat a la nostra borsa de treball:<\/p>\r\n<ol>\r\n<li>Contactar amb el remitent de la informaci\u00f3, donar resposta al seu requeriment, sol\u00b7licitud, petici\u00f3 o consulta i fer un seguiment posterior.<\/li>\r\n<li>Inclusi\u00f3 en la nostra base de dades de possibles candidats als esdeveniments que organitzem. La seva condici\u00f3 d&#8217;empleat suposa el seu registre en la nostra aplicaci\u00f3 GlobalApp i l&#8217;acceptaci\u00f3 de la nostra normativa de seguretat i textos legals.<\/li>\r\n<li>Cessi\u00f3 de les seves dades als clients que demandin un c\u00e0sting de l&#8217;esdeveniment contractat. Aquesta cessi\u00f3 suposa facilitar \u00fanicament nom i foto. Tamb\u00e9 la possibilitat de demanar refer\u00e8ncies professionals en entitats on ha estat contractat amb anterioritat.<\/li>\r\n<li>Totes les finalitats es limiten i relacionen amb l&#8217;objecte principal de la mercantil que \u00e9s la gesti\u00f3 de serveis integrals de m\u00e0rqueting, esdeveniments i accions especials, cobrint totes les fases i necessitats possibles.<\/li>\r\n<\/ol>\r\n<p>Si les seves dades ens les facilita en la seva condici\u00f3 d&#8217;empleat:<\/p>\r\n<ol>\r\n<li>Contactar amb el remitent de la informaci\u00f3, donar resposta al seu requeriment, sol\u00b7licitud, petici\u00f3 o consulta i fer un seguiment posterior.<\/li>\r\n<li>Creaci\u00f3 de dades en la nostra fitxa d&#8217;empleats actius. Qualsevol tractament derivat de la relaci\u00f3 laboral que ens uneix. La seva condici\u00f3 d&#8217;empleat suposa el seu registre en la nostra aplicaci\u00f3 GlobalApp i l&#8217;acceptaci\u00f3 de la nostra normativa de seguretat i textos legals.<\/li>\r\n<li>Totes les finalitats es limiten i relacionen amb l&#8217;objecte principal de la mercantil que \u00e9s la gesti\u00f3 de serveis integrals de m\u00e0rqueting, esdeveniments i accions especials, cobrint totes les fases i necessitats possibles.<\/li>\r\n<\/ol>\r\n<p>Per tant, a Staff Premium, S.L. es tracta la informaci\u00f3 proporcionada per les persones interessades en el formulari de contacte o b\u00e9 seguint i emplenant els camps obligatoris per a la sol\u00b7licitud d&#8217;informaci\u00f3, contractaci\u00f3 de serveis o similar, per tal d&#8217;identificar els interessats, possibles clients interessats en l&#8217;organitzaci\u00f3 d&#8217;esdeveniments, gestionar els serveis contractats i addicionals relacionats oferts.<\/p>\r\n<p>A priori, no cal que faciliti cap dada de car\u00e0cter personal per a la navegaci\u00f3 per aquesta web.<\/p>\r\n<h2><strong>Durada del tractament de dades<\/strong><\/h2>\r\n<ul>\r\n<li>Les dades per a la gesti\u00f3 de la relaci\u00f3 amb el client i la facturaci\u00f3 i cobrament dels serveis seran conservades durant tot el temps en qu\u00e8 el contracte estigui vigent. Una vegada finalitzada aquesta relaci\u00f3, si s&#8217;escau, les dades podran ser conservades durant el temps exigit per la legislaci\u00f3 aplicable i fins que prescriguin les eventuals responsabilitats derivades del contracte.<\/li>\r\n<li>Les dades per a la gesti\u00f3 de consultes i sol\u00b7licituds es conservaran durant el temps necessari per donar-hi resposta, amb un termini m\u00e0xim d&#8217;un any o b\u00e9 fins quan hi hagi un leg\u00edtim inter\u00e8s.<\/li>\r\n<li>Les dades per a l&#8217;enviament de comunicacions comercials o newsletter dels nostres productes o serveis seran conservades indefinidament fins que, si s&#8217;escau, ens manifesti la seva voluntat de suprimir-les.<\/li>\r\n<\/ul>\r\n<h2><strong>Legitimaci\u00f3 per al tractament de dades<\/strong><\/h2>\r\n<ul>\r\n<li>La base legal per al tractament de les seves dades de les finalitats anteriors \u00e9s l&#8217;execuci\u00f3 de la prestaci\u00f3 del servei corresponent o contracte de serveis.<\/li>\r\n<li>Les dades es conservaran mentre existeixi un inter\u00e8s mutu de les parts, ja sigui per la vig\u00e8ncia del contracte o consentiment. D&#8217;altra banda, les dades romandran en la mercantil en compliment de normatives obligat\u00f2ries i fins que se superin els per\u00edodes de prescripci\u00f3.<\/li>\r\n<li>La prestaci\u00f3 del consentiment inequ\u00edvoc.<\/li>\r\n<li>La satisfacci\u00f3 de l&#8217;inter\u00e8s leg\u00edtim empresarial consistent a poder oferir als nostres clients la contractaci\u00f3 dels productes o serveis i aconseguir aix\u00ed la seva fidelitzaci\u00f3. Aquest inter\u00e8s leg\u00edtim es reconeix per la normativa legal aplicable (Reglament General de Protecci\u00f3 de Dades), que permet expressament el tractament de dades personals sobre aquesta base legal amb finalitats de mercadot\u00e8cnia directa. (Es requereix un consentiment espec\u00edfic)<\/li>\r\n<li>En el sup\u00f2sit d&#8217;empleats, la base legal, \u00e9s el contracte de naturalesa laboral.<\/li>\r\n<\/ul>\r\n<p>No obstant aix\u00f2, li recordem que t\u00e9 dret a oposar-se a aquest tractament de les seves dades, podent fer-ho per qualsevol dels mitjans descrits en aquesta Pol\u00edtica.<\/p>\r\n<h2><strong>Comunicaci\u00f3 de les seves dades<\/strong><\/h2>\r\n<p>Les dades podran ser comunicades a les entitats seg\u00fcents:<\/p>\r\n<ul>\r\n<li>Als nostres col\u00b7laboradors necessaris per a l&#8217;execuci\u00f3 del servei sol\u00b7licitat.<\/li>\r\n<li>Als amfitrions o organitzadors o propietaris on es realitzen els serveis o esdeveniments, si s&#8217;escau.<\/li>\r\n<li>Als nostres col\u00b7laboradors habituals motivat per la sol\u00b7licitud de serveis que no prestem directament, per\u00f2 que recomanem per la seva experi\u00e8ncia i professionalitat (transports, neteja, muntatge i altres complementaris) i que s\u00f3n necessaris per a l&#8217;execuci\u00f3 de l&#8217;enc\u00e0rrec.<\/li>\r\n<li>A les entitats financeres a trav\u00e9s de les quals s&#8217; articuli la gesti\u00f3 de cobraments i pagaments.<\/li>\r\n<li>A les administracions p\u00fabliques competents, en els casos previstos en la Llei i per a les finalitats en ella definides.<\/li>\r\n<\/ul>\r\n<h2><strong>Els seus drets<\/strong><\/h2>\r\n<p>Tota persona que ens faciliti les seves dades t\u00e9 els drets seg\u00fcents:<\/p>\r\n<ul>\r\n<li>Els clients poden exercir el dret d&#8217;acc\u00e9s, rectificaci\u00f3, oposici\u00f3 o supressi\u00f3 en l&#8217;adre\u00e7a que consta en la informaci\u00f3 per capa (establiment o b\u00e9 per email o b\u00e9 en l&#8217;adre\u00e7a de l&#8217;inici de l&#8217;escrit), com tamb\u00e9 a trav\u00e9s de la nostra web. Tamb\u00e9 informem els possibles afectats que tenen dret a sol\u00b7licitar el dret a la portabilitat de les seves dades, si escau, a la limitaci\u00f3 del tractament que es realitzi quan la finalitat ja no existeixi o l&#8217;oposici\u00f3 espec\u00edfica a un tractament espec\u00edfic.<\/li>\r\n<li>L&#8217; interessat o afectat pel tractament, tenen dret a retirar el seu consentiment en qualsevol moment.<\/li>\r\n<li>Per finalitzar, el client o usuari afectat, t\u00e9 dret a dirigir-se a l&#8217;Ag\u00e8ncia de Protecci\u00f3 de Dades o una altra autoritat de control competent, entitat que gestiona qualsevol aspecte relacionat amb l&#8217;aplicaci\u00f3 de la normativa de protecci\u00f3 de dades i on l&#8217;usuari pot defensar els seus interessos en el cas que ho consideri oport\u00fa, la web \u00e9s <a href=\"http:\/\/www.agpd.es\/\">www.agpd.es<\/a>.<\/li>\r\n<\/ul>\r\n<h2><strong>Transfer\u00e8ncies Internacionals<\/strong><\/h2>\r\n<p>Les seves dades no es transmeten fora de la Uni\u00f3 Europea, si s&#8217;escau, caldria sol\u00b7licitar el seu consentiment expr\u00e9s.<\/p>\r\n<h2><strong>Dades de tercers<\/strong><\/h2>\r\n<p>Si facilita dades de tercers, assumeix la responsabilitat d&#8217;informar-los pr\u00e8viament de tot el que preveu l&#8217;article 14 del Reglament General de Protecci\u00f3 de Dades en les condicions establertes en aquest precepte.<\/p>\r\n<h2><strong>Actualitzaci\u00f3 de les seves dades<\/strong><\/h2>\r\n<p>En el cas de produir-se alguna modificaci\u00f3 de les seves dades o si detecta que alguna dada \u00e9s err\u00f2nia, ho preguem que ens ho comuniqui per a la seva esmena, amb la finalitat de mantenir les dades actualitzades.<\/p>\r\n<p>Informaci\u00f3 Addicional: Canals d&#8217;informaci\u00f3:<\/p>\r\n<p>1r.- Correu electr\u00f2nic: <a href=\"mailto:rgpd@staffglobalgroup.com\">rgpd@staffglobalgroup.com<\/a><\/p>\r\n<p>2n.- Tel\u00e8fon: Trucant al nostre tel\u00e8fon d&#8217;atenci\u00f3 al p\u00fablic 93-218 24 20 on l&#8217;atendr\u00e0 el nostre personal<\/p>\r\n<p>3r.- En el mateix establiment. Carrer Llu\u00e7\u00e0 28, Entresuelo, 08028 Barcelona<\/p>\r\n<p>4t.- A trav\u00e9s dels nostres textos legals exposats a la web, <a href=\"https:\/\/old-staff-global-group.holarafa.io\/\">staffglobalgroup.com<\/a>, concretament als apartats, &#8220;Av\u00eds legal&#8221;, &#8220;Pol\u00edtica de Privacitat&#8221; i formularis de contacte.<\/p>\r\n<p>&nbsp;<\/p>\r\n<p>\u00a9 2025\u2013 &#8220;Staff Premium, S.L.&#8221;<\/p>\r\n<p>Tots els drets reservats<\/p>\r\n","protected":false},"excerpt":{"rendered":"<p>A Staff Premium, S.L. treballem per garantir la privacitat en el tractament de les seves dades personals. Hem actualitzat la nostra Pol\u00edtica de Privacitat per informar clarament de com recopilem, utilitzem i custodiem les dades de les persones que contacten amb la nostra empresa, de conformitat amb el Reglament Europeu [&hellip;]<\/p>\n","protected":false},"author":1,"featured_media":0,"parent":0,"menu_order":0,"comment_status":"closed","ping_status":"closed","template":"page-legal.php","meta":{"_acf_changed":false,"footnotes":""},"nivel-de-servicio":[],"class_list":["post-4265","page","type-page","status-publish","hentry"],"acf":[],"yoast_head":"<!-- This site is optimized with the Yoast SEO plugin v27.3 - https:\/\/yoast.com\/product\/yoast-seo-wordpress\/ -->\n<title>Pol\u00edtica de privacitat | Staff Global Group<\/title>\n<meta name=\"robots\" content=\"noindex, nofollow\" \/>\n<meta property=\"og:locale\" content=\"ca_ES\" \/>\n<meta property=\"og:type\" content=\"article\" \/>\n<meta property=\"og:title\" content=\"Pol\u00edtica de privacitat | Staff Global Group\" \/>\n<meta property=\"og:description\" content=\"A Staff Premium, S.L. treballem per garantir la privacitat en el tractament de les seves dades personals. Hem actualitzat la nostra Pol\u00edtica de Privacitat per informar clarament de com recopilem, utilitzem i custodiem les dades de les persones que contacten amb la nostra empresa, de conformitat amb el Reglament Europeu [&hellip;]\" \/>\n<meta property=\"og:url\" content=\"https:\/\/staffglobalgroup.com\/ca\/politica-de-privacidad\/\" \/>\n<meta property=\"og:site_name\" content=\"Staff Global Group\" \/>\n<meta property=\"article:publisher\" content=\"https:\/\/www.facebook.com\/StaffGlobalGroup\/\" \/>\n<meta property=\"article:modified_time\" content=\"2025-01-28T11:25:08+00:00\" \/>\n<meta name=\"twitter:card\" content=\"summary_large_image\" \/>\n<meta name=\"twitter:label1\" content=\"Temps estimat de lectura\" \/>\n\t<meta name=\"twitter:data1\" content=\"7 minuts\" \/>\n<script type=\"application\/ld+json\" class=\"yoast-schema-graph\">{\"@context\":\"https:\\\/\\\/schema.org\",\"@graph\":[{\"@type\":\"WebPage\",\"@id\":\"https:\\\/\\\/staffglobalgroup.com\\\/ca\\\/politica-de-privacidad\\\/\",\"url\":\"https:\\\/\\\/staffglobalgroup.com\\\/ca\\\/politica-de-privacidad\\\/\",\"name\":\"Pol\u00edtica de privacitat | Staff Global Group\",\"isPartOf\":{\"@id\":\"https:\\\/\\\/staffglobalgroup.com\\\/ca\\\/#website\"},\"datePublished\":\"2023-11-29T17:56:21+00:00\",\"dateModified\":\"2025-01-28T11:25:08+00:00\",\"breadcrumb\":{\"@id\":\"https:\\\/\\\/staffglobalgroup.com\\\/ca\\\/politica-de-privacidad\\\/#breadcrumb\"},\"inLanguage\":\"ca\",\"potentialAction\":[{\"@type\":\"ReadAction\",\"target\":[\"https:\\\/\\\/staffglobalgroup.com\\\/ca\\\/politica-de-privacidad\\\/\"]}]},{\"@type\":\"BreadcrumbList\",\"@id\":\"https:\\\/\\\/staffglobalgroup.com\\\/ca\\\/politica-de-privacidad\\\/#breadcrumb\",\"itemListElement\":[{\"@type\":\"ListItem\",\"position\":1,\"name\":\"Home\",\"item\":\"https:\\\/\\\/staffglobalgroup.com\\\/ca\\\/\"},{\"@type\":\"ListItem\",\"position\":2,\"name\":\"Pol\u00edtica de privacitat\"}]},{\"@type\":\"WebSite\",\"@id\":\"https:\\\/\\\/staffglobalgroup.com\\\/ca\\\/#website\",\"url\":\"https:\\\/\\\/staffglobalgroup.com\\\/ca\\\/\",\"name\":\"Staff Global Group\",\"description\":\"Integral Outsourcing Services\",\"potentialAction\":[{\"@type\":\"SearchAction\",\"target\":{\"@type\":\"EntryPoint\",\"urlTemplate\":\"https:\\\/\\\/staffglobalgroup.com\\\/ca\\\/?s={search_term_string}\"},\"query-input\":{\"@type\":\"PropertyValueSpecification\",\"valueRequired\":true,\"valueName\":\"search_term_string\"}}],\"inLanguage\":\"ca\"}]}<\/script>\n<!-- \/ Yoast SEO plugin. -->","yoast_head_json":{"title":"Pol\u00edtica de privacitat | Staff Global Group","robots":{"index":"noindex","follow":"nofollow"},"og_locale":"ca_ES","og_type":"article","og_title":"Pol\u00edtica de privacitat | Staff Global Group","og_description":"A Staff Premium, S.L. treballem per garantir la privacitat en el tractament de les seves dades personals. Hem actualitzat la nostra Pol\u00edtica de Privacitat per informar clarament de com recopilem, utilitzem i custodiem les dades de les persones que contacten amb la nostra empresa, de conformitat amb el Reglament Europeu [&hellip;]","og_url":"https:\/\/staffglobalgroup.com\/ca\/politica-de-privacidad\/","og_site_name":"Staff Global Group","article_publisher":"https:\/\/www.facebook.com\/StaffGlobalGroup\/","article_modified_time":"2025-01-28T11:25:08+00:00","twitter_card":"summary_large_image","twitter_misc":{"Temps estimat de lectura":"7 minuts"},"schema":{"@context":"https:\/\/schema.org","@graph":[{"@type":"WebPage","@id":"https:\/\/staffglobalgroup.com\/ca\/politica-de-privacidad\/","url":"https:\/\/staffglobalgroup.com\/ca\/politica-de-privacidad\/","name":"Pol\u00edtica de privacitat | Staff Global Group","isPartOf":{"@id":"https:\/\/staffglobalgroup.com\/ca\/#website"},"datePublished":"2023-11-29T17:56:21+00:00","dateModified":"2025-01-28T11:25:08+00:00","breadcrumb":{"@id":"https:\/\/staffglobalgroup.com\/ca\/politica-de-privacidad\/#breadcrumb"},"inLanguage":"ca","potentialAction":[{"@type":"ReadAction","target":["https:\/\/staffglobalgroup.com\/ca\/politica-de-privacidad\/"]}]},{"@type":"BreadcrumbList","@id":"https:\/\/staffglobalgroup.com\/ca\/politica-de-privacidad\/#breadcrumb","itemListElement":[{"@type":"ListItem","position":1,"name":"Home","item":"https:\/\/staffglobalgroup.com\/ca\/"},{"@type":"ListItem","position":2,"name":"Pol\u00edtica de privacitat"}]},{"@type":"WebSite","@id":"https:\/\/staffglobalgroup.com\/ca\/#website","url":"https:\/\/staffglobalgroup.com\/ca\/","name":"Staff Global Group","description":"Integral Outsourcing Services","potentialAction":[{"@type":"SearchAction","target":{"@type":"EntryPoint","urlTemplate":"https:\/\/staffglobalgroup.com\/ca\/?s={search_term_string}"},"query-input":{"@type":"PropertyValueSpecification","valueRequired":true,"valueName":"search_term_string"}}],"inLanguage":"ca"}]}},"_links":{"self":[{"href":"https:\/\/staffglobalgroup.com\/ca\/wp-json\/wp\/v2\/pages\/4265","targetHints":{"allow":["GET"]}}],"collection":[{"href":"https:\/\/staffglobalgroup.com\/ca\/wp-json\/wp\/v2\/pages"}],"about":[{"href":"https:\/\/staffglobalgroup.com\/ca\/wp-json\/wp\/v2\/types\/page"}],"author":[{"embeddable":true,"href":"https:\/\/staffglobalgroup.com\/ca\/wp-json\/wp\/v2\/users\/1"}],"replies":[{"embeddable":true,"href":"https:\/\/staffglobalgroup.com\/ca\/wp-json\/wp\/v2\/comments?post=4265"}],"version-history":[{"count":3,"href":"https:\/\/staffglobalgroup.com\/ca\/wp-json\/wp\/v2\/pages\/4265\/revisions"}],"predecessor-version":[{"id":5855,"href":"https:\/\/staffglobalgroup.com\/ca\/wp-json\/wp\/v2\/pages\/4265\/revisions\/5855"}],"wp:attachment":[{"href":"https:\/\/staffglobalgroup.com\/ca\/wp-json\/wp\/v2\/media?parent=4265"}],"wp:term":[{"taxonomy":"nivel-de-servicio","embeddable":true,"href":"https:\/\/staffglobalgroup.com\/ca\/wp-json\/wp\/v2\/nivel-de-servicio?post=4265"}],"curies":[{"name":"wp","href":"https:\/\/api.w.org\/{rel}","templated":true}]}}