{"id":4253,"date":"2024-01-05T08:48:34","date_gmt":"2024-01-05T07:48:34","guid":{"rendered":"https:\/\/staffglobalgroup.com\/gestor-de-punto-de-venta\/"},"modified":"2025-01-14T17:47:23","modified_gmt":"2025-01-14T16:47:23","slug":"gestor-de-punt-de-venda","status":"publish","type":"page","link":"https:\/\/staffglobalgroup.com\/ca\/outsourcing-comercial\/forca-de-vendes\/gestor-de-punt-de-venda\/","title":{"rendered":"Gestor de punt de venda"},"content":{"rendered":"","protected":false},"excerpt":{"rendered":"","protected":false},"author":1,"featured_media":167,"parent":4256,"menu_order":0,"comment_status":"closed","ping_status":"closed","template":"page-servicio.php","meta":{"_acf_changed":false,"footnotes":""},"nivel-de-servicio":[17],"class_list":["post-4253","page","type-page","status-publish","has-post-thumbnail","hentry","nivel-de-servicio-nivel-3"],"acf":[],"yoast_head":"<!-- This site is optimized with the Yoast SEO plugin v27.3 - https:\/\/yoast.com\/product\/yoast-seo-wordpress\/ -->\n<title>\u25b7 Gestor de Punt de Venda per Empreses | Staff Global Group<\/title>\n<meta name=\"description\" content=\"Maximitzem l&#039;efici\u00e8ncia al punt de venda amb gestors que coordinen, supervisen i optimitzen la gesti\u00f3. Contacta&#039;ns per a m\u00e9s informaci\u00f3!\" \/>\n<meta name=\"robots\" content=\"index, follow, max-snippet:-1, max-image-preview:large, max-video-preview:-1\" \/>\n<link rel=\"canonical\" href=\"https:\/\/staffglobalgroup.com\/ca\/outsourcing-comercial\/forca-de-vendes\/gestor-de-punt-de-venda\/\" \/>\n<meta property=\"og:locale\" content=\"ca_ES\" \/>\n<meta property=\"og:type\" content=\"article\" \/>\n<meta property=\"og:title\" content=\"\u25b7 Gestor de Punt de Venda per Empreses | Staff Global Group\" \/>\n<meta property=\"og:description\" content=\"Maximitzem l&#039;efici\u00e8ncia al punt de venda amb gestors que coordinen, supervisen i optimitzen la gesti\u00f3. Contacta&#039;ns per a m\u00e9s informaci\u00f3!\" \/>\n<meta property=\"og:url\" content=\"https:\/\/staffglobalgroup.com\/ca\/outsourcing-comercial\/forca-de-vendes\/gestor-de-punt-de-venda\/\" \/>\n<meta property=\"og:site_name\" content=\"Staff Global Group\" \/>\n<meta property=\"article:publisher\" content=\"https:\/\/www.facebook.com\/StaffGlobalGroup\/\" \/>\n<meta property=\"article:modified_time\" content=\"2025-01-14T16:47:23+00:00\" \/>\n<meta property=\"og:image\" content=\"https:\/\/staffglobalgroup.com\/wp-content\/uploads\/GPV_boton-cuadrado.jpg\" \/>\n\t<meta property=\"og:image:width\" content=\"730\" \/>\n\t<meta property=\"og:image:height\" content=\"730\" \/>\n\t<meta property=\"og:image:type\" content=\"image\/jpeg\" \/>\n<meta name=\"twitter:card\" content=\"summary_large_image\" \/>\n<meta name=\"twitter:label1\" content=\"Temps estimat de lectura\" \/>\n\t<meta name=\"twitter:data1\" content=\"4 minuts\" \/>\n<script type=\"application\/ld+json\" class=\"yoast-schema-graph\">{\"@context\":\"https:\\\/\\\/schema.org\",\"@graph\":[{\"@type\":\"WebPage\",\"@id\":\"https:\\\/\\\/staffglobalgroup.com\\\/ca\\\/outsourcing-comercial\\\/forca-de-vendes\\\/gestor-de-punt-de-venda\\\/\",\"url\":\"https:\\\/\\\/staffglobalgroup.com\\\/ca\\\/outsourcing-comercial\\\/forca-de-vendes\\\/gestor-de-punt-de-venda\\\/\",\"name\":\"\u25b7 Gestor de Punt de Venda per Empreses | Staff Global Group\",\"isPartOf\":{\"@id\":\"https:\\\/\\\/staffglobalgroup.com\\\/ca\\\/#website\"},\"primaryImageOfPage\":{\"@id\":\"https:\\\/\\\/staffglobalgroup.com\\\/ca\\\/outsourcing-comercial\\\/forca-de-vendes\\\/gestor-de-punt-de-venda\\\/#primaryimage\"},\"image\":{\"@id\":\"https:\\\/\\\/staffglobalgroup.com\\\/ca\\\/outsourcing-comercial\\\/forca-de-vendes\\\/gestor-de-punt-de-venda\\\/#primaryimage\"},\"thumbnailUrl\":\"https:\\\/\\\/staffglobalgroup.com\\\/wp-content\\\/uploads\\\/GPV_boton-cuadrado.jpg\",\"datePublished\":\"2024-01-05T07:48:34+00:00\",\"dateModified\":\"2025-01-14T16:47:23+00:00\",\"description\":\"Maximitzem l'efici\u00e8ncia al punt de venda amb gestors que coordinen, supervisen i optimitzen la gesti\u00f3. Contacta'ns per a m\u00e9s informaci\u00f3!\",\"breadcrumb\":{\"@id\":\"https:\\\/\\\/staffglobalgroup.com\\\/ca\\\/outsourcing-comercial\\\/forca-de-vendes\\\/gestor-de-punt-de-venda\\\/#breadcrumb\"},\"inLanguage\":\"ca\",\"potentialAction\":[{\"@type\":\"ReadAction\",\"target\":[\"https:\\\/\\\/staffglobalgroup.com\\\/ca\\\/outsourcing-comercial\\\/forca-de-vendes\\\/gestor-de-punt-de-venda\\\/\"]}]},{\"@type\":\"ImageObject\",\"inLanguage\":\"ca\",\"@id\":\"https:\\\/\\\/staffglobalgroup.com\\\/ca\\\/outsourcing-comercial\\\/forca-de-vendes\\\/gestor-de-punt-de-venda\\\/#primaryimage\",\"url\":\"https:\\\/\\\/staffglobalgroup.com\\\/wp-content\\\/uploads\\\/GPV_boton-cuadrado.jpg\",\"contentUrl\":\"https:\\\/\\\/staffglobalgroup.com\\\/wp-content\\\/uploads\\\/GPV_boton-cuadrado.jpg\",\"width\":730,\"height\":730},{\"@type\":\"BreadcrumbList\",\"@id\":\"https:\\\/\\\/staffglobalgroup.com\\\/ca\\\/outsourcing-comercial\\\/forca-de-vendes\\\/gestor-de-punt-de-venda\\\/#breadcrumb\",\"itemListElement\":[{\"@type\":\"ListItem\",\"position\":1,\"name\":\"Home\",\"item\":\"https:\\\/\\\/staffglobalgroup.com\\\/ca\\\/\"},{\"@type\":\"ListItem\",\"position\":2,\"name\":\"Outsourcing comercial\",\"item\":\"https:\\\/\\\/staffglobalgroup.com\\\/ca\\\/outsourcing-comercial\\\/\"},{\"@type\":\"ListItem\",\"position\":3,\"name\":\"For\u00e7a de vendes\",\"item\":\"https:\\\/\\\/staffglobalgroup.com\\\/ca\\\/outsourcing-comercial\\\/forca-de-vendes\\\/\"},{\"@type\":\"ListItem\",\"position\":4,\"name\":\"Gestor de punt de venda\"}]},{\"@type\":\"WebSite\",\"@id\":\"https:\\\/\\\/staffglobalgroup.com\\\/ca\\\/#website\",\"url\":\"https:\\\/\\\/staffglobalgroup.com\\\/ca\\\/\",\"name\":\"Staff Global Group\",\"description\":\"Integral Outsourcing Services\",\"potentialAction\":[{\"@type\":\"SearchAction\",\"target\":{\"@type\":\"EntryPoint\",\"urlTemplate\":\"https:\\\/\\\/staffglobalgroup.com\\\/ca\\\/?s={search_term_string}\"},\"query-input\":{\"@type\":\"PropertyValueSpecification\",\"valueRequired\":true,\"valueName\":\"search_term_string\"}}],\"inLanguage\":\"ca\"}]}<\/script>\n<!-- \/ Yoast SEO plugin. -->","yoast_head_json":{"title":"\u25b7 Gestor de Punt de Venda per Empreses | Staff Global Group","description":"Maximitzem l'efici\u00e8ncia al punt de venda amb gestors que coordinen, supervisen i optimitzen la gesti\u00f3. Contacta'ns per a m\u00e9s informaci\u00f3!","robots":{"index":"index","follow":"follow","max-snippet":"max-snippet:-1","max-image-preview":"max-image-preview:large","max-video-preview":"max-video-preview:-1"},"canonical":"https:\/\/staffglobalgroup.com\/ca\/outsourcing-comercial\/forca-de-vendes\/gestor-de-punt-de-venda\/","og_locale":"ca_ES","og_type":"article","og_title":"\u25b7 Gestor de Punt de Venda per Empreses | Staff Global Group","og_description":"Maximitzem l'efici\u00e8ncia al punt de venda amb gestors que coordinen, supervisen i optimitzen la gesti\u00f3. Contacta'ns per a m\u00e9s informaci\u00f3!","og_url":"https:\/\/staffglobalgroup.com\/ca\/outsourcing-comercial\/forca-de-vendes\/gestor-de-punt-de-venda\/","og_site_name":"Staff Global Group","article_publisher":"https:\/\/www.facebook.com\/StaffGlobalGroup\/","article_modified_time":"2025-01-14T16:47:23+00:00","og_image":[{"width":730,"height":730,"url":"https:\/\/staffglobalgroup.com\/wp-content\/uploads\/GPV_boton-cuadrado.jpg","type":"image\/jpeg"}],"twitter_card":"summary_large_image","twitter_misc":{"Temps estimat de lectura":"4 minuts"},"schema":{"@context":"https:\/\/schema.org","@graph":[{"@type":"WebPage","@id":"https:\/\/staffglobalgroup.com\/ca\/outsourcing-comercial\/forca-de-vendes\/gestor-de-punt-de-venda\/","url":"https:\/\/staffglobalgroup.com\/ca\/outsourcing-comercial\/forca-de-vendes\/gestor-de-punt-de-venda\/","name":"\u25b7 Gestor de Punt de Venda per Empreses | Staff Global Group","isPartOf":{"@id":"https:\/\/staffglobalgroup.com\/ca\/#website"},"primaryImageOfPage":{"@id":"https:\/\/staffglobalgroup.com\/ca\/outsourcing-comercial\/forca-de-vendes\/gestor-de-punt-de-venda\/#primaryimage"},"image":{"@id":"https:\/\/staffglobalgroup.com\/ca\/outsourcing-comercial\/forca-de-vendes\/gestor-de-punt-de-venda\/#primaryimage"},"thumbnailUrl":"https:\/\/staffglobalgroup.com\/wp-content\/uploads\/GPV_boton-cuadrado.jpg","datePublished":"2024-01-05T07:48:34+00:00","dateModified":"2025-01-14T16:47:23+00:00","description":"Maximitzem l'efici\u00e8ncia al punt de venda amb gestors que coordinen, supervisen i optimitzen la gesti\u00f3. Contacta'ns per a m\u00e9s informaci\u00f3!","breadcrumb":{"@id":"https:\/\/staffglobalgroup.com\/ca\/outsourcing-comercial\/forca-de-vendes\/gestor-de-punt-de-venda\/#breadcrumb"},"inLanguage":"ca","potentialAction":[{"@type":"ReadAction","target":["https:\/\/staffglobalgroup.com\/ca\/outsourcing-comercial\/forca-de-vendes\/gestor-de-punt-de-venda\/"]}]},{"@type":"ImageObject","inLanguage":"ca","@id":"https:\/\/staffglobalgroup.com\/ca\/outsourcing-comercial\/forca-de-vendes\/gestor-de-punt-de-venda\/#primaryimage","url":"https:\/\/staffglobalgroup.com\/wp-content\/uploads\/GPV_boton-cuadrado.jpg","contentUrl":"https:\/\/staffglobalgroup.com\/wp-content\/uploads\/GPV_boton-cuadrado.jpg","width":730,"height":730},{"@type":"BreadcrumbList","@id":"https:\/\/staffglobalgroup.com\/ca\/outsourcing-comercial\/forca-de-vendes\/gestor-de-punt-de-venda\/#breadcrumb","itemListElement":[{"@type":"ListItem","position":1,"name":"Home","item":"https:\/\/staffglobalgroup.com\/ca\/"},{"@type":"ListItem","position":2,"name":"Outsourcing comercial","item":"https:\/\/staffglobalgroup.com\/ca\/outsourcing-comercial\/"},{"@type":"ListItem","position":3,"name":"For\u00e7a de vendes","item":"https:\/\/staffglobalgroup.com\/ca\/outsourcing-comercial\/forca-de-vendes\/"},{"@type":"ListItem","position":4,"name":"Gestor de punt de venda"}]},{"@type":"WebSite","@id":"https:\/\/staffglobalgroup.com\/ca\/#website","url":"https:\/\/staffglobalgroup.com\/ca\/","name":"Staff Global Group","description":"Integral Outsourcing Services","potentialAction":[{"@type":"SearchAction","target":{"@type":"EntryPoint","urlTemplate":"https:\/\/staffglobalgroup.com\/ca\/?s={search_term_string}"},"query-input":{"@type":"PropertyValueSpecification","valueRequired":true,"valueName":"search_term_string"}}],"inLanguage":"ca"}]}},"_links":{"self":[{"href":"https:\/\/staffglobalgroup.com\/ca\/wp-json\/wp\/v2\/pages\/4253","targetHints":{"allow":["GET"]}}],"collection":[{"href":"https:\/\/staffglobalgroup.com\/ca\/wp-json\/wp\/v2\/pages"}],"about":[{"href":"https:\/\/staffglobalgroup.com\/ca\/wp-json\/wp\/v2\/types\/page"}],"author":[{"embeddable":true,"href":"https:\/\/staffglobalgroup.com\/ca\/wp-json\/wp\/v2\/users\/1"}],"replies":[{"embeddable":true,"href":"https:\/\/staffglobalgroup.com\/ca\/wp-json\/wp\/v2\/comments?post=4253"}],"version-history":[{"count":7,"href":"https:\/\/staffglobalgroup.com\/ca\/wp-json\/wp\/v2\/pages\/4253\/revisions"}],"predecessor-version":[{"id":5710,"href":"https:\/\/staffglobalgroup.com\/ca\/wp-json\/wp\/v2\/pages\/4253\/revisions\/5710"}],"up":[{"embeddable":true,"href":"https:\/\/staffglobalgroup.com\/ca\/wp-json\/wp\/v2\/pages\/4256"}],"wp:featuredmedia":[{"embeddable":true,"href":"https:\/\/staffglobalgroup.com\/ca\/wp-json\/wp\/v2\/media\/167"}],"wp:attachment":[{"href":"https:\/\/staffglobalgroup.com\/ca\/wp-json\/wp\/v2\/media?parent=4253"}],"wp:term":[{"taxonomy":"nivel-de-servicio","embeddable":true,"href":"https:\/\/staffglobalgroup.com\/ca\/wp-json\/wp\/v2\/nivel-de-servicio?post=4253"}],"curies":[{"name":"wp","href":"https:\/\/api.w.org\/{rel}","templated":true}]}}