{"id":15682,"date":"2026-01-14T19:44:46","date_gmt":"2026-01-14T18:44:46","guid":{"rendered":"https:\/\/staffglobalgroup.com\/?page_id=15682"},"modified":"2026-01-27T10:27:01","modified_gmt":"2026-01-27T09:27:01","slug":"azafatas-ferias-barcelona","status":"publish","type":"page","link":"https:\/\/staffglobalgroup.com\/ca\/hospitality\/azafatas-ferias-barcelona\/","title":{"rendered":"azafatas-ferias-barcelona"},"content":{"rendered":"","protected":false},"excerpt":{"rendered":"","protected":false},"author":3,"featured_media":16405,"parent":4289,"menu_order":0,"comment_status":"closed","ping_status":"closed","template":"page-servicio.php","meta":{"_acf_changed":false,"footnotes":""},"nivel-de-servicio":[16],"class_list":["post-15682","page","type-page","status-publish","has-post-thumbnail","hentry","nivel-de-servicio-nivel-2"],"acf":[],"yoast_head":"<!-- This site is optimized with the Yoast SEO plugin v27.3 - https:\/\/yoast.com\/product\/yoast-seo-wordpress\/ -->\n<title>Agencia de Azafatas y Azafatos en Barcelona para Eventos, Ferias y Congresos<\/title>\n<meta name=\"description\" content=\"Maximizamos la eficiencia en el punto de venta con GPVs que coordinan, supervisan y optimizan la gesti\u00f3n. \u00a1Cont\u00e1ctanos para m\u00e1s informaci\u00f3n!\" \/>\n<meta name=\"robots\" content=\"index, follow, max-snippet:-1, max-image-preview:large, max-video-preview:-1\" \/>\n<link rel=\"canonical\" href=\"https:\/\/staffglobalgroup.com\/ca\/hospitality\/azafatas-ferias-barcelona\/\" \/>\n<meta property=\"og:locale\" content=\"ca_ES\" \/>\n<meta property=\"og:type\" content=\"article\" \/>\n<meta property=\"og:title\" content=\"Agencia de Azafatas y Azafatos en Barcelona para Eventos, Ferias y Congresos\" \/>\n<meta property=\"og:description\" content=\"Maximizamos la eficiencia en el punto de venta con GPVs que coordinan, supervisan y optimizan la gesti\u00f3n. \u00a1Cont\u00e1ctanos para m\u00e1s informaci\u00f3n!\" \/>\n<meta property=\"og:url\" content=\"https:\/\/staffglobalgroup.com\/ca\/hospitality\/azafatas-ferias-barcelona\/\" \/>\n<meta property=\"og:site_name\" content=\"Staff Global Group\" \/>\n<meta property=\"article:publisher\" content=\"https:\/\/www.facebook.com\/StaffGlobalGroup\/\" \/>\n<meta property=\"article:modified_time\" content=\"2026-01-27T09:27:01+00:00\" \/>\n<meta property=\"og:image\" content=\"https:\/\/staffglobalgroup.com\/wp-content\/uploads\/Agencia-de-azafatas-y-azafatos-MADRID_boton-cuadrado.png\" \/>\n\t<meta property=\"og:image:width\" content=\"730\" \/>\n\t<meta property=\"og:image:height\" content=\"730\" \/>\n\t<meta property=\"og:image:type\" content=\"image\/png\" \/>\n<meta name=\"twitter:card\" content=\"summary_large_image\" \/>\n<meta name=\"twitter:label1\" content=\"Temps estimat de lectura\" \/>\n\t<meta name=\"twitter:data1\" content=\"6 minuts\" \/>\n<script type=\"application\/ld+json\" class=\"yoast-schema-graph\">{\"@context\":\"https:\\\/\\\/schema.org\",\"@graph\":[{\"@type\":\"WebPage\",\"@id\":\"https:\\\/\\\/staffglobalgroup.com\\\/ca\\\/hospitality\\\/azafatas-ferias-barcelona\\\/\",\"url\":\"https:\\\/\\\/staffglobalgroup.com\\\/ca\\\/hospitality\\\/azafatas-ferias-barcelona\\\/\",\"name\":\"Agencia de Azafatas y Azafatos en Barcelona para Eventos, Ferias y Congresos\",\"isPartOf\":{\"@id\":\"https:\\\/\\\/staffglobalgroup.com\\\/ca\\\/#website\"},\"primaryImageOfPage\":{\"@id\":\"https:\\\/\\\/staffglobalgroup.com\\\/ca\\\/hospitality\\\/azafatas-ferias-barcelona\\\/#primaryimage\"},\"image\":{\"@id\":\"https:\\\/\\\/staffglobalgroup.com\\\/ca\\\/hospitality\\\/azafatas-ferias-barcelona\\\/#primaryimage\"},\"thumbnailUrl\":\"https:\\\/\\\/staffglobalgroup.com\\\/wp-content\\\/uploads\\\/Agencia-de-azafatas-y-azafatos-MADRID_boton-cuadrado.png\",\"datePublished\":\"2026-01-14T18:44:46+00:00\",\"dateModified\":\"2026-01-27T09:27:01+00:00\",\"description\":\"Maximizamos la eficiencia en el punto de venta con GPVs que coordinan, supervisan y optimizan la gesti\u00f3n. \u00a1Cont\u00e1ctanos para m\u00e1s informaci\u00f3n!\",\"breadcrumb\":{\"@id\":\"https:\\\/\\\/staffglobalgroup.com\\\/ca\\\/hospitality\\\/azafatas-ferias-barcelona\\\/#breadcrumb\"},\"inLanguage\":\"ca\",\"potentialAction\":[{\"@type\":\"ReadAction\",\"target\":[\"https:\\\/\\\/staffglobalgroup.com\\\/ca\\\/hospitality\\\/azafatas-ferias-barcelona\\\/\"]}]},{\"@type\":\"ImageObject\",\"inLanguage\":\"ca\",\"@id\":\"https:\\\/\\\/staffglobalgroup.com\\\/ca\\\/hospitality\\\/azafatas-ferias-barcelona\\\/#primaryimage\",\"url\":\"https:\\\/\\\/staffglobalgroup.com\\\/wp-content\\\/uploads\\\/Agencia-de-azafatas-y-azafatos-MADRID_boton-cuadrado.png\",\"contentUrl\":\"https:\\\/\\\/staffglobalgroup.com\\\/wp-content\\\/uploads\\\/Agencia-de-azafatas-y-azafatos-MADRID_boton-cuadrado.png\",\"width\":730,\"height\":730},{\"@type\":\"BreadcrumbList\",\"@id\":\"https:\\\/\\\/staffglobalgroup.com\\\/ca\\\/hospitality\\\/azafatas-ferias-barcelona\\\/#breadcrumb\",\"itemListElement\":[{\"@type\":\"ListItem\",\"position\":1,\"name\":\"Home\",\"item\":\"https:\\\/\\\/staffglobalgroup.com\\\/ca\\\/\"},{\"@type\":\"ListItem\",\"position\":2,\"name\":\"Hospitality\",\"item\":\"https:\\\/\\\/staffglobalgroup.com\\\/ca\\\/hospitality\\\/\"},{\"@type\":\"ListItem\",\"position\":3,\"name\":\"azafatas-ferias-barcelona\"}]},{\"@type\":\"WebSite\",\"@id\":\"https:\\\/\\\/staffglobalgroup.com\\\/ca\\\/#website\",\"url\":\"https:\\\/\\\/staffglobalgroup.com\\\/ca\\\/\",\"name\":\"Staff Global Group\",\"description\":\"Integral Outsourcing Services\",\"potentialAction\":[{\"@type\":\"SearchAction\",\"target\":{\"@type\":\"EntryPoint\",\"urlTemplate\":\"https:\\\/\\\/staffglobalgroup.com\\\/ca\\\/?s={search_term_string}\"},\"query-input\":{\"@type\":\"PropertyValueSpecification\",\"valueRequired\":true,\"valueName\":\"search_term_string\"}}],\"inLanguage\":\"ca\"}]}<\/script>\n<!-- \/ Yoast SEO plugin. -->","yoast_head_json":{"title":"Agencia de Azafatas y Azafatos en Barcelona para Eventos, Ferias y Congresos","description":"Maximizamos la eficiencia en el punto de venta con GPVs que coordinan, supervisan y optimizan la gesti\u00f3n. \u00a1Cont\u00e1ctanos para m\u00e1s informaci\u00f3n!","robots":{"index":"index","follow":"follow","max-snippet":"max-snippet:-1","max-image-preview":"max-image-preview:large","max-video-preview":"max-video-preview:-1"},"canonical":"https:\/\/staffglobalgroup.com\/ca\/hospitality\/azafatas-ferias-barcelona\/","og_locale":"ca_ES","og_type":"article","og_title":"Agencia de Azafatas y Azafatos en Barcelona para Eventos, Ferias y Congresos","og_description":"Maximizamos la eficiencia en el punto de venta con GPVs que coordinan, supervisan y optimizan la gesti\u00f3n. \u00a1Cont\u00e1ctanos para m\u00e1s informaci\u00f3n!","og_url":"https:\/\/staffglobalgroup.com\/ca\/hospitality\/azafatas-ferias-barcelona\/","og_site_name":"Staff Global Group","article_publisher":"https:\/\/www.facebook.com\/StaffGlobalGroup\/","article_modified_time":"2026-01-27T09:27:01+00:00","og_image":[{"width":730,"height":730,"url":"https:\/\/staffglobalgroup.com\/wp-content\/uploads\/Agencia-de-azafatas-y-azafatos-MADRID_boton-cuadrado.png","type":"image\/png"}],"twitter_card":"summary_large_image","twitter_misc":{"Temps estimat de lectura":"6 minuts"},"schema":{"@context":"https:\/\/schema.org","@graph":[{"@type":"WebPage","@id":"https:\/\/staffglobalgroup.com\/ca\/hospitality\/azafatas-ferias-barcelona\/","url":"https:\/\/staffglobalgroup.com\/ca\/hospitality\/azafatas-ferias-barcelona\/","name":"Agencia de Azafatas y Azafatos en Barcelona para Eventos, Ferias y Congresos","isPartOf":{"@id":"https:\/\/staffglobalgroup.com\/ca\/#website"},"primaryImageOfPage":{"@id":"https:\/\/staffglobalgroup.com\/ca\/hospitality\/azafatas-ferias-barcelona\/#primaryimage"},"image":{"@id":"https:\/\/staffglobalgroup.com\/ca\/hospitality\/azafatas-ferias-barcelona\/#primaryimage"},"thumbnailUrl":"https:\/\/staffglobalgroup.com\/wp-content\/uploads\/Agencia-de-azafatas-y-azafatos-MADRID_boton-cuadrado.png","datePublished":"2026-01-14T18:44:46+00:00","dateModified":"2026-01-27T09:27:01+00:00","description":"Maximizamos la eficiencia en el punto de venta con GPVs que coordinan, supervisan y optimizan la gesti\u00f3n. \u00a1Cont\u00e1ctanos para m\u00e1s informaci\u00f3n!","breadcrumb":{"@id":"https:\/\/staffglobalgroup.com\/ca\/hospitality\/azafatas-ferias-barcelona\/#breadcrumb"},"inLanguage":"ca","potentialAction":[{"@type":"ReadAction","target":["https:\/\/staffglobalgroup.com\/ca\/hospitality\/azafatas-ferias-barcelona\/"]}]},{"@type":"ImageObject","inLanguage":"ca","@id":"https:\/\/staffglobalgroup.com\/ca\/hospitality\/azafatas-ferias-barcelona\/#primaryimage","url":"https:\/\/staffglobalgroup.com\/wp-content\/uploads\/Agencia-de-azafatas-y-azafatos-MADRID_boton-cuadrado.png","contentUrl":"https:\/\/staffglobalgroup.com\/wp-content\/uploads\/Agencia-de-azafatas-y-azafatos-MADRID_boton-cuadrado.png","width":730,"height":730},{"@type":"BreadcrumbList","@id":"https:\/\/staffglobalgroup.com\/ca\/hospitality\/azafatas-ferias-barcelona\/#breadcrumb","itemListElement":[{"@type":"ListItem","position":1,"name":"Home","item":"https:\/\/staffglobalgroup.com\/ca\/"},{"@type":"ListItem","position":2,"name":"Hospitality","item":"https:\/\/staffglobalgroup.com\/ca\/hospitality\/"},{"@type":"ListItem","position":3,"name":"azafatas-ferias-barcelona"}]},{"@type":"WebSite","@id":"https:\/\/staffglobalgroup.com\/ca\/#website","url":"https:\/\/staffglobalgroup.com\/ca\/","name":"Staff Global Group","description":"Integral Outsourcing Services","potentialAction":[{"@type":"SearchAction","target":{"@type":"EntryPoint","urlTemplate":"https:\/\/staffglobalgroup.com\/ca\/?s={search_term_string}"},"query-input":{"@type":"PropertyValueSpecification","valueRequired":true,"valueName":"search_term_string"}}],"inLanguage":"ca"}]}},"_links":{"self":[{"href":"https:\/\/staffglobalgroup.com\/ca\/wp-json\/wp\/v2\/pages\/15682","targetHints":{"allow":["GET"]}}],"collection":[{"href":"https:\/\/staffglobalgroup.com\/ca\/wp-json\/wp\/v2\/pages"}],"about":[{"href":"https:\/\/staffglobalgroup.com\/ca\/wp-json\/wp\/v2\/types\/page"}],"author":[{"embeddable":true,"href":"https:\/\/staffglobalgroup.com\/ca\/wp-json\/wp\/v2\/users\/3"}],"replies":[{"embeddable":true,"href":"https:\/\/staffglobalgroup.com\/ca\/wp-json\/wp\/v2\/comments?post=15682"}],"version-history":[{"count":2,"href":"https:\/\/staffglobalgroup.com\/ca\/wp-json\/wp\/v2\/pages\/15682\/revisions"}],"predecessor-version":[{"id":16876,"href":"https:\/\/staffglobalgroup.com\/ca\/wp-json\/wp\/v2\/pages\/15682\/revisions\/16876"}],"up":[{"embeddable":true,"href":"https:\/\/staffglobalgroup.com\/ca\/wp-json\/wp\/v2\/pages\/4289"}],"wp:featuredmedia":[{"embeddable":true,"href":"https:\/\/staffglobalgroup.com\/ca\/wp-json\/wp\/v2\/media\/16405"}],"wp:attachment":[{"href":"https:\/\/staffglobalgroup.com\/ca\/wp-json\/wp\/v2\/media?parent=15682"}],"wp:term":[{"taxonomy":"nivel-de-servicio","embeddable":true,"href":"https:\/\/staffglobalgroup.com\/ca\/wp-json\/wp\/v2\/nivel-de-servicio?post=15682"}],"curies":[{"name":"wp","href":"https:\/\/api.w.org\/{rel}","templated":true}]}}